{"id":112500,"date":"2025-08-03T16:20:57","date_gmt":"2025-08-03T13:20:57","guid":{"rendered":"https:\/\/e-kalastus.ee\/toode\/silikoon-westin-shadteez-slim-12cm-1tk-crazy-firetiger\/"},"modified":"2026-04-16T16:42:15","modified_gmt":"2026-04-16T13:42:15","slug":"silikoon-westin-shadteez-slim-12cm-1tk-crazy-firetiger","status":"publish","type":"product","link":"https:\/\/e-kalastus.ee\/fi\/tuotteet\/westin-shadteez-slim-12cm-1kpl-crazy-firetiger-silikoniviehe\/","title":{"rendered":"Westin Shadteez Slim 12cm 1kpl #Crazy Firetiger"},"content":{"rendered":"<p><\/p>\n<p>T\u00e4m\u00e4 hoikkakehoinen viehe houkuttelee saalistajia viekoittelevalla v\u00e4p\u00e4tt\u00e4v\u00e4ll\u00e4 liikkeell\u00e4\u00e4n, joka toimii erinomaisesti eri vetonopeuksilla. Se on olemassa olevan vieheen pienempi sisar, mutta juuri pienempi koko antaa sille monipuolisuutta. N\u00e4lk\u00e4iset saalistajat nielev\u00e4t sen helposti, mik\u00e4 takaa varmemmat koukutukset.<\/p>\n<ul>\n<li>\n<p role=\"presentation\">Optimoitu joustavuus<br \/>\n\t&nbsp;<\/p>\n<\/li>\n<li>\n<p role=\"presentation\">Realistiset silm\u00e4t<br \/>\n\t&nbsp;<\/p>\n<\/li>\n<li>\n<p role=\"presentation\">Helposti animoitava pyrst\u00f6ev\u00e4n muoto<br \/>\n\t&nbsp;<\/p>\n<\/li>\n<li>\n<p role=\"presentation\">Hoikka kehyksellinen hyv\u00e4ll\u00e4 vatsan v\u00e4l\u00e4hdyksell\u00e4<br \/>\n\t&nbsp;<\/p>\n<\/li>\n<\/ul>\n<p>K\u00e4sinmaalattu yksityiskohtainen viimeistely<\/p>\n\n    <div class=\"xs_social_share_widget xs_share_url after_content \t\tmain_content  wslu-style-1 wslu-share-box-shaped wslu-fill-colored wslu-none wslu-share-horizontal wslu-theme-font-no wslu-main_content\">\n\n\t\t\n        <ul>\n\t\t\t        <\/ul>\n    <\/div>","protected":false},"excerpt":{"rendered":"<p>Pieni, mutta monipuolinen viehe realistisella ulkon\u00e4\u00f6ll\u00e4 ja v\u00e4p\u00e4tt\u00e4v\u00e4ll\u00e4 liikkeell\u00e4, joka houkuttelee saalistajat luotettavasti iskem\u00e4\u00e4n.<\/p>\n","protected":false},"featured_media":112498,"template":"","meta":{"_uag_custom_page_level_css":""},"product_brand":[763],"product_cat":[1420],"product_tag":[],"class_list":{"0":"post-112500","1":"product","2":"type-product","3":"status-publish","4":"has-post-thumbnail","6":"product_brand-westin","7":"product_cat-shadteez-slim","8":"pa_brand-westin","10":"first","11":"instock","12":"taxable","13":"shipping-taxable","14":"purchasable","15":"product-type-simple"},"uagb_featured_image_src":{"full":["https:\/\/e-kalastus.b-cdn.net\/wp-content\/uploads\/2025\/08\/image-41496.png",800,800,false],"thumbnail":["https:\/\/e-kalastus.b-cdn.net\/wp-content\/uploads\/2025\/08\/image-41496-150x150.png",150,150,true],"medium":["https:\/\/e-kalastus.b-cdn.net\/wp-content\/uploads\/2025\/08\/image-41496-300x300.png",300,300,true],"medium_large":["https:\/\/e-kalastus.b-cdn.net\/wp-content\/uploads\/2025\/08\/image-41496-768x768.png",768,768,true],"large":["https:\/\/e-kalastus.b-cdn.net\/wp-content\/uploads\/2025\/08\/image-41496.png",800,800,false],"1536x1536":["https:\/\/e-kalastus.b-cdn.net\/wp-content\/uploads\/2025\/08\/image-41496.png",800,800,false],"2048x2048":["https:\/\/e-kalastus.b-cdn.net\/wp-content\/uploads\/2025\/08\/image-41496.png",800,800,false],"woocommerce_thumbnail":["https:\/\/e-kalastus.b-cdn.net\/wp-content\/uploads\/2025\/08\/image-41496-768x768.png",324,324,true],"woocommerce_single":["https:\/\/e-kalastus.b-cdn.net\/wp-content\/uploads\/2025\/08\/image-41496.png",416,416,false],"woocommerce_gallery_thumbnail":["https:\/\/e-kalastus.b-cdn.net\/wp-content\/uploads\/2025\/08\/image-41496-100x100.png",100,100,true]},"uagb_author_info":{"display_name":"Roman Jakovlev","author_link":"https:\/\/e-kalastus.ee\/fi\/author\/"},"uagb_comment_info":0,"uagb_excerpt":"Pieni, mutta monipuolinen viehe realistisella ulkon\u00e4\u00f6ll\u00e4 ja v\u00e4p\u00e4tt\u00e4v\u00e4ll\u00e4 liikkeell\u00e4, joka houkuttelee saalistajat luotettavasti iskem\u00e4\u00e4n.","_links":{"self":[{"href":"https:\/\/e-kalastus.ee\/fi\/wp-json\/wp\/v2\/product\/112500","targetHints":{"allow":["GET"]}}],"collection":[{"href":"https:\/\/e-kalastus.ee\/fi\/wp-json\/wp\/v2\/product"}],"about":[{"href":"https:\/\/e-kalastus.ee\/fi\/wp-json\/wp\/v2\/types\/product"}],"wp:featuredmedia":[{"embeddable":true,"href":"https:\/\/e-kalastus.ee\/fi\/wp-json\/wp\/v2\/media\/112498"}],"wp:attachment":[{"href":"https:\/\/e-kalastus.ee\/fi\/wp-json\/wp\/v2\/media?parent=112500"}],"wp:term":[{"taxonomy":"product_brand","embeddable":true,"href":"https:\/\/e-kalastus.ee\/fi\/wp-json\/wp\/v2\/product_brand?post=112500"},{"taxonomy":"product_cat","embeddable":true,"href":"https:\/\/e-kalastus.ee\/fi\/wp-json\/wp\/v2\/product_cat?post=112500"},{"taxonomy":"product_tag","embeddable":true,"href":"https:\/\/e-kalastus.ee\/fi\/wp-json\/wp\/v2\/product_tag?post=112500"}],"curies":[{"name":"wp","href":"https:\/\/api.w.org\/{rel}","templated":true}]}}