{"id":112473,"date":"2025-08-03T16:20:44","date_gmt":"2025-08-03T13:20:44","guid":{"rendered":"https:\/\/e-kalastus.ee\/toode\/silikoon-narval-choppy-tail-10cm-5tk-053-phantom\/"},"modified":"2026-03-30T15:50:21","modified_gmt":"2026-03-30T12:50:21","slug":"silikoon-narval-choppy-tail-10cm-5tk-053-phantom","status":"publish","type":"product","link":"https:\/\/e-kalastus.ee\/fi\/tuotteet\/silikoniviehe-narval-choppy-tail-10cm-5kpl-053-phantom\/","title":{"rendered":"Narval Choppy Tail 10cm 5kpl #053 Phantom"},"content":{"rendered":"<p><\/p>\n<p><strong>&#8221;Levoton pyrst\u00f6&#8221; eli Choppy Tail<\/strong> \u2013 nimi, joka luonnehtii t\u00e4m\u00e4n vieheen dynaamista peli\u00e4. Suhteettoman raskas pyrst\u00f6lehti ohuen rungon rinnalla heiluu kauniisti ja k\u00e4\u00e4ntyy ensin toiselle, sitten toiselle kyljelle yl\u00f6sp\u00e4in. Syntyv\u00e4t voimakkaat v\u00e4r\u00e4htelyt kulkevat kauas veden yli. Peli pysyy vakaana sek\u00e4 virtauksen l\u00e4sn\u00e4 ollessa ett\u00e4 sen puuttuessa.<\/p>\n<p>T\u00e4ss\u00e4 esitell\u00e4\u00e4n malli <strong>Narval Choppy Tail 100<\/strong>. Sen pituus on 10 cm ja paino 5,9 g. V\u00e4rin\u00e4pyrst\u00f6 alkaa toimia v\u00e4litt\u00f6m\u00e4sti veden osuessa. Saaliin \u2013 kuten hauen, ahvenen tai kuha \u2013 nopeaan l\u00f6yt\u00e4miseen kehitt\u00e4j\u00e4t suosittelevat k\u00e4ytt\u00e4m\u00e4\u00e4n nivelletty\u00e4 kytkent\u00e4\u00e4 ja porrastettua animaatiota. Suuret painot ja nosto-pudotustekniikka auttavat kalastamaan syvempi\u00e4 paikkoja.<\/p>\n<p>P\u00e4\u00e4asialliset &#8221;ty\u00f6moduulit&#8221;: jigikoukku, t\u0161ebura\u0161ka ja offset-koukku.<\/p>\n<p><\/p>\n\n    <div class=\"xs_social_share_widget xs_share_url after_content \t\tmain_content  wslu-style-1 wslu-share-box-shaped wslu-fill-colored wslu-none wslu-share-horizontal wslu-theme-font-no wslu-main_content\">\n\n\t\t\n        <ul>\n\t\t\t        <\/ul>\n    <\/div>","protected":false},"excerpt":{"rendered":"<p>Narval Choppy Tail 100 on 10 cm ja 5,9 g v\u00e4rin\u00e4pyrst\u00f6viehe, jonka dynaaminen peli ja voimakkaat v\u00e4r\u00e4htelyt houkuttelevat haukea, ahventa ja kuhaa, ja toimii hyvin sek\u00e4 virtauksessa ett\u00e4 seisovassa vedess\u00e4.<\/p>\n","protected":false},"featured_media":125463,"template":"","meta":{"_uag_custom_page_level_css":""},"product_brand":[1153],"product_cat":[1366],"product_tag":[],"class_list":{"0":"post-112473","1":"product","2":"type-product","3":"status-publish","4":"has-post-thumbnail","6":"product_brand-narval","7":"product_cat-choppy-tail","8":"pa_brand-narval","10":"first","11":"instock","12":"taxable","13":"shipping-taxable","14":"purchasable","15":"product-type-simple"},"uagb_featured_image_src":{"full":["https:\/\/e-kalastus.b-cdn.net\/wp-content\/uploads\/2025\/09\/image-42585-1.png",644,640,false],"thumbnail":["https:\/\/e-kalastus.b-cdn.net\/wp-content\/uploads\/2025\/09\/image-42585-1-150x150.png",150,150,true],"medium":["https:\/\/e-kalastus.b-cdn.net\/wp-content\/uploads\/2025\/09\/image-42585-1-300x298.png",300,298,true],"medium_large":["https:\/\/e-kalastus.b-cdn.net\/wp-content\/uploads\/2025\/09\/image-42585-1.png",644,640,false],"large":["https:\/\/e-kalastus.b-cdn.net\/wp-content\/uploads\/2025\/09\/image-42585-1.png",644,640,false],"1536x1536":["https:\/\/e-kalastus.b-cdn.net\/wp-content\/uploads\/2025\/09\/image-42585-1.png",644,640,false],"2048x2048":["https:\/\/e-kalastus.b-cdn.net\/wp-content\/uploads\/2025\/09\/image-42585-1.png",644,640,false],"woocommerce_thumbnail":["https:\/\/e-kalastus.b-cdn.net\/wp-content\/uploads\/2025\/09\/image-42585-1-324x324.png",324,324,true],"woocommerce_single":["https:\/\/e-kalastus.b-cdn.net\/wp-content\/uploads\/2025\/09\/image-42585-1.png",416,413,false],"woocommerce_gallery_thumbnail":["https:\/\/e-kalastus.b-cdn.net\/wp-content\/uploads\/2025\/09\/image-42585-1-100x100.png",100,100,true]},"uagb_author_info":{"display_name":"Roman Jakovlev","author_link":"https:\/\/e-kalastus.ee\/fi\/author\/"},"uagb_comment_info":0,"uagb_excerpt":"Narval Choppy Tail 100 on 10 cm ja 5,9 g v\u00e4rin\u00e4pyrst\u00f6viehe, jonka dynaaminen peli ja voimakkaat v\u00e4r\u00e4htelyt houkuttelevat haukea, ahventa ja kuhaa, ja toimii hyvin sek\u00e4 virtauksessa ett\u00e4 seisovassa vedess\u00e4.","_links":{"self":[{"href":"https:\/\/e-kalastus.ee\/fi\/wp-json\/wp\/v2\/product\/112473","targetHints":{"allow":["GET"]}}],"collection":[{"href":"https:\/\/e-kalastus.ee\/fi\/wp-json\/wp\/v2\/product"}],"about":[{"href":"https:\/\/e-kalastus.ee\/fi\/wp-json\/wp\/v2\/types\/product"}],"wp:featuredmedia":[{"embeddable":true,"href":"https:\/\/e-kalastus.ee\/fi\/wp-json\/wp\/v2\/media\/125463"}],"wp:attachment":[{"href":"https:\/\/e-kalastus.ee\/fi\/wp-json\/wp\/v2\/media?parent=112473"}],"wp:term":[{"taxonomy":"product_brand","embeddable":true,"href":"https:\/\/e-kalastus.ee\/fi\/wp-json\/wp\/v2\/product_brand?post=112473"},{"taxonomy":"product_cat","embeddable":true,"href":"https:\/\/e-kalastus.ee\/fi\/wp-json\/wp\/v2\/product_cat?post=112473"},{"taxonomy":"product_tag","embeddable":true,"href":"https:\/\/e-kalastus.ee\/fi\/wp-json\/wp\/v2\/product_tag?post=112473"}],"curies":[{"name":"wp","href":"https:\/\/api.w.org\/{rel}","templated":true}]}}