{"id":112414,"date":"2025-08-03T16:20:13","date_gmt":"2025-08-03T13:20:13","guid":{"rendered":"https:\/\/e-kalastus.ee\/toode\/soodalisand-traper-mix-4-mais-oder-hiirehernes-sorgo-1kg\/"},"modified":"2026-03-30T15:52:50","modified_gmt":"2026-03-30T12:52:50","slug":"soodalisand-traper-mix-4-mais-oder-hiirehernes-sorgo-1kg","status":"publish","type":"product","link":"https:\/\/e-kalastus.ee\/toode\/soodalisand-traper-mix-4-mais-oder-hiirehernes-sorgo-1kg\/","title":{"rendered":"S\u00f6\u00f6dalisand TRAPER MIX 4 (mais, oder, hiirehernes, sorgo) 1kg"},"content":{"rendered":"\n    <div class=\"xs_social_share_widget xs_share_url after_content \t\tmain_content  wslu-style-1 wslu-share-box-shaped wslu-fill-colored wslu-none wslu-share-horizontal wslu-theme-font-no wslu-main_content\">\n\n\t\t\n        <ul>\n\t\t\t        <\/ul>\n    <\/div> \n","protected":false},"excerpt":{"rendered":"<p>S\u00f6\u00f6dalisand Traper Expert Boiled Groundbait Seeds &#8211; valitud ja k\u00f5rgeima kvaliteediga keedetud s\u00f6\u00f6daseemned.<\/p>\n<p>Suurep\u00e4rane valik kasutamiseks s\u00f6\u00f6dalisandina kui konksul<\/p>\n","protected":false},"featured_media":112413,"template":"","meta":{"_uag_custom_page_level_css":""},"product_brand":[1522],"product_cat":[1186],"product_tag":[],"class_list":{"0":"post-112414","1":"product","2":"type-product","3":"status-publish","4":"has-post-thumbnail","6":"product_brand-traper","7":"product_cat-soodad","8":"pa_brand-traper","10":"first","11":"instock","12":"sale","13":"taxable","14":"shipping-taxable","15":"purchasable","16":"product-type-simple"},"uagb_featured_image_src":{"full":["https:\/\/e-kalastus.b-cdn.net\/wp-content\/uploads\/2025\/08\/image-41751.png",457,512,false],"thumbnail":["https:\/\/e-kalastus.b-cdn.net\/wp-content\/uploads\/2025\/08\/image-41751-150x150.png",150,150,true],"medium":["https:\/\/e-kalastus.b-cdn.net\/wp-content\/uploads\/2025\/08\/image-41751-268x300.png",268,300,true],"medium_large":["https:\/\/e-kalastus.b-cdn.net\/wp-content\/uploads\/2025\/08\/image-41751.png",457,512,false],"large":["https:\/\/e-kalastus.b-cdn.net\/wp-content\/uploads\/2025\/08\/image-41751.png",457,512,false],"1536x1536":["https:\/\/e-kalastus.b-cdn.net\/wp-content\/uploads\/2025\/08\/image-41751.png",457,512,false],"2048x2048":["https:\/\/e-kalastus.b-cdn.net\/wp-content\/uploads\/2025\/08\/image-41751.png",457,512,false],"woocommerce_thumbnail":["https:\/\/e-kalastus.b-cdn.net\/wp-content\/uploads\/2025\/08\/image-41751-324x324.png",324,324,true],"woocommerce_single":["https:\/\/e-kalastus.b-cdn.net\/wp-content\/uploads\/2025\/08\/image-41751.png",416,466,false],"woocommerce_gallery_thumbnail":["https:\/\/e-kalastus.b-cdn.net\/wp-content\/uploads\/2025\/08\/image-41751-100x100.png",100,100,true]},"uagb_author_info":{"display_name":"Roman Jakovlev","author_link":"https:\/\/e-kalastus.ee\/author\/"},"uagb_comment_info":0,"uagb_excerpt":"S\u00f6\u00f6dalisand Traper Expert Boiled Groundbait Seeds - valitud ja k\u00f5rgeima kvaliteediga keedetud s\u00f6\u00f6daseemned. Suurep\u00e4rane valik kasutamiseks s\u00f6\u00f6dalisandina kui konksul","_links":{"self":[{"href":"https:\/\/e-kalastus.ee\/wp-json\/wp\/v2\/product\/112414","targetHints":{"allow":["GET"]}}],"collection":[{"href":"https:\/\/e-kalastus.ee\/wp-json\/wp\/v2\/product"}],"about":[{"href":"https:\/\/e-kalastus.ee\/wp-json\/wp\/v2\/types\/product"}],"wp:featuredmedia":[{"embeddable":true,"href":"https:\/\/e-kalastus.ee\/wp-json\/wp\/v2\/media\/112413"}],"wp:attachment":[{"href":"https:\/\/e-kalastus.ee\/wp-json\/wp\/v2\/media?parent=112414"}],"wp:term":[{"taxonomy":"product_brand","embeddable":true,"href":"https:\/\/e-kalastus.ee\/wp-json\/wp\/v2\/product_brand?post=112414"},{"taxonomy":"product_cat","embeddable":true,"href":"https:\/\/e-kalastus.ee\/wp-json\/wp\/v2\/product_cat?post=112414"},{"taxonomy":"product_tag","embeddable":true,"href":"https:\/\/e-kalastus.ee\/wp-json\/wp\/v2\/product_tag?post=112414"}],"curies":[{"name":"wp","href":"https:\/\/api.w.org\/{rel}","templated":true}]}}