{"id":112359,"date":"2025-08-03T16:19:45","date_gmt":"2025-08-03T13:19:45","guid":{"rendered":"https:\/\/e-kalastus.ee\/toode\/silikoon-narval-maxlug-mini-13cm-4tk-003-grape-violet\/"},"modified":"2026-03-30T15:49:36","modified_gmt":"2026-03-30T12:49:36","slug":"silikoon-narval-maxlug-mini-13cm-4tk-003-grape-violet","status":"publish","type":"product","link":"https:\/\/e-kalastus.ee\/toode\/silikoon-narval-maxlug-mini-13cm-4tk-003-grape-violet\/","title":{"rendered":"Narval Maxlug Mini 13cm 4tk #003 Grape Violet"},"content":{"rendered":"<p><\/p>\n<p dir=\"ltr\" style=\"line-height:1.38;margin-top:12pt;margin-bottom:12pt\"><span id=\"docs-internal-guid-1a6fc27e-7fff-aef4-7faf-9f2370bdfc31\"><span style=\"font-size: 11pt;font-family: Arial, sans-serif;background-color: transparent;vertical-align: baseline\">Narval Maxlug on silikoonlant, millel on \u201celav\u201d kahar saba, mis liigub passiivselt, kui ridva otsa kergelt v\u00e4ristada. See lant sobib ideaalselt haugi p\u00fc\u00fcgiks.<\/span><\/span><\/p>\n<p><span id=\"docs-internal-guid-1a6fc27e-7fff-aef4-7faf-9f2370bdfc31\"><span style=\"font-size: 11pt;font-family: Arial, sans-serif;background-color: transparent;vertical-align: baseline\">Pakendis: 4 tk<\/span><br \/>\n<span style=\"font-size: 11pt;font-family: Arial, sans-serif;background-color: transparent;vertical-align: baseline\">Landi kaal: 9 g<\/span><br \/>\n<span style=\"font-size: 11pt;font-family: Arial, sans-serif;background-color: transparent;vertical-align: baseline\">Landi pikkus: 13 cm<\/span><\/span><\/p>\n\n    <div class=\"xs_social_share_widget xs_share_url after_content \t\tmain_content  wslu-style-1 wslu-share-box-shaped wslu-fill-colored wslu-none wslu-share-horizontal wslu-theme-font-no wslu-main_content\">\n\n\t\t\n        <ul>\n\t\t\t        <\/ul>\n    <\/div>","protected":false},"excerpt":{"rendered":"<p>Narval Maxlug on 13 cm ja 9 g kaaluv silikoonlant haugip\u00fc\u00fcgiks, mille erip\u00e4raks on elavalt liikuv kahar saba.<\/p>\n","protected":false},"featured_media":112358,"template":"","meta":{"_uag_custom_page_level_css":""},"product_brand":[1153],"product_cat":[1370],"product_tag":[],"class_list":{"0":"post-112359","1":"product","2":"type-product","3":"status-publish","4":"has-post-thumbnail","6":"product_brand-narval","7":"product_cat-maxlug","8":"pa_brand-narval","10":"first","11":"instock","12":"taxable","13":"shipping-taxable","14":"purchasable","15":"product-type-simple"},"uagb_featured_image_src":{"full":["https:\/\/e-kalastus.b-cdn.net\/wp-content\/uploads\/2025\/08\/image-40683.png",628,622,false],"thumbnail":["https:\/\/e-kalastus.b-cdn.net\/wp-content\/uploads\/2025\/08\/image-40683-150x150.png",150,150,true],"medium":["https:\/\/e-kalastus.b-cdn.net\/wp-content\/uploads\/2025\/08\/image-40683-300x297.png",300,297,true],"medium_large":["https:\/\/e-kalastus.b-cdn.net\/wp-content\/uploads\/2025\/08\/image-40683.png",628,622,false],"large":["https:\/\/e-kalastus.b-cdn.net\/wp-content\/uploads\/2025\/08\/image-40683.png",628,622,false],"1536x1536":["https:\/\/e-kalastus.b-cdn.net\/wp-content\/uploads\/2025\/08\/image-40683.png",628,622,false],"2048x2048":["https:\/\/e-kalastus.b-cdn.net\/wp-content\/uploads\/2025\/08\/image-40683.png",628,622,false],"woocommerce_thumbnail":["https:\/\/e-kalastus.b-cdn.net\/wp-content\/uploads\/2025\/08\/image-40683-324x324.png",324,324,true],"woocommerce_single":["https:\/\/e-kalastus.b-cdn.net\/wp-content\/uploads\/2025\/08\/image-40683.png",416,412,false],"woocommerce_gallery_thumbnail":["https:\/\/e-kalastus.b-cdn.net\/wp-content\/uploads\/2025\/08\/image-40683-100x100.png",100,100,true]},"uagb_author_info":{"display_name":"Roman Jakovlev","author_link":"https:\/\/e-kalastus.ee\/author\/"},"uagb_comment_info":0,"uagb_excerpt":"Narval Maxlug on 13 cm ja 9 g kaaluv silikoonlant haugip\u00fc\u00fcgiks, mille erip\u00e4raks on elavalt liikuv kahar saba.","_links":{"self":[{"href":"https:\/\/e-kalastus.ee\/wp-json\/wp\/v2\/product\/112359","targetHints":{"allow":["GET"]}}],"collection":[{"href":"https:\/\/e-kalastus.ee\/wp-json\/wp\/v2\/product"}],"about":[{"href":"https:\/\/e-kalastus.ee\/wp-json\/wp\/v2\/types\/product"}],"wp:featuredmedia":[{"embeddable":true,"href":"https:\/\/e-kalastus.ee\/wp-json\/wp\/v2\/media\/112358"}],"wp:attachment":[{"href":"https:\/\/e-kalastus.ee\/wp-json\/wp\/v2\/media?parent=112359"}],"wp:term":[{"taxonomy":"product_brand","embeddable":true,"href":"https:\/\/e-kalastus.ee\/wp-json\/wp\/v2\/product_brand?post=112359"},{"taxonomy":"product_cat","embeddable":true,"href":"https:\/\/e-kalastus.ee\/wp-json\/wp\/v2\/product_cat?post=112359"},{"taxonomy":"product_tag","embeddable":true,"href":"https:\/\/e-kalastus.ee\/wp-json\/wp\/v2\/product_tag?post=112359"}],"curies":[{"name":"wp","href":"https:\/\/api.w.org\/{rel}","templated":true}]}}