{"id":112332,"date":"2025-08-03T16:19:32","date_gmt":"2025-08-03T13:19:32","guid":{"rendered":"https:\/\/e-kalastus.ee\/toode\/peibutussoot-traper-karp-magus-mais-5kg-00293\/"},"modified":"2026-03-30T15:40:49","modified_gmt":"2026-03-30T12:40:49","slug":"peibutussoot-traper-karp-magus-mais-5kg-00293","status":"publish","type":"product","link":"https:\/\/e-kalastus.ee\/toode\/peibutussoot-traper-karp-magus-mais-5kg-00293\/","title":{"rendered":"Peibutuss\u00f6\u00f6t Traper Karp Magus mais 5kg 00293"},"content":{"rendered":"\n    <div class=\"xs_social_share_widget xs_share_url after_content \t\tmain_content  wslu-style-1 wslu-share-box-shaped wslu-fill-colored wslu-none wslu-share-horizontal wslu-theme-font-no wslu-main_content\">\n\n\t\t\n        <ul>\n\t\t\t        <\/ul>\n    <\/div> \n","protected":false},"excerpt":{"rendered":"<p>Traper Karpiowate Series 5kg on p\u00f5hiline s\u00f6\u00f6damix, mis on loodud pikemateks kalap\u00fc\u00fcgiseanssideks. Segu koostis sobib ideaalselt algseks etteandmiseks, et luua kindel alus kalamehe s\u00f6\u00f6damisele. S\u00f6\u00f6da aluseks on v\u00e4ga toitvad koostisosad, mis on efektiivsed erinevates p\u00fc\u00fcgitingimustes, eriti karpkalaliste \u2013 n\u00e4iteks karp, linask ja latikas \u2013 p\u00fc\u00fcdmisel.<\/p>\n<p>See s\u00f6\u00f6damix sobib neile kalameestele, kes soovivad aega s\u00e4\u00e4sta ja kasutada usaldusv\u00e4\u00e4rset s\u00f6\u00f6ta ilma liigsete katsetusteta. Antud versiooni maasika aroom on t\u00f5hus enamikus veekogudes.<\/p>\n","protected":false},"featured_media":112331,"template":"","meta":{"_uag_custom_page_level_css":""},"product_brand":[1522],"product_cat":[1186],"product_tag":[],"class_list":{"0":"post-112332","1":"product","2":"type-product","3":"status-publish","4":"has-post-thumbnail","6":"product_brand-traper","7":"product_cat-soodad","8":"pa_brand-traper","10":"first","11":"instock","12":"sale","13":"taxable","14":"shipping-taxable","15":"purchasable","16":"product-type-simple"},"uagb_featured_image_src":{"full":["https:\/\/e-kalastus.b-cdn.net\/wp-content\/uploads\/2025\/08\/image-41556.png",512,512,false],"thumbnail":["https:\/\/e-kalastus.b-cdn.net\/wp-content\/uploads\/2025\/08\/image-41556-150x150.png",150,150,true],"medium":["https:\/\/e-kalastus.b-cdn.net\/wp-content\/uploads\/2025\/08\/image-41556-300x300.png",300,300,true],"medium_large":["https:\/\/e-kalastus.b-cdn.net\/wp-content\/uploads\/2025\/08\/image-41556.png",512,512,false],"large":["https:\/\/e-kalastus.b-cdn.net\/wp-content\/uploads\/2025\/08\/image-41556.png",512,512,false],"1536x1536":["https:\/\/e-kalastus.b-cdn.net\/wp-content\/uploads\/2025\/08\/image-41556.png",512,512,false],"2048x2048":["https:\/\/e-kalastus.b-cdn.net\/wp-content\/uploads\/2025\/08\/image-41556.png",512,512,false],"woocommerce_thumbnail":["https:\/\/e-kalastus.b-cdn.net\/wp-content\/uploads\/2025\/08\/image-41556.png",324,324,false],"woocommerce_single":["https:\/\/e-kalastus.b-cdn.net\/wp-content\/uploads\/2025\/08\/image-41556.png",416,416,false],"woocommerce_gallery_thumbnail":["https:\/\/e-kalastus.b-cdn.net\/wp-content\/uploads\/2025\/08\/image-41556-100x100.png",100,100,true]},"uagb_author_info":{"display_name":"Roman Jakovlev","author_link":"https:\/\/e-kalastus.ee\/author\/"},"uagb_comment_info":0,"uagb_excerpt":"Traper Karpiowate Series 5kg on p\u00f5hiline s\u00f6\u00f6damix, mis on loodud pikemateks kalap\u00fc\u00fcgiseanssideks. Segu koostis sobib ideaalselt algseks etteandmiseks, et luua kindel alus kalamehe s\u00f6\u00f6damisele. S\u00f6\u00f6da aluseks on v\u00e4ga toitvad koostisosad, mis on efektiivsed erinevates p\u00fc\u00fcgitingimustes, eriti karpkalaliste \u2013 n\u00e4iteks karp, linask ja latikas \u2013 p\u00fc\u00fcdmisel. See s\u00f6\u00f6damix sobib neile kalameestele, kes soovivad aega s\u00e4\u00e4sta ja&hellip;","_links":{"self":[{"href":"https:\/\/e-kalastus.ee\/wp-json\/wp\/v2\/product\/112332","targetHints":{"allow":["GET"]}}],"collection":[{"href":"https:\/\/e-kalastus.ee\/wp-json\/wp\/v2\/product"}],"about":[{"href":"https:\/\/e-kalastus.ee\/wp-json\/wp\/v2\/types\/product"}],"wp:featuredmedia":[{"embeddable":true,"href":"https:\/\/e-kalastus.ee\/wp-json\/wp\/v2\/media\/112331"}],"wp:attachment":[{"href":"https:\/\/e-kalastus.ee\/wp-json\/wp\/v2\/media?parent=112332"}],"wp:term":[{"taxonomy":"product_brand","embeddable":true,"href":"https:\/\/e-kalastus.ee\/wp-json\/wp\/v2\/product_brand?post=112332"},{"taxonomy":"product_cat","embeddable":true,"href":"https:\/\/e-kalastus.ee\/wp-json\/wp\/v2\/product_cat?post=112332"},{"taxonomy":"product_tag","embeddable":true,"href":"https:\/\/e-kalastus.ee\/wp-json\/wp\/v2\/product_tag?post=112332"}],"curies":[{"name":"wp","href":"https:\/\/api.w.org\/{rel}","templated":true}]}}