{"id":8438,"date":"2023-08-23T12:27:05","date_gmt":"2023-08-23T09:27:05","guid":{"rendered":"https:\/\/e-kalastus.ee\/toode\/noor-daiwa-j-braid-grand-x8-022mm-135m-195kg-chartr\/"},"modified":"2026-04-30T15:36:19","modified_gmt":"2026-04-30T12:36:19","slug":"noor-daiwa-j-braid-grand-x8-022mm-135m-195kg-chartr","status":"publish","type":"product","link":"https:\/\/e-kalastus.ee\/toode\/noor-daiwa-j-braid-grand-x8-022mm-135m-195kg-chartr\/","title":{"rendered":"Daiwa J-Braid x8 PE #2,5 0,22mm 17,0kg 150m #Chartreuse"},"content":{"rendered":"<p><b style=\"font-size: 13px\">J-Braid x8 n\u00f6\u00f6r<\/b><span style=\"font-size: 13px\">&nbsp;on terviklik valik kvaliteetsest 8-kiulisest punutud n\u00f6\u00f6rist, mis on valmistatud Jaapani parimatest materjalidest. 8 tihedalt kootud kiud moodustavad ideaalselt \u00fcmara profiili. Tulemuseks on palju tugevam, pehmem ja sujuvam n\u00f6\u00f6r, mis on tundlikum ja v\u00f5imaldab kaugemat viset. J-Braid on \u00fcks parima kvaliteediga ja hinna ja kvaliteedi suhtega n\u00f6\u00f6re turul.<\/span><\/p>\n\n    <div class=\"xs_social_share_widget xs_share_url after_content \t\tmain_content  wslu-style-1 wslu-share-box-shaped wslu-fill-colored wslu-none wslu-share-horizontal wslu-theme-font-no wslu-main_content\">\n\n\t\t\n        <ul>\n\t\t\t        <\/ul>\n    <\/div>","protected":false},"excerpt":{"rendered":"<p>J-Braid x8 n\u00f6\u00f6r on terviklik valik kvaliteetsest 8-kiulisest punutud n\u00f6\u00f6rist, mis on valmistatud Jaapani parimatest materjalidest.<\/p>\n","protected":false},"featured_media":69989,"template":"","meta":{"_uag_custom_page_level_css":""},"product_brand":[1557],"product_cat":[1158],"product_tag":[],"class_list":{"0":"post-8438","1":"product","2":"type-product","3":"status-publish","4":"has-post-thumbnail","6":"product_brand-daiwa","7":"product_cat-noorid","8":"pa_brand-daiwa","9":"pa_labimoot-0-21-0-25mm","11":"first","12":"instock","13":"taxable","14":"shipping-taxable","15":"purchasable","16":"product-type-simple"},"uagb_featured_image_src":{"full":["https:\/\/e-kalastus.b-cdn.net\/wp-content\/uploads\/2024\/07\/DAIWA-J-BRAID-GRAND-CHARTREUSE-1.jpg",1000,1000,false],"thumbnail":["https:\/\/e-kalastus.b-cdn.net\/wp-content\/uploads\/2024\/07\/DAIWA-J-BRAID-GRAND-CHARTREUSE-1-150x150.jpg",150,150,true],"medium":["https:\/\/e-kalastus.b-cdn.net\/wp-content\/uploads\/2024\/07\/DAIWA-J-BRAID-GRAND-CHARTREUSE-1-300x300.jpg",300,300,true],"medium_large":["https:\/\/e-kalastus.b-cdn.net\/wp-content\/uploads\/2024\/07\/DAIWA-J-BRAID-GRAND-CHARTREUSE-1-768x768.jpg",768,768,true],"large":["https:\/\/e-kalastus.b-cdn.net\/wp-content\/uploads\/2024\/07\/DAIWA-J-BRAID-GRAND-CHARTREUSE-1-800x800.jpg",800,800,true],"1536x1536":["https:\/\/e-kalastus.b-cdn.net\/wp-content\/uploads\/2024\/07\/DAIWA-J-BRAID-GRAND-CHARTREUSE-1.jpg",1000,1000,false],"2048x2048":["https:\/\/e-kalastus.b-cdn.net\/wp-content\/uploads\/2024\/07\/DAIWA-J-BRAID-GRAND-CHARTREUSE-1.jpg",1000,1000,false],"woocommerce_thumbnail":["https:\/\/e-kalastus.b-cdn.net\/wp-content\/uploads\/2024\/07\/DAIWA-J-BRAID-GRAND-CHARTREUSE-1-768x768.jpg",324,324,true],"woocommerce_single":["https:\/\/e-kalastus.b-cdn.net\/wp-content\/uploads\/2024\/07\/DAIWA-J-BRAID-GRAND-CHARTREUSE-1-768x768.jpg",416,416,true],"woocommerce_gallery_thumbnail":["https:\/\/e-kalastus.b-cdn.net\/wp-content\/uploads\/2024\/07\/DAIWA-J-BRAID-GRAND-CHARTREUSE-1-100x100.jpg",100,100,true]},"uagb_author_info":{"display_name":"adam.mrozek","author_link":"https:\/\/e-kalastus.ee\/author\/"},"uagb_comment_info":0,"uagb_excerpt":"J-Braid x8 n\u00f6\u00f6r on terviklik valik kvaliteetsest 8-kiulisest punutud n\u00f6\u00f6rist, mis on valmistatud Jaapani parimatest materjalidest.","_links":{"self":[{"href":"https:\/\/e-kalastus.ee\/wp-json\/wp\/v2\/product\/8438","targetHints":{"allow":["GET"]}}],"collection":[{"href":"https:\/\/e-kalastus.ee\/wp-json\/wp\/v2\/product"}],"about":[{"href":"https:\/\/e-kalastus.ee\/wp-json\/wp\/v2\/types\/product"}],"wp:featuredmedia":[{"embeddable":true,"href":"https:\/\/e-kalastus.ee\/wp-json\/wp\/v2\/media\/69989"}],"wp:attachment":[{"href":"https:\/\/e-kalastus.ee\/wp-json\/wp\/v2\/media?parent=8438"}],"wp:term":[{"taxonomy":"product_brand","embeddable":true,"href":"https:\/\/e-kalastus.ee\/wp-json\/wp\/v2\/product_brand?post=8438"},{"taxonomy":"product_cat","embeddable":true,"href":"https:\/\/e-kalastus.ee\/wp-json\/wp\/v2\/product_cat?post=8438"},{"taxonomy":"product_tag","embeddable":true,"href":"https:\/\/e-kalastus.ee\/wp-json\/wp\/v2\/product_tag?post=8438"}],"curies":[{"name":"wp","href":"https:\/\/api.w.org\/{rel}","templated":true}]}}