{"id":8436,"date":"2023-08-23T12:27:03","date_gmt":"2023-08-23T09:27:03","guid":{"rendered":"https:\/\/e-kalastus.ee\/toode\/noor-daiwa-j-braid-x4-010mm-135m-38kg-d-green\/"},"modified":"2026-04-14T15:52:36","modified_gmt":"2026-04-14T12:52:36","slug":"noor-daiwa-j-braid-x4-010mm-135m-38kg-d-green","status":"publish","type":"product","link":"https:\/\/e-kalastus.ee\/toode\/noor-daiwa-j-braid-x4-010mm-135m-38kg-d-green\/","title":{"rendered":"Daiwa J-Braid x4 0,10mm 3,8kg 135m Dark Green"},"content":{"rendered":"<p><span style=\"font-size: 13px\">Lisatud on J-Braid x4 \u2013 4-tolline n\u00f6\u00f6r. J-BRAID x4 on ideaalne kulumiskindluse ja s\u00f5lmede sidumise ning n\u00f6\u00f6ri haldamise h\u00f5lpsa kasutamise poolest. 4-tolline n\u00f6\u00f6r on veidi \u00f5hema l\u00e4bim\u00f5\u00f5duga, mis sobib suurep\u00e4raselt rullile lisan\u00f6\u00f6ri lisamiseks vajadusel. x4 on valmistatud Jaapanist p\u00e4rit k\u00f5rgeima kvaliteediga Dyneema materjalist. Daiwa t\u00f5estatud k\u00f5rge tootmisstandard teeb J-Braidist \u00fche parima turul. J-BRAID x4 on saadaval fluorestseeruva kollase, tumerohelise ja saare sinise v\u00e4rviga. Uus J-BRAID x4 on saadaval pikkustes 6, 8, 10, 15, 20, 30, 40, 50, 65 ja 80 naela (150 jardi, 300 jardi) ning 3000 jardi pikkustes.<\/span><\/p>\n\n    <div class=\"xs_social_share_widget xs_share_url after_content \t\tmain_content  wslu-style-1 wslu-share-box-shaped wslu-fill-colored wslu-none wslu-share-horizontal wslu-theme-font-no wslu-main_content\">\n\n\t\t\n        <ul>\n\t\t\t        <\/ul>\n    <\/div>","protected":false},"excerpt":{"rendered":"<p>X4 on valmistatud Jaapanist p\u00e4rit k\u00f5rgeima kvaliteediga Dyneema materjalist.<\/p>\n","protected":false},"featured_media":67715,"template":"","meta":{"_uag_custom_page_level_css":""},"product_brand":[1557],"product_cat":[1158],"product_tag":[],"class_list":{"0":"post-8436","1":"product","2":"type-product","3":"status-publish","4":"has-post-thumbnail","6":"product_brand-daiwa","7":"product_cat-noorid","8":"pa_brand-daiwa","9":"pa_labimoot-0-04-0-10mm","11":"first","12":"instock","13":"taxable","14":"shipping-taxable","15":"purchasable","16":"product-type-simple"},"uagb_featured_image_src":{"full":["https:\/\/e-kalastus.b-cdn.net\/wp-content\/uploads\/2024\/07\/Daiwa-j-braid-x4-0-6-3-8kg-135m-dark-green-7.jpg",395,606,false],"thumbnail":["https:\/\/e-kalastus.b-cdn.net\/wp-content\/uploads\/2024\/07\/Daiwa-j-braid-x4-0-6-3-8kg-135m-dark-green-7-150x150.jpg",150,150,true],"medium":["https:\/\/e-kalastus.b-cdn.net\/wp-content\/uploads\/2024\/07\/Daiwa-j-braid-x4-0-6-3-8kg-135m-dark-green-7-300x300.jpg",300,300,true],"medium_large":["https:\/\/e-kalastus.b-cdn.net\/wp-content\/uploads\/2024\/07\/Daiwa-j-braid-x4-0-6-3-8kg-135m-dark-green-7-768x768.jpg",768,768,true],"large":["https:\/\/e-kalastus.b-cdn.net\/wp-content\/uploads\/2024\/07\/Daiwa-j-braid-x4-0-6-3-8kg-135m-dark-green-7-800x800.jpg",800,800,true],"1536x1536":["https:\/\/e-kalastus.b-cdn.net\/wp-content\/uploads\/2024\/07\/Daiwa-j-braid-x4-0-6-3-8kg-135m-dark-green-7.jpg",395,606,false],"2048x2048":["https:\/\/e-kalastus.b-cdn.net\/wp-content\/uploads\/2024\/07\/Daiwa-j-braid-x4-0-6-3-8kg-135m-dark-green-7.jpg",395,606,false],"woocommerce_thumbnail":["https:\/\/e-kalastus.b-cdn.net\/wp-content\/uploads\/2024\/07\/Daiwa-j-braid-x4-0-6-3-8kg-135m-dark-green-7-768x768.jpg",324,324,true],"woocommerce_single":["https:\/\/e-kalastus.b-cdn.net\/wp-content\/uploads\/2024\/07\/Daiwa-j-braid-x4-0-6-3-8kg-135m-dark-green-7.jpg",395,606,false],"woocommerce_gallery_thumbnail":["https:\/\/e-kalastus.b-cdn.net\/wp-content\/uploads\/2024\/07\/Daiwa-j-braid-x4-0-6-3-8kg-135m-dark-green-7-100x100.jpg",100,100,true]},"uagb_author_info":{"display_name":"adam.mrozek","author_link":"https:\/\/e-kalastus.ee\/author\/"},"uagb_comment_info":0,"uagb_excerpt":"X4 on valmistatud Jaapanist p\u00e4rit k\u00f5rgeima kvaliteediga Dyneema materjalist.","_links":{"self":[{"href":"https:\/\/e-kalastus.ee\/wp-json\/wp\/v2\/product\/8436","targetHints":{"allow":["GET"]}}],"collection":[{"href":"https:\/\/e-kalastus.ee\/wp-json\/wp\/v2\/product"}],"about":[{"href":"https:\/\/e-kalastus.ee\/wp-json\/wp\/v2\/types\/product"}],"wp:featuredmedia":[{"embeddable":true,"href":"https:\/\/e-kalastus.ee\/wp-json\/wp\/v2\/media\/67715"}],"wp:attachment":[{"href":"https:\/\/e-kalastus.ee\/wp-json\/wp\/v2\/media?parent=8436"}],"wp:term":[{"taxonomy":"product_brand","embeddable":true,"href":"https:\/\/e-kalastus.ee\/wp-json\/wp\/v2\/product_brand?post=8436"},{"taxonomy":"product_cat","embeddable":true,"href":"https:\/\/e-kalastus.ee\/wp-json\/wp\/v2\/product_cat?post=8436"},{"taxonomy":"product_tag","embeddable":true,"href":"https:\/\/e-kalastus.ee\/wp-json\/wp\/v2\/product_tag?post=8436"}],"curies":[{"name":"wp","href":"https:\/\/api.w.org\/{rel}","templated":true}]}}