{"id":822,"date":"2023-08-08T13:27:21","date_gmt":"2023-08-08T10:27:21","guid":{"rendered":"https:\/\/e-kalastus.ee\/toode\/noor-sunline-siglon-pe-adv-x8-06-013mm-150mm-multicolor\/"},"modified":"2026-04-16T15:24:36","modified_gmt":"2026-04-16T12:24:36","slug":"noor-sunline-siglon-pe-adv-x8-06-013mm-150mm-multicolor","status":"publish","type":"product","link":"https:\/\/e-kalastus.ee\/toode\/noor-sunline-siglon-pe-adv-x8-06-013mm-150mm-multicolor\/","title":{"rendered":"Sunline Siglon PE ADV X8 #0,6 0,132mm 3,6kg 150m #Multicolor"},"content":{"rendered":"<p>V\u00f5rdlesime SIGLON PE X8 ja SIGLON PE ADV veekindlust.<\/p>\n<p>Kui SIGLON PE X8 peale veetilga panna, imendub see tamiili samamoodi<\/p>\n<p>nagu tavalised PE-tamiilid.<\/p>\n<p>SIGLON PE ADV-l on aga suurep\u00e4rane veekindlus t\u00e4nu spetsiaalsele<\/p>\n<p>vaigule, mis tungib s\u00fcgavale kiudu.<\/p>\n<p>See tehnoloogia on t\u00f6\u00f6stuses esimene ja me nimetasime selle &#8220;DRT&#8221;-ks, mis t\u00e4histab<\/p>\n<p>&#8220;Deep Resin Technology&#8221; ehk s\u00fcgavvaigutehnoloogiat.<\/p>\n\n    <div class=\"xs_social_share_widget xs_share_url after_content \t\tmain_content  wslu-style-1 wslu-share-box-shaped wslu-fill-colored wslu-none wslu-share-horizontal wslu-theme-font-no wslu-main_content\">\n\n\t\t\n        <ul>\n\t\t\t        <\/ul>\n    <\/div>","protected":false},"excerpt":{"rendered":"<p>\u25cf Sunline&#8217;i uus ja spetsiaalne tootmistehnoloogia, mis lisab tamiili siseossa tugevat vaiku.<br \/>\n\u25cf K\u00f5rgelt arenenud sujuvus annab parema viskev\u00f5ime ja vastupidavuse.<\/p>\n","protected":false},"featured_media":65385,"template":"","meta":{"_uag_custom_page_level_css":""},"product_brand":[1524],"product_cat":[1158],"product_tag":[],"class_list":{"0":"post-822","1":"product","2":"type-product","3":"status-publish","4":"has-post-thumbnail","6":"product_brand-sunline","7":"product_cat-noorid","8":"pa_brand-sunline","9":"pa_labimoot-0-11-0-20mm","11":"first","12":"instock","13":"taxable","14":"shipping-taxable","15":"purchasable","16":"product-type-simple"},"uagb_featured_image_src":{"full":["https:\/\/e-kalastus.b-cdn.net\/wp-content\/uploads\/2024\/07\/Unknown-1-86.jpg",213,237,false],"thumbnail":["https:\/\/e-kalastus.b-cdn.net\/wp-content\/uploads\/2024\/07\/Unknown-1-86-150x150.jpg",150,150,true],"medium":["https:\/\/e-kalastus.b-cdn.net\/wp-content\/uploads\/2024\/07\/Unknown-1-86-300x300.jpg",300,300,true],"medium_large":["https:\/\/e-kalastus.b-cdn.net\/wp-content\/uploads\/2024\/07\/Unknown-1-86-768x768.jpg",768,768,true],"large":["https:\/\/e-kalastus.b-cdn.net\/wp-content\/uploads\/2024\/07\/Unknown-1-86-800x800.jpg",800,800,true],"1536x1536":["https:\/\/e-kalastus.b-cdn.net\/wp-content\/uploads\/2024\/07\/Unknown-1-86.jpg",213,237,false],"2048x2048":["https:\/\/e-kalastus.b-cdn.net\/wp-content\/uploads\/2024\/07\/Unknown-1-86.jpg",213,237,false],"woocommerce_thumbnail":["https:\/\/e-kalastus.b-cdn.net\/wp-content\/uploads\/2024\/07\/Unknown-1-86-768x768.jpg",324,324,true],"woocommerce_single":["https:\/\/e-kalastus.b-cdn.net\/wp-content\/uploads\/2024\/07\/Unknown-1-86.jpg",213,237,false],"woocommerce_gallery_thumbnail":["https:\/\/e-kalastus.b-cdn.net\/wp-content\/uploads\/2024\/07\/Unknown-1-86-100x100.jpg",100,100,true]},"uagb_author_info":{"display_name":"adam.mrozek","author_link":"https:\/\/e-kalastus.ee\/author\/"},"uagb_comment_info":0,"uagb_excerpt":"\u25cf Sunline'i uus ja spetsiaalne tootmistehnoloogia, mis lisab tamiili siseossa tugevat vaiku. \u25cf K\u00f5rgelt arenenud sujuvus annab parema viskev\u00f5ime ja vastupidavuse.","_links":{"self":[{"href":"https:\/\/e-kalastus.ee\/wp-json\/wp\/v2\/product\/822","targetHints":{"allow":["GET"]}}],"collection":[{"href":"https:\/\/e-kalastus.ee\/wp-json\/wp\/v2\/product"}],"about":[{"href":"https:\/\/e-kalastus.ee\/wp-json\/wp\/v2\/types\/product"}],"wp:featuredmedia":[{"embeddable":true,"href":"https:\/\/e-kalastus.ee\/wp-json\/wp\/v2\/media\/65385"}],"wp:attachment":[{"href":"https:\/\/e-kalastus.ee\/wp-json\/wp\/v2\/media?parent=822"}],"wp:term":[{"taxonomy":"product_brand","embeddable":true,"href":"https:\/\/e-kalastus.ee\/wp-json\/wp\/v2\/product_brand?post=822"},{"taxonomy":"product_cat","embeddable":true,"href":"https:\/\/e-kalastus.ee\/wp-json\/wp\/v2\/product_cat?post=822"},{"taxonomy":"product_tag","embeddable":true,"href":"https:\/\/e-kalastus.ee\/wp-json\/wp\/v2\/product_tag?post=822"}],"curies":[{"name":"wp","href":"https:\/\/api.w.org\/{rel}","templated":true}]}}