{"id":807,"date":"2023-08-08T13:27:15","date_gmt":"2023-08-08T10:27:15","guid":{"rendered":"https:\/\/e-kalastus.ee\/toode\/noor-sunline-pe-jigger-ult-x4-1-017mm-200m-multicolor\/"},"modified":"2026-03-30T14:28:10","modified_gmt":"2026-03-30T11:28:10","slug":"noor-sunline-pe-jigger-ult-x4-1-017mm-200m-multicolor-2","status":"publish","type":"product","link":"https:\/\/e-kalastus.ee\/toode\/noor-sunline-pe-jigger-ult-x4-1-017mm-200m-multicolor-2\/","title":{"rendered":"Sunline PE Jigger ULT X4 #1,0 0,17mm 7,7kg 200m #Multicolor"},"content":{"rendered":"<p>\u25cf LSP (madala venivusega t\u00f6\u00f6tlemine) tehnoloogia abil saavutatakse \u00e4\u00e4rmiselt madal venivus, mis on vaid 3%.<br \/>\n\u25cf Kuna merep\u00f5hja j\u00f5udmine on kiirelt tajutav, on p\u00f5hja l\u00e4hedal asuvate kalade sihtimine lihtsam. Isegi v\u00e4ga s\u00fcgava ala sihtimisel on madala venivuse t\u00f5ttu jigi tegevus ja liikumine kergesti \u00fclekantav.<br \/>\n\u25cf SSP (sileda pinnaga t\u00f6\u00f6tlemine) tehnoloogia abil muutub tamiili pind veelgi siledamaks, mida eelmistel ULT 4 tamiilidel polnud. T\u00e4nu siledale pinnale kiireneb jigi langemiskiirus m\u00e4rkimisv\u00e4\u00e4rselt ja v\u00f5imaldab kiiresti p\u00f5hja j\u00f5uda.<br \/>\n\u25cf Kasutatakse ULT PE 4-kiudset tamiili, mis s\u00e4ilitab stabiilse tugevuse. Samuti on sellel hea rebenemistugevus, mis talub suurte kalade t\u00f5mbej\u00f5udu.<br \/>\n\u25cf EMCS (lihtne m\u00f5\u00f5tev\u00e4rvis\u00fcsteem) tehnoloogia abil on v\u00f5imalik kalap\u00fc\u00fck sihts\u00fcgavusel. Kasutatakse n\u00e4htavaid ja erksaid v\u00e4rve, mis meres kergesti ei varja.<\/p>\n\n    <div class=\"xs_social_share_widget xs_share_url after_content \t\tmain_content  wslu-style-1 wslu-share-box-shaped wslu-fill-colored wslu-none wslu-share-horizontal wslu-theme-font-no wslu-main_content\">\n\n\t\t\n        <ul>\n\t\t\t        <\/ul>\n    <\/div>","protected":false},"excerpt":{"rendered":"<p>LSP (madala venivusega t\u00f6\u00f6tlemise) tehnoloogia abil saavutatakse \u00e4\u00e4rmiselt madal venivus, mis on vaid 3%.<\/p>\n","protected":false},"featured_media":65181,"template":"","meta":{"_uag_custom_page_level_css":""},"product_brand":[1524],"product_cat":[1158],"product_tag":[],"class_list":{"0":"post-807","1":"product","2":"type-product","3":"status-publish","4":"has-post-thumbnail","6":"product_brand-sunline","7":"product_cat-noorid","8":"pa_brand-sunline","9":"pa_labimoot-0-11-0-20mm","11":"first","12":"instock","13":"taxable","14":"shipping-taxable","15":"purchasable","16":"product-type-simple"},"uagb_featured_image_src":{"full":["https:\/\/e-kalastus.b-cdn.net\/wp-content\/uploads\/2024\/07\/u39j3hvpzcgn24yvls0wh7hbjyz40az6.jpg",1000,897,false],"thumbnail":["https:\/\/e-kalastus.b-cdn.net\/wp-content\/uploads\/2024\/07\/u39j3hvpzcgn24yvls0wh7hbjyz40az6-150x150.jpg",150,150,true],"medium":["https:\/\/e-kalastus.b-cdn.net\/wp-content\/uploads\/2024\/07\/u39j3hvpzcgn24yvls0wh7hbjyz40az6-300x300.jpg",300,300,true],"medium_large":["https:\/\/e-kalastus.b-cdn.net\/wp-content\/uploads\/2024\/07\/u39j3hvpzcgn24yvls0wh7hbjyz40az6-768x768.jpg",768,768,true],"large":["https:\/\/e-kalastus.b-cdn.net\/wp-content\/uploads\/2024\/07\/u39j3hvpzcgn24yvls0wh7hbjyz40az6-800x800.jpg",800,800,true],"1536x1536":["https:\/\/e-kalastus.b-cdn.net\/wp-content\/uploads\/2024\/07\/u39j3hvpzcgn24yvls0wh7hbjyz40az6.jpg",1000,897,false],"2048x2048":["https:\/\/e-kalastus.b-cdn.net\/wp-content\/uploads\/2024\/07\/u39j3hvpzcgn24yvls0wh7hbjyz40az6.jpg",1000,897,false],"woocommerce_thumbnail":["https:\/\/e-kalastus.b-cdn.net\/wp-content\/uploads\/2024\/07\/u39j3hvpzcgn24yvls0wh7hbjyz40az6-768x768.jpg",324,324,true],"woocommerce_single":["https:\/\/e-kalastus.b-cdn.net\/wp-content\/uploads\/2024\/07\/u39j3hvpzcgn24yvls0wh7hbjyz40az6.jpg",416,373,false],"woocommerce_gallery_thumbnail":["https:\/\/e-kalastus.b-cdn.net\/wp-content\/uploads\/2024\/07\/u39j3hvpzcgn24yvls0wh7hbjyz40az6-100x100.jpg",100,100,true]},"uagb_author_info":{"display_name":"adam.mrozek","author_link":"https:\/\/e-kalastus.ee\/author\/"},"uagb_comment_info":0,"uagb_excerpt":"LSP (madala venivusega t\u00f6\u00f6tlemise) tehnoloogia abil saavutatakse \u00e4\u00e4rmiselt madal venivus, mis on vaid 3%.","_links":{"self":[{"href":"https:\/\/e-kalastus.ee\/wp-json\/wp\/v2\/product\/807","targetHints":{"allow":["GET"]}}],"collection":[{"href":"https:\/\/e-kalastus.ee\/wp-json\/wp\/v2\/product"}],"about":[{"href":"https:\/\/e-kalastus.ee\/wp-json\/wp\/v2\/types\/product"}],"wp:featuredmedia":[{"embeddable":true,"href":"https:\/\/e-kalastus.ee\/wp-json\/wp\/v2\/media\/65181"}],"wp:attachment":[{"href":"https:\/\/e-kalastus.ee\/wp-json\/wp\/v2\/media?parent=807"}],"wp:term":[{"taxonomy":"product_brand","embeddable":true,"href":"https:\/\/e-kalastus.ee\/wp-json\/wp\/v2\/product_brand?post=807"},{"taxonomy":"product_cat","embeddable":true,"href":"https:\/\/e-kalastus.ee\/wp-json\/wp\/v2\/product_cat?post=807"},{"taxonomy":"product_tag","embeddable":true,"href":"https:\/\/e-kalastus.ee\/wp-json\/wp\/v2\/product_tag?post=807"}],"curies":[{"name":"wp","href":"https:\/\/api.w.org\/{rel}","templated":true}]}}