{"id":80466,"date":"2025-05-19T22:01:12","date_gmt":"2025-05-19T19:01:12","guid":{"rendered":"https:\/\/e-kalastus.ee\/toode\/silikoon-westin-shadteez-slim-v2-22cm-53g-1tk-headlight\/"},"modified":"2026-04-16T17:03:04","modified_gmt":"2026-04-16T14:03:04","slug":"silikoon-westin-shadteez-slim-v2-22cm-53g-1tk-headlight","status":"publish","type":"product","link":"https:\/\/e-kalastus.ee\/toode\/silikoon-westin-shadteez-slim-v2-22cm-53g-1tk-headlight\/","title":{"rendered":"Westin Shadteez Slim V2 22cm 53g 1tk #Headlight"},"content":{"rendered":"<p><\/p>\n<p data-end=\"531\" data-start=\"27\">Legendaarne <strong data-end=\"56\" data-start=\"39\">ShadTeez Slim<\/strong> on saanud veelgi paremaks. See muljetavaldav suur landi imiteerib teisi shad\u2019e nii t\u00e4iuslikult, et need j\u00e4\u00e4vad selle varju. Iga detail on t\u00e4iuslik! S\u00fcgav keha, sale keskosa ja lai saba loovad veenva, rulliva ning k\u00f5hualust v\u00e4lgutava ujumisliikumise, mis j\u00e4tab suured r\u00f6\u00f6vkala t\u00e4iesti lummusesse. Madalalt rakendatuna ja aeglaselt l\u00e4bi roostiku ujutatuna v\u00f5i s\u00fcgaval m\u00e4ngituna j\u00e4ljendab see kergelt vigastatud paanikas kala \u2013 ja \u00fcsna pea leiad oma isikliku rekordkala otsa!<\/p>\n<ul data-end=\"762\" data-start=\"533\">\n<li data-end=\"566\" data-start=\"533\">\n<p data-end=\"566\" data-start=\"535\">Ei sisalda toksilisi ftalaate<\/p>\n<\/li>\n<li data-end=\"593\" data-start=\"567\">\n<p data-end=\"593\" data-start=\"569\">Optimeeritud painduvus<\/p>\n<\/li>\n<li data-end=\"617\" data-start=\"594\">\n<p data-end=\"617\" data-start=\"596\">Realistlikud silmad<\/p>\n<\/li>\n<li data-end=\"648\" data-start=\"618\">\n<p data-end=\"648\" data-start=\"620\">Lihtsasti m\u00e4ngiv laba-saba<\/p>\n<\/li>\n<li data-end=\"701\" data-start=\"649\">\n<p data-end=\"701\" data-start=\"651\">K\u00f5rge kehakujuga ja tugeva k\u00f5hualuse v\u00e4lgatusega<\/p>\n<\/li>\n<li data-end=\"739\" data-start=\"702\">\n<p data-end=\"739\" data-start=\"704\">K\u00e4sitsi v\u00e4rvitud detailne v\u00e4limus<\/p>\n<\/li>\n<li data-end=\"762\" data-start=\"740\">\n<p data-end=\"762\" data-start=\"742\">22 cm, 53 g \u2013 1 tk<\/p>\n<\/li>\n<\/ul>\n<p><\/p>\n\n    <div class=\"xs_social_share_widget xs_share_url after_content \t\tmain_content  wslu-style-1 wslu-share-box-shaped wslu-fill-colored wslu-none wslu-share-horizontal wslu-theme-font-no wslu-main_content\">\n\n\t\t\n        <ul>\n\t\t\t        <\/ul>\n    <\/div>","protected":false},"excerpt":{"rendered":"<p>ShadTeez Slim on \u00fclirealistlik lant, mis \u00fchendab elutruu liikumise ja detailse viimistluse, et meelitada ligi ka k\u00f5ige ettevaatlikumad r\u00f6\u00f6vkala.<\/p>\n","protected":false},"featured_media":80465,"template":"","meta":{"_uag_custom_page_level_css":""},"product_brand":[763],"product_cat":[1420],"product_tag":[],"class_list":{"0":"post-80466","1":"product","2":"type-product","3":"status-publish","4":"has-post-thumbnail","6":"product_brand-westin","7":"product_cat-shadteez-slim","8":"pa_brand-westin","10":"first","11":"instock","12":"taxable","13":"shipping-taxable","14":"purchasable","15":"product-type-simple"},"uagb_featured_image_src":{"full":["https:\/\/e-kalastus.b-cdn.net\/wp-content\/uploads\/2025\/05\/image-40006.png",800,800,false],"thumbnail":["https:\/\/e-kalastus.b-cdn.net\/wp-content\/uploads\/2025\/05\/image-40006-150x150.png.jpg",150,150,true],"medium":["https:\/\/e-kalastus.b-cdn.net\/wp-content\/uploads\/2025\/05\/image-40006-300x300.png.jpg",300,300,true],"medium_large":["https:\/\/e-kalastus.b-cdn.net\/wp-content\/uploads\/2025\/05\/image-40006-768x768.png.jpg",768,768,true],"large":["https:\/\/e-kalastus.b-cdn.net\/wp-content\/uploads\/2025\/05\/image-40006-800x800.png.jpg",800,800,true],"1536x1536":["https:\/\/e-kalastus.b-cdn.net\/wp-content\/uploads\/2025\/05\/image-40006.png",800,800,false],"2048x2048":["https:\/\/e-kalastus.b-cdn.net\/wp-content\/uploads\/2025\/05\/image-40006.png",800,800,false],"woocommerce_thumbnail":["https:\/\/e-kalastus.b-cdn.net\/wp-content\/uploads\/2025\/05\/image-40006-768x768.png.jpg",324,324,true],"woocommerce_single":["https:\/\/e-kalastus.b-cdn.net\/wp-content\/uploads\/2025\/05\/image-40006-768x768.png.jpg",416,416,true],"woocommerce_gallery_thumbnail":["https:\/\/e-kalastus.b-cdn.net\/wp-content\/uploads\/2025\/05\/image-40006-100x100.png.jpg",100,100,true]},"uagb_author_info":{"display_name":"Roman Jakovlev","author_link":"https:\/\/e-kalastus.ee\/author\/"},"uagb_comment_info":0,"uagb_excerpt":"ShadTeez Slim on \u00fclirealistlik lant, mis \u00fchendab elutruu liikumise ja detailse viimistluse, et meelitada ligi ka k\u00f5ige ettevaatlikumad r\u00f6\u00f6vkala.","_links":{"self":[{"href":"https:\/\/e-kalastus.ee\/wp-json\/wp\/v2\/product\/80466","targetHints":{"allow":["GET"]}}],"collection":[{"href":"https:\/\/e-kalastus.ee\/wp-json\/wp\/v2\/product"}],"about":[{"href":"https:\/\/e-kalastus.ee\/wp-json\/wp\/v2\/types\/product"}],"wp:featuredmedia":[{"embeddable":true,"href":"https:\/\/e-kalastus.ee\/wp-json\/wp\/v2\/media\/80465"}],"wp:attachment":[{"href":"https:\/\/e-kalastus.ee\/wp-json\/wp\/v2\/media?parent=80466"}],"wp:term":[{"taxonomy":"product_brand","embeddable":true,"href":"https:\/\/e-kalastus.ee\/wp-json\/wp\/v2\/product_brand?post=80466"},{"taxonomy":"product_cat","embeddable":true,"href":"https:\/\/e-kalastus.ee\/wp-json\/wp\/v2\/product_cat?post=80466"},{"taxonomy":"product_tag","embeddable":true,"href":"https:\/\/e-kalastus.ee\/wp-json\/wp\/v2\/product_tag?post=80466"}],"curies":[{"name":"wp","href":"https:\/\/api.w.org\/{rel}","templated":true}]}}