{"id":78855,"date":"2025-03-24T13:40:21","date_gmt":"2025-03-24T11:40:21","guid":{"rendered":"https:\/\/e-kalastus.ee\/toode\/lisand-traper-expert-seed-ready-groundbait-mix-500g-sweet-corn-wheat-hemp-03014\/"},"modified":"2026-03-30T15:49:48","modified_gmt":"2026-03-30T12:49:48","slug":"lisand-traper-expert-seed-ready-groundbait-mix-500g-sweet-corn-wheat-hemp-03014","status":"publish","type":"product","link":"https:\/\/e-kalastus.ee\/fi\/tuotteet\/lisaaine-traper-expert-seed-ready-groundbait-mix-500g-makea-maissi-vehna-hamppu-03014\/","title":{"rendered":"Lis\u00e4aine Traper Expert Seed Ready Groundbait Mix 500g (Makea maissi, vehn\u00e4, hamppu) 03014"},"content":{"rendered":"\n    <div class=\"xs_social_share_widget xs_share_url after_content \t\tmain_content  wslu-style-1 wslu-share-box-shaped wslu-fill-colored wslu-none wslu-share-horizontal wslu-theme-font-no wslu-main_content\">\n\n\t\t\n        <ul>\n\t\t\t        <\/ul>\n    <\/div> \n","protected":false},"excerpt":{"rendered":"<p>Traper Expert Boiled Groundbait Seeds -lis\u00e4aine &#8211; valittuja ja korkeimman laadun keitetyt sy\u00f6ttisiemenet.<\/p>\n<p>Erinomainen valinta k\u00e4ytett\u00e4v\u00e4ksi sy\u00f6ttilis\u00e4aineena tai koukussa<br \/>\nPaino: 1 kg<\/p>\n","protected":false},"featured_media":78854,"template":"","meta":{"_uag_custom_page_level_css":""},"product_brand":[1522],"product_cat":[1186],"product_tag":[],"class_list":{"0":"post-78855","1":"product","2":"type-product","3":"status-publish","4":"has-post-thumbnail","6":"product_brand-traper","7":"product_cat-soodad","8":"pa_brand-traper","10":"first","11":"instock","12":"sale","13":"taxable","14":"shipping-taxable","15":"purchasable","16":"product-type-simple"},"uagb_featured_image_src":{"full":["https:\/\/e-kalastus.b-cdn.net\/wp-content\/uploads\/2025\/03\/image-35989.png",999,999,false],"thumbnail":["https:\/\/e-kalastus.b-cdn.net\/wp-content\/uploads\/2025\/03\/image-35989-150x150.png.jpg",150,150,true],"medium":["https:\/\/e-kalastus.b-cdn.net\/wp-content\/uploads\/2025\/03\/image-35989-300x300.png.jpg",300,300,true],"medium_large":["https:\/\/e-kalastus.b-cdn.net\/wp-content\/uploads\/2025\/03\/image-35989-768x768.png.jpg",768,768,true],"large":["https:\/\/e-kalastus.b-cdn.net\/wp-content\/uploads\/2025\/03\/image-35989-800x800.png.jpg",800,800,true],"1536x1536":["https:\/\/e-kalastus.b-cdn.net\/wp-content\/uploads\/2025\/03\/image-35989.png",999,999,false],"2048x2048":["https:\/\/e-kalastus.b-cdn.net\/wp-content\/uploads\/2025\/03\/image-35989.png",999,999,false],"woocommerce_thumbnail":["https:\/\/e-kalastus.b-cdn.net\/wp-content\/uploads\/2025\/03\/image-35989-768x768.png.jpg",324,324,true],"woocommerce_single":["https:\/\/e-kalastus.b-cdn.net\/wp-content\/uploads\/2025\/03\/image-35989-768x768.png.jpg",416,416,true],"woocommerce_gallery_thumbnail":["https:\/\/e-kalastus.b-cdn.net\/wp-content\/uploads\/2025\/03\/image-35989-100x100.png.jpg",100,100,true]},"uagb_author_info":{"display_name":"Sergei Voronin","author_link":"https:\/\/e-kalastus.ee\/fi\/author\/"},"uagb_comment_info":0,"uagb_excerpt":"Traper Expert Boiled Groundbait Seeds -lis\u00e4aine - valittuja ja korkeimman laadun keitetyt sy\u00f6ttisiemenet. Erinomainen valinta k\u00e4ytett\u00e4v\u00e4ksi sy\u00f6ttilis\u00e4aineena tai koukussa Paino: 1 kg","_links":{"self":[{"href":"https:\/\/e-kalastus.ee\/fi\/wp-json\/wp\/v2\/product\/78855","targetHints":{"allow":["GET"]}}],"collection":[{"href":"https:\/\/e-kalastus.ee\/fi\/wp-json\/wp\/v2\/product"}],"about":[{"href":"https:\/\/e-kalastus.ee\/fi\/wp-json\/wp\/v2\/types\/product"}],"wp:featuredmedia":[{"embeddable":true,"href":"https:\/\/e-kalastus.ee\/fi\/wp-json\/wp\/v2\/media\/78854"}],"wp:attachment":[{"href":"https:\/\/e-kalastus.ee\/fi\/wp-json\/wp\/v2\/media?parent=78855"}],"wp:term":[{"taxonomy":"product_brand","embeddable":true,"href":"https:\/\/e-kalastus.ee\/fi\/wp-json\/wp\/v2\/product_brand?post=78855"},{"taxonomy":"product_cat","embeddable":true,"href":"https:\/\/e-kalastus.ee\/fi\/wp-json\/wp\/v2\/product_cat?post=78855"},{"taxonomy":"product_tag","embeddable":true,"href":"https:\/\/e-kalastus.ee\/fi\/wp-json\/wp\/v2\/product_tag?post=78855"}],"curies":[{"name":"wp","href":"https:\/\/api.w.org\/{rel}","templated":true}]}}