{"id":782,"date":"2023-08-08T13:27:06","date_gmt":"2023-08-08T10:27:06","guid":{"rendered":"https:\/\/e-kalastus.ee\/toode\/noor-sunline-castaway-pe-15-020mm-150m-grey\/"},"modified":"2026-03-30T14:49:17","modified_gmt":"2026-03-30T11:49:17","slug":"noor-sunline-castaway-pe-15-020mm-150m-grey","status":"publish","type":"product","link":"https:\/\/e-kalastus.ee\/toode\/noor-sunline-castaway-pe-15-020mm-150m-grey\/","title":{"rendered":"Sunline Castaway 8x PE #1,5 0,20mm 11,3kg 150m #Light Blue"},"content":{"rendered":"<p>\u25cf See on 8-haruline punutud tamiil, mida saab kasutada kaldal, avamerel ja igat t\u00fc\u00fcpi kalap\u00fc\u00fcgiks.<br \/>\n\u25cf See on 8-keermeline punutud tamiil, mis on valmistatud kvaliteetsest PE-st ja raskest pol\u00fcestrist.<br \/>\n\u25cf Spetsiaalse katmisprotsessi abil saavutatud sujuvus v\u00e4hendab h\u00f5\u00f5rdumist tamiilir\u00f5ngaga ja v\u00f5imaldab luua keerukama tamiilis\u00fcsteemi.<br \/>\n\u25cf Spetsiaalse komposiitpunutud materjali t\u00f5ttu, mis \u00fchendab m\u00f5\u00f5duka vastupidavuse ja suure tugevuse, on tamiilir\u00f5nga langemisega probleeme ning saavutatakse parem vise, pikem vastupidavus ja suurem h\u00f5\u00f5rdekindlus.<br \/>\n\u25cf Keskmise vajuvuse t\u00f5ttu (1,05) on tamiil raskesti m\u00f5jutatav tuulest ja loodetest. See lihtsustab tamiili peent k\u00e4sitsemist ja ideaalses trajektooris hoidmist.<br \/>\n\u25cf Kasutatud p\u00e4rlsinist v\u00e4rvi, mis on v\u00e4ga hea n\u00e4htavusega nii p\u00e4eval kui \u00f6\u00f6sel.<\/p>\n\n    <div class=\"xs_social_share_widget xs_share_url after_content \t\tmain_content  wslu-style-1 wslu-share-box-shaped wslu-fill-colored wslu-none wslu-share-horizontal wslu-theme-font-no wslu-main_content\">\n\n\t\t\n        <ul>\n\t\t\t        <\/ul>\n    <\/div>","protected":false},"excerpt":{"rendered":"<p>Suure erikaaluga komposiit PE, mida ei m\u00f5juta loodete ega tuule m\u00f5ju!<\/p>\n","protected":false},"featured_media":68698,"template":"","meta":{"_uag_custom_page_level_css":""},"product_brand":[1524],"product_cat":[1158],"product_tag":[],"class_list":{"0":"post-782","1":"product","2":"type-product","3":"status-publish","4":"has-post-thumbnail","6":"product_brand-sunline","7":"product_cat-noorid","8":"pa_brand-sunline","9":"pa_labimoot-0-11-0-20mm","11":"first","12":"instock","13":"taxable","14":"shipping-taxable","15":"purchasable","16":"product-type-simple"},"uagb_featured_image_src":{"full":["https:\/\/e-kalastus.b-cdn.net\/wp-content\/uploads\/2024\/07\/bd9ba234d45c41d445c823039adb5e29-2.png",800,600,false],"thumbnail":["https:\/\/e-kalastus.b-cdn.net\/wp-content\/uploads\/2024\/07\/bd9ba234d45c41d445c823039adb5e29-2-150x150.png.jpg",150,150,true],"medium":["https:\/\/e-kalastus.b-cdn.net\/wp-content\/uploads\/2024\/07\/bd9ba234d45c41d445c823039adb5e29-2-300x300.png.jpg",300,300,true],"medium_large":["https:\/\/e-kalastus.b-cdn.net\/wp-content\/uploads\/2024\/07\/bd9ba234d45c41d445c823039adb5e29-2-768x768.png.jpg",768,768,true],"large":["https:\/\/e-kalastus.b-cdn.net\/wp-content\/uploads\/2024\/07\/bd9ba234d45c41d445c823039adb5e29-2-800x800.png.jpg",800,800,true],"1536x1536":["https:\/\/e-kalastus.b-cdn.net\/wp-content\/uploads\/2024\/07\/bd9ba234d45c41d445c823039adb5e29-2.png",800,600,false],"2048x2048":["https:\/\/e-kalastus.b-cdn.net\/wp-content\/uploads\/2024\/07\/bd9ba234d45c41d445c823039adb5e29-2.png",800,600,false],"woocommerce_thumbnail":["https:\/\/e-kalastus.b-cdn.net\/wp-content\/uploads\/2024\/07\/bd9ba234d45c41d445c823039adb5e29-2-768x768.png.jpg",324,324,true],"woocommerce_single":["https:\/\/e-kalastus.b-cdn.net\/wp-content\/uploads\/2024\/07\/bd9ba234d45c41d445c823039adb5e29-2.png",416,312,false],"woocommerce_gallery_thumbnail":["https:\/\/e-kalastus.b-cdn.net\/wp-content\/uploads\/2024\/07\/bd9ba234d45c41d445c823039adb5e29-2-100x100.png.jpg",100,100,true]},"uagb_author_info":{"display_name":"adam.mrozek","author_link":"https:\/\/e-kalastus.ee\/author\/"},"uagb_comment_info":0,"uagb_excerpt":"Suure erikaaluga komposiit PE, mida ei m\u00f5juta loodete ega tuule m\u00f5ju!","_links":{"self":[{"href":"https:\/\/e-kalastus.ee\/wp-json\/wp\/v2\/product\/782","targetHints":{"allow":["GET"]}}],"collection":[{"href":"https:\/\/e-kalastus.ee\/wp-json\/wp\/v2\/product"}],"about":[{"href":"https:\/\/e-kalastus.ee\/wp-json\/wp\/v2\/types\/product"}],"wp:featuredmedia":[{"embeddable":true,"href":"https:\/\/e-kalastus.ee\/wp-json\/wp\/v2\/media\/68698"}],"wp:attachment":[{"href":"https:\/\/e-kalastus.ee\/wp-json\/wp\/v2\/media?parent=782"}],"wp:term":[{"taxonomy":"product_brand","embeddable":true,"href":"https:\/\/e-kalastus.ee\/wp-json\/wp\/v2\/product_brand?post=782"},{"taxonomy":"product_cat","embeddable":true,"href":"https:\/\/e-kalastus.ee\/wp-json\/wp\/v2\/product_cat?post=782"},{"taxonomy":"product_tag","embeddable":true,"href":"https:\/\/e-kalastus.ee\/wp-json\/wp\/v2\/product_tag?post=782"}],"curies":[{"name":"wp","href":"https:\/\/api.w.org\/{rel}","templated":true}]}}