{"id":781,"date":"2023-08-08T12:58:32","date_gmt":"2023-08-08T09:58:32","guid":{"rendered":"https:\/\/e-kalastus.ee\/toode\/noor-ygk-g-soul-egi-metal-wx4-06-012mm-150m-multicolor\/"},"modified":"2026-04-16T16:54:16","modified_gmt":"2026-04-16T13:54:16","slug":"noor-ygk-g-soul-egi-metal-wx4-06-012mm-150m-multicolor","status":"publish","type":"product","link":"https:\/\/e-kalastus.ee\/toode\/noor-ygk-g-soul-egi-metal-wx4-06-012mm-150m-multicolor\/","title":{"rendered":"YGK G-Soul EGI Metal WX4 #0,6 0,12mm 4,9kg 150m #Multicolor"},"content":{"rendered":"<p>Kergeks spinninguks, aga ka v\u00f5imsamaks jigip\u00fc\u00fcgiks soovitame EGI Metal n\u00f6\u00f6ri, valides \u00f5ige l\u00e4bim\u00f5\u00f5du ja n\u00f6\u00f6ri kerimisv\u00f5imaluse. N\u00f6\u00f6r sobib ideaalselt jigip\u00fc\u00fcgiks, kuid on v\u00e4ga mitmek\u00fclgne neljast kiust punutud n\u00f6\u00f6r, mis sobib suurep\u00e4raselt ka vobleritega p\u00fc\u00fcgiks.<\/p>\n\n    <div class=\"xs_social_share_widget xs_share_url after_content \t\tmain_content  wslu-style-1 wslu-share-box-shaped wslu-fill-colored wslu-none wslu-share-horizontal wslu-theme-font-no wslu-main_content\">\n\n\t\t\n        <ul>\n\t\t\t        <\/ul>\n    <\/div>","protected":false},"excerpt":{"rendered":"<p>Kvaliteetne punutud n\u00f6\u00f6r G-Soul EGI Metal WX 4 on Jaapani ettev\u00f5tte YGK j\u00e4rjekordne huvitav uus toode.<\/p>\n","protected":false},"featured_media":65021,"template":"","meta":{"_uag_custom_page_level_css":""},"product_brand":[1599],"product_cat":[1158],"product_tag":[],"class_list":{"0":"post-781","1":"product","2":"type-product","3":"status-publish","4":"has-post-thumbnail","6":"product_brand-ygk","7":"product_cat-noorid","8":"pa_brand-ygk","9":"pa_labimoot-0-11-0-20mm","11":"first","12":"instock","13":"taxable","14":"shipping-taxable","15":"purchasable","16":"product-type-simple"},"uagb_featured_image_src":{"full":["https:\/\/e-kalastus.b-cdn.net\/wp-content\/uploads\/2024\/07\/Ygk-g-soul-egi-metall-wx4-150m-10lb-pe-0-5-multi-color-2.jpg",395,606,false],"thumbnail":["https:\/\/e-kalastus.b-cdn.net\/wp-content\/uploads\/2024\/07\/Ygk-g-soul-egi-metall-wx4-150m-10lb-pe-0-5-multi-color-2-150x150.jpg",150,150,true],"medium":["https:\/\/e-kalastus.b-cdn.net\/wp-content\/uploads\/2024\/07\/Ygk-g-soul-egi-metall-wx4-150m-10lb-pe-0-5-multi-color-2-300x300.jpg",300,300,true],"medium_large":["https:\/\/e-kalastus.b-cdn.net\/wp-content\/uploads\/2024\/07\/Ygk-g-soul-egi-metall-wx4-150m-10lb-pe-0-5-multi-color-2-768x768.jpg",768,768,true],"large":["https:\/\/e-kalastus.b-cdn.net\/wp-content\/uploads\/2024\/07\/Ygk-g-soul-egi-metall-wx4-150m-10lb-pe-0-5-multi-color-2-800x800.jpg",800,800,true],"1536x1536":["https:\/\/e-kalastus.b-cdn.net\/wp-content\/uploads\/2024\/07\/Ygk-g-soul-egi-metall-wx4-150m-10lb-pe-0-5-multi-color-2.jpg",395,606,false],"2048x2048":["https:\/\/e-kalastus.b-cdn.net\/wp-content\/uploads\/2024\/07\/Ygk-g-soul-egi-metall-wx4-150m-10lb-pe-0-5-multi-color-2.jpg",395,606,false],"woocommerce_thumbnail":["https:\/\/e-kalastus.b-cdn.net\/wp-content\/uploads\/2024\/07\/Ygk-g-soul-egi-metall-wx4-150m-10lb-pe-0-5-multi-color-2-768x768.jpg",324,324,true],"woocommerce_single":["https:\/\/e-kalastus.b-cdn.net\/wp-content\/uploads\/2024\/07\/Ygk-g-soul-egi-metall-wx4-150m-10lb-pe-0-5-multi-color-2.jpg",395,606,false],"woocommerce_gallery_thumbnail":["https:\/\/e-kalastus.b-cdn.net\/wp-content\/uploads\/2024\/07\/Ygk-g-soul-egi-metall-wx4-150m-10lb-pe-0-5-multi-color-2-100x100.jpg",100,100,true]},"uagb_author_info":{"display_name":"adam.mrozek","author_link":"https:\/\/e-kalastus.ee\/author\/"},"uagb_comment_info":0,"uagb_excerpt":"Kvaliteetne punutud n\u00f6\u00f6r G-Soul EGI Metal WX 4 on Jaapani ettev\u00f5tte YGK j\u00e4rjekordne huvitav uus toode.","_links":{"self":[{"href":"https:\/\/e-kalastus.ee\/wp-json\/wp\/v2\/product\/781","targetHints":{"allow":["GET"]}}],"collection":[{"href":"https:\/\/e-kalastus.ee\/wp-json\/wp\/v2\/product"}],"about":[{"href":"https:\/\/e-kalastus.ee\/wp-json\/wp\/v2\/types\/product"}],"wp:featuredmedia":[{"embeddable":true,"href":"https:\/\/e-kalastus.ee\/wp-json\/wp\/v2\/media\/65021"}],"wp:attachment":[{"href":"https:\/\/e-kalastus.ee\/wp-json\/wp\/v2\/media?parent=781"}],"wp:term":[{"taxonomy":"product_brand","embeddable":true,"href":"https:\/\/e-kalastus.ee\/wp-json\/wp\/v2\/product_brand?post=781"},{"taxonomy":"product_cat","embeddable":true,"href":"https:\/\/e-kalastus.ee\/wp-json\/wp\/v2\/product_cat?post=781"},{"taxonomy":"product_tag","embeddable":true,"href":"https:\/\/e-kalastus.ee\/wp-json\/wp\/v2\/product_tag?post=781"}],"curies":[{"name":"wp","href":"https:\/\/api.w.org\/{rel}","templated":true}]}}