{"id":76923,"date":"2025-01-07T18:09:17","date_gmt":"2025-01-07T16:09:17","guid":{"rendered":"https:\/\/e-kalastus.ee\/toode\/vib-frapp-jiggle-85mm-24g-35\/"},"modified":"2026-03-30T15:19:39","modified_gmt":"2026-03-30T12:19:39","slug":"vib-frapp-jiggle-85mm-24g-35","status":"publish","type":"product","link":"https:\/\/e-kalastus.ee\/fi\/tuotteet\/vib-frapp-jiggle-varinaviehe-85mm-24g-35\/","title":{"rendered":"VIB Frapp Jiggle 85mm 24g #35"},"content":{"rendered":"\n    <div class=\"xs_social_share_widget xs_share_url after_content \t\tmain_content  wslu-style-1 wslu-share-box-shaped wslu-fill-colored wslu-none wslu-share-horizontal wslu-theme-font-no wslu-main_content\">\n\n\t\t\n        <ul>\n\t\t\t        <\/ul>\n    <\/div> \n","protected":false},"excerpt":{"rendered":"<p>Frapp Jiggle on v\u00e4rin\u00e4viehe (VIB), joka on suunniteltu pystykalastukseen. Sen runko on valmistettu kest\u00e4v\u00e4st\u00e4 ABS-muovista, joka kest\u00e4\u00e4 hyvin kalojen puremia. Vieheell\u00e4 on litte\u00e4 muoto kyljiss\u00e4 ja sel\u00e4ss\u00e4 sijaitseva ev\u00e4, joka luo vakaan ja houkuttelevan v\u00e4rin\u00e4n.<\/p>\n<p>Frapp Jiggle 85 soveltuu k\u00e4ytett\u00e4v\u00e4ksi sek\u00e4 voimakkaan virtavedess\u00e4 ett\u00e4 suurilla syvyyksill\u00e4. V\u00e4rimallisto on mukautettu erilaisiin kalastusolosuhteisiin, tarjoten sek\u00e4 kirkkaita ett\u00e4 luonnollisia s\u00e4vyj\u00e4.<\/p>\n","protected":false},"featured_media":76922,"template":"","meta":{"_uag_custom_page_level_css":""},"product_brand":[1512],"product_cat":[1456],"product_tag":[],"class_list":{"0":"post-76923","1":"product","2":"type-product","3":"status-publish","4":"has-post-thumbnail","6":"product_brand-frapp","7":"product_cat-frapp-vib","8":"pa_brand-frapp","10":"first","11":"instock","12":"taxable","13":"shipping-taxable","14":"purchasable","15":"product-type-simple"},"uagb_featured_image_src":{"full":["https:\/\/e-kalastus.b-cdn.net\/wp-content\/uploads\/2025\/01\/image-30288.png",1000,335,false],"thumbnail":["https:\/\/e-kalastus.b-cdn.net\/wp-content\/uploads\/2025\/01\/image-30288-150x150.png.jpg",150,150,true],"medium":["https:\/\/e-kalastus.b-cdn.net\/wp-content\/uploads\/2025\/01\/image-30288-300x300.png.jpg",300,300,true],"medium_large":["https:\/\/e-kalastus.b-cdn.net\/wp-content\/uploads\/2025\/01\/image-30288-768x768.png.jpg",768,768,true],"large":["https:\/\/e-kalastus.b-cdn.net\/wp-content\/uploads\/2025\/01\/image-30288-800x800.png.jpg",800,800,true],"1536x1536":["https:\/\/e-kalastus.b-cdn.net\/wp-content\/uploads\/2025\/01\/image-30288.png",1000,335,false],"2048x2048":["https:\/\/e-kalastus.b-cdn.net\/wp-content\/uploads\/2025\/01\/image-30288.png",1000,335,false],"woocommerce_thumbnail":["https:\/\/e-kalastus.b-cdn.net\/wp-content\/uploads\/2025\/01\/image-30288-768x768.png.jpg",324,324,true],"woocommerce_single":["https:\/\/e-kalastus.b-cdn.net\/wp-content\/uploads\/2025\/01\/image-30288.png",416,139,false],"woocommerce_gallery_thumbnail":["https:\/\/e-kalastus.b-cdn.net\/wp-content\/uploads\/2025\/01\/image-30288-100x100.png.jpg",100,100,true]},"uagb_author_info":{"display_name":"Sergei Voronin","author_link":"https:\/\/e-kalastus.ee\/fi\/author\/"},"uagb_comment_info":0,"uagb_excerpt":"Frapp Jiggle on v\u00e4rin\u00e4viehe (VIB), joka on suunniteltu pystykalastukseen. Sen runko on valmistettu kest\u00e4v\u00e4st\u00e4 ABS-muovista, joka kest\u00e4\u00e4 hyvin kalojen puremia. Vieheell\u00e4 on litte\u00e4 muoto kyljiss\u00e4 ja sel\u00e4ss\u00e4 sijaitseva ev\u00e4, joka luo vakaan ja houkuttelevan v\u00e4rin\u00e4n. Frapp Jiggle 85 soveltuu k\u00e4ytett\u00e4v\u00e4ksi sek\u00e4 voimakkaan virtavedess\u00e4 ett\u00e4 suurilla syvyyksill\u00e4. V\u00e4rimallisto on mukautettu erilaisiin kalastusolosuhteisiin, tarjoten sek\u00e4 kirkkaita ett\u00e4&hellip;","_links":{"self":[{"href":"https:\/\/e-kalastus.ee\/fi\/wp-json\/wp\/v2\/product\/76923","targetHints":{"allow":["GET"]}}],"collection":[{"href":"https:\/\/e-kalastus.ee\/fi\/wp-json\/wp\/v2\/product"}],"about":[{"href":"https:\/\/e-kalastus.ee\/fi\/wp-json\/wp\/v2\/types\/product"}],"wp:featuredmedia":[{"embeddable":true,"href":"https:\/\/e-kalastus.ee\/fi\/wp-json\/wp\/v2\/media\/76922"}],"wp:attachment":[{"href":"https:\/\/e-kalastus.ee\/fi\/wp-json\/wp\/v2\/media?parent=76923"}],"wp:term":[{"taxonomy":"product_brand","embeddable":true,"href":"https:\/\/e-kalastus.ee\/fi\/wp-json\/wp\/v2\/product_brand?post=76923"},{"taxonomy":"product_cat","embeddable":true,"href":"https:\/\/e-kalastus.ee\/fi\/wp-json\/wp\/v2\/product_cat?post=76923"},{"taxonomy":"product_tag","embeddable":true,"href":"https:\/\/e-kalastus.ee\/fi\/wp-json\/wp\/v2\/product_tag?post=76923"}],"curies":[{"name":"wp","href":"https:\/\/api.w.org\/{rel}","templated":true}]}}