{"id":76818,"date":"2025-01-06T17:09:02","date_gmt":"2025-01-06T15:09:02","guid":{"rendered":"https:\/\/e-kalastus.ee\/toode\/vib-frapp-whiphead-70mm-12g-33\/"},"modified":"2026-03-30T14:43:02","modified_gmt":"2026-03-30T11:43:02","slug":"vib-frapp-whiphead-70mm-12g-33","status":"publish","type":"product","link":"https:\/\/e-kalastus.ee\/toode\/vib-frapp-whiphead-70mm-12g-33\/","title":{"rendered":"VIB Frapp Whiphead 70mm 12g #33"},"content":{"rendered":"\n    <div class=\"xs_social_share_widget xs_share_url after_content \t\tmain_content  wslu-style-1 wslu-share-box-shaped wslu-fill-colored wslu-none wslu-share-horizontal wslu-theme-font-no wslu-main_content\">\n\n\t\t\n        <ul>\n\t\t\t        <\/ul>\n    <\/div> \n","protected":false},"excerpt":{"rendered":"<p>Tegemist on v\u00e4ikseima vibratsioonlandiga mitte ainult Whipheadi perekonnas, vaid ka k\u00f5igi selle klassi FRAPP lantide seas. Kompaktne ja \u00f5rn lant on 70 mm pikk ning kaalub 12 g. Nagu FRAPP vibratsioonlantidele omane, on see valmistatud kvaliteetsest ja kalade hammastele vastupidavast ABS-plastikust.<\/p>\n<p>Raskus on fikseeritud ning m\u00fcrakapsleid ei ole, mist\u00f5ttu t\u00f6\u00f6tab lant vaikselt. Sobib kasutamiseks nii j\u00e4\u00e4lt p\u00fc\u00fcgil kui ka spinninguga kalastamisel.<\/p>\n","protected":false},"featured_media":76817,"template":"","meta":{"_uag_custom_page_level_css":""},"product_brand":[1512],"product_cat":[1456],"product_tag":[],"class_list":{"0":"post-76818","1":"product","2":"type-product","3":"status-publish","4":"has-post-thumbnail","6":"product_brand-frapp","7":"product_cat-frapp-vib","8":"pa_brand-frapp","10":"first","11":"instock","12":"taxable","13":"shipping-taxable","14":"purchasable","15":"product-type-simple"},"uagb_featured_image_src":{"full":["https:\/\/e-kalastus.b-cdn.net\/wp-content\/uploads\/2025\/01\/image-30198.png",1000,1000,false],"thumbnail":["https:\/\/e-kalastus.b-cdn.net\/wp-content\/uploads\/2025\/01\/image-30198-150x150.png.jpg",150,150,true],"medium":["https:\/\/e-kalastus.b-cdn.net\/wp-content\/uploads\/2025\/01\/image-30198-300x300.png.jpg",300,300,true],"medium_large":["https:\/\/e-kalastus.b-cdn.net\/wp-content\/uploads\/2025\/01\/image-30198-768x768.png.jpg",768,768,true],"large":["https:\/\/e-kalastus.b-cdn.net\/wp-content\/uploads\/2025\/01\/image-30198-800x800.png.jpg",800,800,true],"1536x1536":["https:\/\/e-kalastus.b-cdn.net\/wp-content\/uploads\/2025\/01\/image-30198.png",1000,1000,false],"2048x2048":["https:\/\/e-kalastus.b-cdn.net\/wp-content\/uploads\/2025\/01\/image-30198.png",1000,1000,false],"woocommerce_thumbnail":["https:\/\/e-kalastus.b-cdn.net\/wp-content\/uploads\/2025\/01\/image-30198-768x768.png.jpg",324,324,true],"woocommerce_single":["https:\/\/e-kalastus.b-cdn.net\/wp-content\/uploads\/2025\/01\/image-30198-768x768.png.jpg",416,416,true],"woocommerce_gallery_thumbnail":["https:\/\/e-kalastus.b-cdn.net\/wp-content\/uploads\/2025\/01\/image-30198-100x100.png.jpg",100,100,true]},"uagb_author_info":{"display_name":"Sergei Voronin","author_link":"https:\/\/e-kalastus.ee\/author\/"},"uagb_comment_info":0,"uagb_excerpt":"Tegemist on v\u00e4ikseima vibratsioonlandiga mitte ainult Whipheadi perekonnas, vaid ka k\u00f5igi selle klassi FRAPP lantide seas. Kompaktne ja \u00f5rn lant on 70 mm pikk ning kaalub 12 g. Nagu FRAPP vibratsioonlantidele omane, on see valmistatud kvaliteetsest ja kalade hammastele vastupidavast ABS-plastikust. Raskus on fikseeritud ning m\u00fcrakapsleid ei ole, mist\u00f5ttu t\u00f6\u00f6tab lant vaikselt. Sobib kasutamiseks nii&hellip;","_links":{"self":[{"href":"https:\/\/e-kalastus.ee\/wp-json\/wp\/v2\/product\/76818","targetHints":{"allow":["GET"]}}],"collection":[{"href":"https:\/\/e-kalastus.ee\/wp-json\/wp\/v2\/product"}],"about":[{"href":"https:\/\/e-kalastus.ee\/wp-json\/wp\/v2\/types\/product"}],"wp:featuredmedia":[{"embeddable":true,"href":"https:\/\/e-kalastus.ee\/wp-json\/wp\/v2\/media\/76817"}],"wp:attachment":[{"href":"https:\/\/e-kalastus.ee\/wp-json\/wp\/v2\/media?parent=76818"}],"wp:term":[{"taxonomy":"product_brand","embeddable":true,"href":"https:\/\/e-kalastus.ee\/wp-json\/wp\/v2\/product_brand?post=76818"},{"taxonomy":"product_cat","embeddable":true,"href":"https:\/\/e-kalastus.ee\/wp-json\/wp\/v2\/product_cat?post=76818"},{"taxonomy":"product_tag","embeddable":true,"href":"https:\/\/e-kalastus.ee\/wp-json\/wp\/v2\/product_tag?post=76818"}],"curies":[{"name":"wp","href":"https:\/\/api.w.org\/{rel}","templated":true}]}}