{"id":74833,"date":"2024-09-02T16:36:36","date_gmt":"2024-09-02T13:36:36","guid":{"rendered":"https:\/\/e-kalastus.ee\/toode\/noor-sunline-siglon-pex8-adv-1-5-0209mm-11kg-150m-multicolor\/"},"modified":"2026-04-10T15:42:21","modified_gmt":"2026-04-10T12:42:21","slug":"noor-sunline-siglon-pex8-adv-1-5-0209mm-11kg-150m-multicolor","status":"publish","type":"product","link":"https:\/\/e-kalastus.ee\/toode\/noor-sunline-siglon-pex8-adv-1-5-0209mm-11kg-150m-multicolor\/","title":{"rendered":"Sunline Siglon PEx8 ADV #1,5 0,209mm 11kg 150m #Multicolor"},"content":{"rendered":"<p>SIGLON PE on t\u00e4nu uusimale t\u00f6\u00f6tlusmeetodile j\u00f5udnud j\u00e4rgmisse etappi.<\/p>\n<p>Selgitame \u00fcksikasjalikumalt, kuidas ADV erineb tavap\u00e4rasest SIGLON PE-st. V\u00f5rdlesime SIGLON PE X8 ja SIGLON PE ADV vetth\u00fclgavust.<\/p>\n<p>Kui SIGLON PE X8 peale panna veetilga, imendub see n\u00f6\u00f6ri sisse samamoodi nagu tavalised PE-n\u00f6\u00f6rid.<\/p>\n<p>SIGLON PE ADV-l on aga suurep\u00e4rane vetth\u00fclgavus t\u00e4nu spetsiaalsele vaigule, mis tungib s\u00fcgavale kiudu.<\/p>\n<p>See tehnoloogia on t\u00f6\u00f6stuses esimene ja me nimetasime selle DRT-ks, mis t\u00e4histab<\/p>\n<p>&#8220;Deep Resin Technology&#8221; ehk s\u00fcgavvaigutehnoloogiat.<\/p>\n\n    <div class=\"xs_social_share_widget xs_share_url after_content \t\tmain_content  wslu-style-1 wslu-share-box-shaped wslu-fill-colored wslu-none wslu-share-horizontal wslu-theme-font-no wslu-main_content\">\n\n\t\t\n        <ul>\n\t\t\t        <\/ul>\n    <\/div>","protected":false},"excerpt":{"rendered":"<p>\u25cf Sunline&#8217;i uus ja spetsiaalne tootmistehnoloogia, mis lisab tamiili siseossa tugevat vaiku.<br \/>\n\u25cf K\u00f5rgelt arenenud sujuvus annab parema viskev\u00f5ime ja vastupidavuse.<\/p>\n","protected":false},"featured_media":74832,"template":"","meta":{"_uag_custom_page_level_css":""},"product_brand":[1524],"product_cat":[1158],"product_tag":[],"class_list":{"0":"post-74833","1":"product","2":"type-product","3":"status-publish","4":"has-post-thumbnail","6":"product_brand-sunline","7":"product_cat-noorid","8":"pa_brand-sunline","10":"first","11":"instock","12":"taxable","13":"shipping-taxable","14":"purchasable","15":"product-type-simple"},"uagb_featured_image_src":{"full":["https:\/\/e-kalastus.b-cdn.net\/wp-content\/uploads\/2024\/09\/image-27114.png",800,600,false],"thumbnail":["https:\/\/e-kalastus.b-cdn.net\/wp-content\/uploads\/2024\/09\/image-27114-150x150.png.jpg",150,150,true],"medium":["https:\/\/e-kalastus.b-cdn.net\/wp-content\/uploads\/2024\/09\/image-27114-300x300.png.jpg",300,300,true],"medium_large":["https:\/\/e-kalastus.b-cdn.net\/wp-content\/uploads\/2024\/09\/image-27114-768x768.png.jpg",768,768,true],"large":["https:\/\/e-kalastus.b-cdn.net\/wp-content\/uploads\/2024\/09\/image-27114-800x800.png.jpg",800,800,true],"1536x1536":["https:\/\/e-kalastus.b-cdn.net\/wp-content\/uploads\/2024\/09\/image-27114.png",800,600,false],"2048x2048":["https:\/\/e-kalastus.b-cdn.net\/wp-content\/uploads\/2024\/09\/image-27114.png",800,600,false],"woocommerce_thumbnail":["https:\/\/e-kalastus.b-cdn.net\/wp-content\/uploads\/2024\/09\/image-27114-768x768.png.jpg",324,324,true],"woocommerce_single":["https:\/\/e-kalastus.b-cdn.net\/wp-content\/uploads\/2024\/09\/image-27114.png",416,312,false],"woocommerce_gallery_thumbnail":["https:\/\/e-kalastus.b-cdn.net\/wp-content\/uploads\/2024\/09\/image-27114-100x100.png.jpg",100,100,true]},"uagb_author_info":{"display_name":"Sergei Voronin","author_link":"https:\/\/e-kalastus.ee\/author\/"},"uagb_comment_info":0,"uagb_excerpt":"\u25cf Sunline'i uus ja spetsiaalne tootmistehnoloogia, mis lisab tamiili siseossa tugevat vaiku. \u25cf K\u00f5rgelt arenenud sujuvus annab parema viskev\u00f5ime ja vastupidavuse.","_links":{"self":[{"href":"https:\/\/e-kalastus.ee\/wp-json\/wp\/v2\/product\/74833","targetHints":{"allow":["GET"]}}],"collection":[{"href":"https:\/\/e-kalastus.ee\/wp-json\/wp\/v2\/product"}],"about":[{"href":"https:\/\/e-kalastus.ee\/wp-json\/wp\/v2\/types\/product"}],"wp:featuredmedia":[{"embeddable":true,"href":"https:\/\/e-kalastus.ee\/wp-json\/wp\/v2\/media\/74832"}],"wp:attachment":[{"href":"https:\/\/e-kalastus.ee\/wp-json\/wp\/v2\/media?parent=74833"}],"wp:term":[{"taxonomy":"product_brand","embeddable":true,"href":"https:\/\/e-kalastus.ee\/wp-json\/wp\/v2\/product_brand?post=74833"},{"taxonomy":"product_cat","embeddable":true,"href":"https:\/\/e-kalastus.ee\/wp-json\/wp\/v2\/product_cat?post=74833"},{"taxonomy":"product_tag","embeddable":true,"href":"https:\/\/e-kalastus.ee\/wp-json\/wp\/v2\/product_tag?post=74833"}],"curies":[{"name":"wp","href":"https:\/\/api.w.org\/{rel}","templated":true}]}}