{"id":73863,"date":"2024-07-28T10:36:33","date_gmt":"2024-07-28T07:36:33","guid":{"rendered":"https:\/\/e-kalastus.ee\/toode\/silikoon-narval-skinny-14cm-3tk-047-black-gold\/"},"modified":"2026-03-30T15:01:00","modified_gmt":"2026-03-30T12:01:00","slug":"silikoon-narval-skinny-14cm-3tk-047-black-gold","status":"publish","type":"product","link":"https:\/\/e-kalastus.ee\/toode\/silikoon-narval-skinny-14cm-3tk-047-black-gold\/","title":{"rendered":"Narval Skinny 14cm 3tk #047 Black Gold"},"content":{"rendered":"<p><span id=\"docs-internal-guid-c2f80746-7fff-6156-8e79-9e2b123b6e62\"><span style=\"font-size: 11pt;font-family: Arial, sans-serif;background-color: transparent;font-weight: 700;vertical-align: baseline\">Narval Skinny<\/span><span style=\"font-size: 11pt;font-family: Arial, sans-serif;background-color: transparent;vertical-align: baseline\"> \u2013 Narval Fishingu uusim vibrosaba mudel, mis on saadaval neljas suuruses: 8, 10, 12 ja 14 cm. See lant toimib suurep\u00e4raselt nii topeltkonksu kui ka jigipeaga. Kompaktne saba \u00e4rkab ellu juba v\u00e4ikseima raskuse juures, andes saledale \u201eminnow\u201c kehale r\u00fctmilise ja k\u00f5rgsagedusliku m\u00e4ngu.T\u00e4nu suurep\u00e4rastele lennuomadustele on Narval Skinny eriti hinnatud kaldalt p\u00fc\u00fcgil. Sinu ihaldatud trofee \u2013 olgu see ahven, koha v\u00f5i haug \u2013 on Narval Skinnyga alati k\u00e4eulatuses.<\/span><\/span><\/p>\n\n    <div class=\"xs_social_share_widget xs_share_url after_content \t\tmain_content  wslu-style-1 wslu-share-box-shaped wslu-fill-colored wslu-none wslu-share-horizontal wslu-theme-font-no wslu-main_content\">\n\n\t\t\n        <ul>\n\t\t\t        <\/ul>\n    <\/div>","protected":false},"excerpt":{"rendered":"<p>Narval Skinny on uusim vibrosaba, mis t\u00f6\u00f6tab suurep\u00e4raselt nii jigipeaga kui topeltkonksul, pakub elavat m\u00e4ngu juba v\u00e4ikseima raskusega ning meelitab kergesti nii ahvenat, koha kui haugi.<\/p>\n","protected":false},"featured_media":73862,"template":"","meta":{"_uag_custom_page_level_css":""},"product_brand":[1153],"product_cat":[1372],"product_tag":[],"class_list":{"0":"post-73863","1":"product","2":"type-product","3":"status-publish","4":"has-post-thumbnail","6":"product_brand-narval","7":"product_cat-skinny","8":"pa_brand-narval","10":"first","11":"instock","12":"taxable","13":"shipping-taxable","14":"purchasable","15":"product-type-simple"},"uagb_featured_image_src":{"full":["https:\/\/e-kalastus.b-cdn.net\/wp-content\/uploads\/2024\/07\/image-25662.png",800,800,false],"thumbnail":["https:\/\/e-kalastus.b-cdn.net\/wp-content\/uploads\/2024\/07\/image-25662-150x150.png.jpg",150,150,true],"medium":["https:\/\/e-kalastus.b-cdn.net\/wp-content\/uploads\/2024\/07\/image-25662-300x300.png.jpg",300,300,true],"medium_large":["https:\/\/e-kalastus.b-cdn.net\/wp-content\/uploads\/2024\/07\/image-25662-768x768.png.jpg",768,768,true],"large":["https:\/\/e-kalastus.b-cdn.net\/wp-content\/uploads\/2024\/07\/image-25662-800x800.png.jpg",800,800,true],"1536x1536":["https:\/\/e-kalastus.b-cdn.net\/wp-content\/uploads\/2024\/07\/image-25662.png",800,800,false],"2048x2048":["https:\/\/e-kalastus.b-cdn.net\/wp-content\/uploads\/2024\/07\/image-25662.png",800,800,false],"woocommerce_thumbnail":["https:\/\/e-kalastus.b-cdn.net\/wp-content\/uploads\/2024\/07\/image-25662-768x768.png.jpg",324,324,true],"woocommerce_single":["https:\/\/e-kalastus.b-cdn.net\/wp-content\/uploads\/2024\/07\/image-25662-768x768.png.jpg",416,416,true],"woocommerce_gallery_thumbnail":["https:\/\/e-kalastus.b-cdn.net\/wp-content\/uploads\/2024\/07\/image-25662-100x100.png.jpg",100,100,true]},"uagb_author_info":{"display_name":"Sergei Voronin","author_link":"https:\/\/e-kalastus.ee\/author\/"},"uagb_comment_info":0,"uagb_excerpt":"Narval Skinny on uusim vibrosaba, mis t\u00f6\u00f6tab suurep\u00e4raselt nii jigipeaga kui topeltkonksul, pakub elavat m\u00e4ngu juba v\u00e4ikseima raskusega ning meelitab kergesti nii ahvenat, koha kui haugi.","_links":{"self":[{"href":"https:\/\/e-kalastus.ee\/wp-json\/wp\/v2\/product\/73863","targetHints":{"allow":["GET"]}}],"collection":[{"href":"https:\/\/e-kalastus.ee\/wp-json\/wp\/v2\/product"}],"about":[{"href":"https:\/\/e-kalastus.ee\/wp-json\/wp\/v2\/types\/product"}],"wp:featuredmedia":[{"embeddable":true,"href":"https:\/\/e-kalastus.ee\/wp-json\/wp\/v2\/media\/73862"}],"wp:attachment":[{"href":"https:\/\/e-kalastus.ee\/wp-json\/wp\/v2\/media?parent=73863"}],"wp:term":[{"taxonomy":"product_brand","embeddable":true,"href":"https:\/\/e-kalastus.ee\/wp-json\/wp\/v2\/product_brand?post=73863"},{"taxonomy":"product_cat","embeddable":true,"href":"https:\/\/e-kalastus.ee\/wp-json\/wp\/v2\/product_cat?post=73863"},{"taxonomy":"product_tag","embeddable":true,"href":"https:\/\/e-kalastus.ee\/wp-json\/wp\/v2\/product_tag?post=73863"}],"curies":[{"name":"wp","href":"https:\/\/api.w.org\/{rel}","templated":true}]}}