{"id":73790,"date":"2024-07-27T08:51:24","date_gmt":"2024-07-27T05:51:24","guid":{"rendered":"https:\/\/e-kalastus.ee\/toode\/silikoon-narval-fishing-maxlug-20cm-2tk-047-black-gold\/"},"modified":"2026-04-16T16:16:30","modified_gmt":"2026-04-16T13:16:30","slug":"silikoon-narval-fishing-maxlug-20cm-2tk-047-black-gold","status":"publish","type":"product","link":"https:\/\/e-kalastus.ee\/fi\/tuotteet\/narval-fishing-maxlug-pehme-silikoniviehe-20cm-2kpl-047-black-gold\/","title":{"rendered":"Narval Fishing Maxlug 20cm 2kpl #047 Black Gold"},"content":{"rendered":"<p><\/p>\n<p>Narval Fishing Maxlug on pehme silikoniviehe, jolla on eritt\u00e4in pehme ja &#8221;el\u00e4v\u00e4&#8221; pyrst\u00f6. Suositellaan passiiviseen kalastukseen, jossa vieheen toiminta paljastuu vedess\u00e4 kevyesti nyk\u00e4isem\u00e4ll\u00e4 vavan k\u00e4rke\u00e4. T\u00e4m\u00e4 viehe sopii hauen ja ahvenen kalastukseen.<\/p>\n<p>Paketissa \u2013 2 kpl<br \/>\nPaino \u2013 30 g<br \/>\nPituus \u2013 20 cm<\/p>\n\n    <div class=\"xs_social_share_widget xs_share_url after_content \t\tmain_content  wslu-style-1 wslu-share-box-shaped wslu-fill-colored wslu-none wslu-share-horizontal wslu-theme-font-no wslu-main_content\">\n\n\t\t\n        <ul>\n\t\t\t        <\/ul>\n    <\/div>","protected":false},"excerpt":{"rendered":"<p>Narval Fishing Maxlug on 20 cm pitk\u00e4 ja 30 g painava pehme silikoniviehe &#8221;el\u00e4v\u00e4ll\u00e4&#8221; pyrst\u00f6ll\u00e4, ihanteellinen passiiviseen hauen ja ahvenen kalastukseen.<\/p>\n","protected":false},"featured_media":73789,"template":"","meta":{"_uag_custom_page_level_css":""},"product_brand":[1153],"product_cat":[1370],"product_tag":[],"class_list":{"0":"post-73790","1":"product","2":"type-product","3":"status-publish","4":"has-post-thumbnail","6":"product_brand-narval","7":"product_cat-maxlug","8":"pa_brand-narval","10":"first","11":"instock","12":"taxable","13":"shipping-taxable","14":"purchasable","15":"product-type-simple"},"uagb_featured_image_src":{"full":["https:\/\/e-kalastus.b-cdn.net\/wp-content\/uploads\/2024\/07\/image-25620.png",800,800,false],"thumbnail":["https:\/\/e-kalastus.b-cdn.net\/wp-content\/uploads\/2024\/07\/image-25620-150x150.png.jpg",150,150,true],"medium":["https:\/\/e-kalastus.b-cdn.net\/wp-content\/uploads\/2024\/07\/image-25620-300x300.png.jpg",300,300,true],"medium_large":["https:\/\/e-kalastus.b-cdn.net\/wp-content\/uploads\/2024\/07\/image-25620-768x768.png.jpg",768,768,true],"large":["https:\/\/e-kalastus.b-cdn.net\/wp-content\/uploads\/2024\/07\/image-25620-800x800.png.jpg",800,800,true],"1536x1536":["https:\/\/e-kalastus.b-cdn.net\/wp-content\/uploads\/2024\/07\/image-25620.png",800,800,false],"2048x2048":["https:\/\/e-kalastus.b-cdn.net\/wp-content\/uploads\/2024\/07\/image-25620.png",800,800,false],"woocommerce_thumbnail":["https:\/\/e-kalastus.b-cdn.net\/wp-content\/uploads\/2024\/07\/image-25620-768x768.png.jpg",324,324,true],"woocommerce_single":["https:\/\/e-kalastus.b-cdn.net\/wp-content\/uploads\/2024\/07\/image-25620-768x768.png.jpg",416,416,true],"woocommerce_gallery_thumbnail":["https:\/\/e-kalastus.b-cdn.net\/wp-content\/uploads\/2024\/07\/image-25620-100x100.png.jpg",100,100,true]},"uagb_author_info":{"display_name":"Sergei Voronin","author_link":"https:\/\/e-kalastus.ee\/fi\/author\/"},"uagb_comment_info":0,"uagb_excerpt":"Narval Fishing Maxlug on 20 cm pitk\u00e4 ja 30 g painava pehme silikoniviehe \"el\u00e4v\u00e4ll\u00e4\" pyrst\u00f6ll\u00e4, ihanteellinen passiiviseen hauen ja ahvenen kalastukseen.","_links":{"self":[{"href":"https:\/\/e-kalastus.ee\/fi\/wp-json\/wp\/v2\/product\/73790","targetHints":{"allow":["GET"]}}],"collection":[{"href":"https:\/\/e-kalastus.ee\/fi\/wp-json\/wp\/v2\/product"}],"about":[{"href":"https:\/\/e-kalastus.ee\/fi\/wp-json\/wp\/v2\/types\/product"}],"wp:featuredmedia":[{"embeddable":true,"href":"https:\/\/e-kalastus.ee\/fi\/wp-json\/wp\/v2\/media\/73789"}],"wp:attachment":[{"href":"https:\/\/e-kalastus.ee\/fi\/wp-json\/wp\/v2\/media?parent=73790"}],"wp:term":[{"taxonomy":"product_brand","embeddable":true,"href":"https:\/\/e-kalastus.ee\/fi\/wp-json\/wp\/v2\/product_brand?post=73790"},{"taxonomy":"product_cat","embeddable":true,"href":"https:\/\/e-kalastus.ee\/fi\/wp-json\/wp\/v2\/product_cat?post=73790"},{"taxonomy":"product_tag","embeddable":true,"href":"https:\/\/e-kalastus.ee\/fi\/wp-json\/wp\/v2\/product_tag?post=73790"}],"curies":[{"name":"wp","href":"https:\/\/api.w.org\/{rel}","templated":true}]}}