{"id":73716,"date":"2024-07-26T10:06:30","date_gmt":"2024-07-26T07:06:30","guid":{"rendered":"https:\/\/e-kalastus.ee\/toode\/silikoon-narval-choppy-tail-10cm-5tk-047-black-gold\/"},"modified":"2026-03-30T14:27:27","modified_gmt":"2026-03-30T11:27:27","slug":"silikoon-narval-choppy-tail-10cm-5tk-047-black-gold","status":"publish","type":"product","link":"https:\/\/e-kalastus.ee\/toode\/silikoon-narval-choppy-tail-10cm-5tk-047-black-gold\/","title":{"rendered":"Narval Choppy Tail 10cm 5tk #047 Black Gold"},"content":{"rendered":"<p><\/p>\n<p data-end=\"457\" data-start=\"114\"><strong data-end=\"147\" data-start=\"114\">&#8220;Rahutu saba&#8221; ehk Choppy Tail<\/strong> \u2013 nimi, mis iseloomustab selle landi d\u00fcnaamilist m\u00e4ngu. Ebaproportsionaalselt raske sabalaba peenikese keha suhtes v\u00f5ngub ilusti ja p\u00f6\u00f6rdub kord \u00fche, kord teise k\u00fcljega \u00fclespoole. Tekkinud tugevad vibratsioonid levivad kaugele \u00fcle veeala. M\u00e4ng p\u00fcsib stabiilsena nii voolu olemasolul kui ka selle puudumisel.<\/p>\n<p data-end=\"803\" data-start=\"459\">Siin on esitletud mudel <strong data-end=\"509\" data-start=\"483\">Narval Choppy Tail 100<\/strong>. Selle pikkus on 10 cm ja kaal 5,9 g. Vibrosaba hakkab t\u00f6\u00f6le kohe p\u00e4rast vette kukkumist. Saagi \u2013 n\u00e4iteks haugi, koha v\u00f5i ahvena \u2013 kiireks leidmiseks soovitavad arendajad kasutada liigendmontaa\u017ei ja astmelist animatsiooni. Suured raskused ja t\u00f5stetehnika aitavad l\u00e4bi p\u00fc\u00fcda s\u00fcgavamaid kohti.<\/p>\n<p data-end=\"866\" data-start=\"805\">Peamised \u201et\u00f6\u00f6moodulid\u201c: jigipea, t\u0161ebura\u0161ka ja offsetkonks.<\/p>\n<p><\/p>\n\n    <div class=\"xs_social_share_widget xs_share_url after_content \t\tmain_content  wslu-style-1 wslu-share-box-shaped wslu-fill-colored wslu-none wslu-share-horizontal wslu-theme-font-no wslu-main_content\">\n\n\t\t\n        <ul>\n\t\t\t        <\/ul>\n    <\/div>","protected":false},"excerpt":{"rendered":"<p>Narval Choppy Tail 100 on 10 cm ja 5,9 g vibrosabaga lant, mille d\u00fcnaamiline m\u00e4ng ja tugevad vibratsioonid meelitavad haugi, koha ja ahvenat ning toimivad h\u00e4sti nii voolus kui ka seisvas vees.<\/p>\n","protected":false},"featured_media":73715,"template":"","meta":{"_uag_custom_page_level_css":""},"product_brand":[1153],"product_cat":[1366],"product_tag":[],"class_list":{"0":"post-73716","1":"product","2":"type-product","3":"status-publish","4":"has-post-thumbnail","6":"product_brand-narval","7":"product_cat-choppy-tail","8":"pa_brand-narval","10":"first","11":"instock","12":"taxable","13":"shipping-taxable","14":"purchasable","15":"product-type-simple"},"uagb_featured_image_src":{"full":["https:\/\/e-kalastus.b-cdn.net\/wp-content\/uploads\/2024\/07\/image-25451.png",1000,758,false],"thumbnail":["https:\/\/e-kalastus.b-cdn.net\/wp-content\/uploads\/2024\/07\/image-25451-150x150.png.jpg",150,150,true],"medium":["https:\/\/e-kalastus.b-cdn.net\/wp-content\/uploads\/2024\/07\/image-25451-300x300.png.jpg",300,300,true],"medium_large":["https:\/\/e-kalastus.b-cdn.net\/wp-content\/uploads\/2024\/07\/image-25451-768x768.png.jpg",768,768,true],"large":["https:\/\/e-kalastus.b-cdn.net\/wp-content\/uploads\/2024\/07\/image-25451-800x800.png.jpg",800,800,true],"1536x1536":["https:\/\/e-kalastus.b-cdn.net\/wp-content\/uploads\/2024\/07\/image-25451.png",1000,758,false],"2048x2048":["https:\/\/e-kalastus.b-cdn.net\/wp-content\/uploads\/2024\/07\/image-25451.png",1000,758,false],"woocommerce_thumbnail":["https:\/\/e-kalastus.b-cdn.net\/wp-content\/uploads\/2024\/07\/image-25451-768x768.png.jpg",324,324,true],"woocommerce_single":["https:\/\/e-kalastus.b-cdn.net\/wp-content\/uploads\/2024\/07\/image-25451.png",416,315,false],"woocommerce_gallery_thumbnail":["https:\/\/e-kalastus.b-cdn.net\/wp-content\/uploads\/2024\/07\/image-25451-100x100.png.jpg",100,100,true]},"uagb_author_info":{"display_name":"Sergei Voronin","author_link":"https:\/\/e-kalastus.ee\/author\/"},"uagb_comment_info":0,"uagb_excerpt":"Narval Choppy Tail 100 on 10 cm ja 5,9 g vibrosabaga lant, mille d\u00fcnaamiline m\u00e4ng ja tugevad vibratsioonid meelitavad haugi, koha ja ahvenat ning toimivad h\u00e4sti nii voolus kui ka seisvas vees.","_links":{"self":[{"href":"https:\/\/e-kalastus.ee\/wp-json\/wp\/v2\/product\/73716","targetHints":{"allow":["GET"]}}],"collection":[{"href":"https:\/\/e-kalastus.ee\/wp-json\/wp\/v2\/product"}],"about":[{"href":"https:\/\/e-kalastus.ee\/wp-json\/wp\/v2\/types\/product"}],"wp:featuredmedia":[{"embeddable":true,"href":"https:\/\/e-kalastus.ee\/wp-json\/wp\/v2\/media\/73715"}],"wp:attachment":[{"href":"https:\/\/e-kalastus.ee\/wp-json\/wp\/v2\/media?parent=73716"}],"wp:term":[{"taxonomy":"product_brand","embeddable":true,"href":"https:\/\/e-kalastus.ee\/wp-json\/wp\/v2\/product_brand?post=73716"},{"taxonomy":"product_cat","embeddable":true,"href":"https:\/\/e-kalastus.ee\/wp-json\/wp\/v2\/product_cat?post=73716"},{"taxonomy":"product_tag","embeddable":true,"href":"https:\/\/e-kalastus.ee\/wp-json\/wp\/v2\/product_tag?post=73716"}],"curies":[{"name":"wp","href":"https:\/\/api.w.org\/{rel}","templated":true}]}}