{"id":73372,"date":"2024-07-18T12:51:02","date_gmt":"2024-07-18T09:51:02","guid":{"rendered":"https:\/\/e-kalastus.ee\/toode\/akulaadija-victron-energy-blue-smart-ip65-12-5\/"},"modified":"2026-03-30T14:19:07","modified_gmt":"2026-03-30T11:19:07","slug":"akulaadija-victron-energy-blue-smart-ip65-12-5","status":"publish","type":"product","link":"https:\/\/e-kalastus.ee\/fi\/tuotteet\/akkulaturi-victron-energy-blue-smart-ip65-12-5\/","title":{"rendered":"Akkulaturi Victron Energy Blue Smart IP65 12\/5"},"content":{"rendered":"<p><\/p>\n<p>Victron Blue Smart IP65 12V 5A on uusi \u00e4lyk\u00e4s ammattimainen akkulaturi, jossa on sis\u00e4\u00e4nrakennettu Bluetooth-yhteys. Victron Blue Smart IP65 akkulaturi on suunniteltu k\u00e4ytett\u00e4v\u00e4ksi sek\u00e4 ty\u00f6pajoissa ett\u00e4 moottoriajoneuvoissa, kuten autoissa, moottoripy\u00f6riss\u00e4, veneiss\u00e4 ja asuntovaunuissa.<\/p>\n<p>Victron Blue Smart IP65 12V 5A akkulaturi on kannattava ostaa, koska:<\/p>\n<ul>\n<li>se lataa akkua \u00e4lykk\u00e4\u00e4sti ihanteelliseen lataustilaan \u2013 7-vaiheinen latausalgoritmi tarjoaa akulle tarvittavan tehon, huoltaa akkua ja varmistaa paremman akun kunnon sek\u00e4 pidemm\u00e4n k\u00e4ytt\u00f6i\u00e4n;<\/li>\n<li>se palauttaa my\u00f6s syv\u00e4sti purkautuneet akut \u2013 toisin kuin monet muut \u00e4lykk\u00e4\u00e4t akkulaturit, Blue Smart IP65 pystyy lataamaan my\u00f6s syv\u00e4sti purkautuneita akkuja lataamalla niit\u00e4 jatkuvalla matalalla virralla. Kun riitt\u00e4v\u00e4 napaj\u00e4nnite on palautunut, Blue Smart IP65 jatkaa normaalia lataustilaa.<\/li>\n<li>laturia on helppo kytke\u00e4. Victron Blue Smart IP65 tulee mukana tavallisilla liitinkouruilla ja M8-pultin alle asennettavilla liitinlenkeill\u00e4. Halutessaan laturin voi j\u00e4tt\u00e4\u00e4 pysyv\u00e4sti kytkettyn\u00e4.<\/li>\n<li>Blue Smart IP65 akkulaturit on varustettu sis\u00e4\u00e4nrakennetulla Bluetooth-yhteydell\u00e4, joten laturin toimintaa ja akun tilaa voi seurata \u00e4lypuhelimesta sovelluksen kautta. VictronConnect-sovelluksella voi my\u00f6s muuttaa latausasetuksia.<\/li>\n<\/ul>\n<p><\/p>\n\n    <div class=\"xs_social_share_widget xs_share_url after_content \t\tmain_content  wslu-style-1 wslu-share-box-shaped wslu-fill-colored wslu-none wslu-share-horizontal wslu-theme-font-no wslu-main_content\">\n\n\t\t\n        <ul>\n\t\t\t        <\/ul>\n    <\/div>","protected":false},"excerpt":{"rendered":"<p>Victron Blue Smart IP65 12V 5A on uusi \u00e4lyk\u00e4s ammattimainen akkulaturi, jossa on sis\u00e4\u00e4nrakennettu Bluetooth-yhteys. Victron Blue Smart IP65 akkulaturi on suunniteltu k\u00e4ytett\u00e4v\u00e4ksi sek\u00e4 ty\u00f6pajoissa ett\u00e4 moottoriajoneuvoissa, kuten autoissa, moottoripy\u00f6riss\u00e4, veneiss\u00e4 ja asuntovaunuissa. Victron Blue Smart IP65 12V 5A akkulaturi on kannattava ostaa, koska: se lataa akkua \u00e4lykk\u00e4\u00e4sti ihanteelliseen lataustilaan \u2013 7-vaiheinen latausalgoritmi tarjoaa akulle [&hellip;]<\/p>\n","protected":false},"featured_media":73371,"template":"","meta":{"_uag_custom_page_level_css":""},"product_brand":[],"product_cat":[1215],"product_tag":[],"class_list":{"0":"post-73372","1":"product","2":"type-product","3":"status-publish","4":"has-post-thumbnail","6":"product_cat-akud-ja-laadijad","8":"first","9":"instock","10":"sale","11":"taxable","12":"shipping-taxable","13":"purchasable","14":"product-type-simple"},"uagb_featured_image_src":{"full":["https:\/\/e-kalastus.b-cdn.net\/wp-content\/uploads\/2024\/07\/image-25227.png",800,527,false],"thumbnail":["https:\/\/e-kalastus.b-cdn.net\/wp-content\/uploads\/2024\/07\/image-25227-150x150.png.jpg",150,150,true],"medium":["https:\/\/e-kalastus.b-cdn.net\/wp-content\/uploads\/2024\/07\/image-25227-300x300.png.jpg",300,300,true],"medium_large":["https:\/\/e-kalastus.b-cdn.net\/wp-content\/uploads\/2024\/07\/image-25227-768x768.png.jpg",768,768,true],"large":["https:\/\/e-kalastus.b-cdn.net\/wp-content\/uploads\/2024\/07\/image-25227-800x800.png.jpg",800,800,true],"1536x1536":["https:\/\/e-kalastus.b-cdn.net\/wp-content\/uploads\/2024\/07\/image-25227.png",800,527,false],"2048x2048":["https:\/\/e-kalastus.b-cdn.net\/wp-content\/uploads\/2024\/07\/image-25227.png",800,527,false],"woocommerce_thumbnail":["https:\/\/e-kalastus.b-cdn.net\/wp-content\/uploads\/2024\/07\/image-25227-768x768.png.jpg",324,324,true],"woocommerce_single":["https:\/\/e-kalastus.b-cdn.net\/wp-content\/uploads\/2024\/07\/image-25227.png",416,274,false],"woocommerce_gallery_thumbnail":["https:\/\/e-kalastus.b-cdn.net\/wp-content\/uploads\/2024\/07\/image-25227-100x100.png.jpg",100,100,true]},"uagb_author_info":{"display_name":"Sergei Voronin","author_link":"https:\/\/e-kalastus.ee\/fi\/author\/"},"uagb_comment_info":0,"uagb_excerpt":"Victron Blue Smart IP65 12V 5A on uusi \u00e4lyk\u00e4s ammattimainen akkulaturi, jossa on sis\u00e4\u00e4nrakennettu Bluetooth-yhteys. Victron Blue Smart IP65 akkulaturi on suunniteltu k\u00e4ytett\u00e4v\u00e4ksi sek\u00e4 ty\u00f6pajoissa ett\u00e4 moottoriajoneuvoissa, kuten autoissa, moottoripy\u00f6riss\u00e4, veneiss\u00e4 ja asuntovaunuissa. Victron Blue Smart IP65 12V 5A akkulaturi on kannattava ostaa, koska: se lataa akkua \u00e4lykk\u00e4\u00e4sti ihanteelliseen lataustilaan \u2013 7-vaiheinen latausalgoritmi tarjoaa akulle&hellip;","_links":{"self":[{"href":"https:\/\/e-kalastus.ee\/fi\/wp-json\/wp\/v2\/product\/73372","targetHints":{"allow":["GET"]}}],"collection":[{"href":"https:\/\/e-kalastus.ee\/fi\/wp-json\/wp\/v2\/product"}],"about":[{"href":"https:\/\/e-kalastus.ee\/fi\/wp-json\/wp\/v2\/types\/product"}],"wp:featuredmedia":[{"embeddable":true,"href":"https:\/\/e-kalastus.ee\/fi\/wp-json\/wp\/v2\/media\/73371"}],"wp:attachment":[{"href":"https:\/\/e-kalastus.ee\/fi\/wp-json\/wp\/v2\/media?parent=73372"}],"wp:term":[{"taxonomy":"product_brand","embeddable":true,"href":"https:\/\/e-kalastus.ee\/fi\/wp-json\/wp\/v2\/product_brand?post=73372"},{"taxonomy":"product_cat","embeddable":true,"href":"https:\/\/e-kalastus.ee\/fi\/wp-json\/wp\/v2\/product_cat?post=73372"},{"taxonomy":"product_tag","embeddable":true,"href":"https:\/\/e-kalastus.ee\/fi\/wp-json\/wp\/v2\/product_tag?post=73372"}],"curies":[{"name":"wp","href":"https:\/\/api.w.org\/{rel}","templated":true}]}}