{"id":719,"date":"2023-08-08T12:58:08","date_gmt":"2023-08-08T09:58:08","guid":{"rendered":"https:\/\/e-kalastus.ee\/toode\/noor-daiwa-tournament-evo-x8-1-012mm-135m-green\/"},"modified":"2026-03-30T14:42:10","modified_gmt":"2026-03-30T11:42:10","slug":"noor-daiwa-tournament-evo-x8-1-012mm-135m-green","status":"publish","type":"product","link":"https:\/\/e-kalastus.ee\/toode\/noor-daiwa-tournament-evo-x8-1-012mm-135m-green\/","title":{"rendered":"Daiwa Tournament EVO X8 #1 0,12mm 8,6kg 135m Green"},"content":{"rendered":"<p><span style=\"font-size: 13px\">+8 punutise konstruktsioon.<\/span><br style=\"font-size: 13px\" \/><br \/>\n<span style=\"font-size: 13px\">+Absoluutselt \u00fcmarpunutud.<\/span><br style=\"font-size: 13px\" \/><br \/>\n<span style=\"font-size: 13px\">+Silikoonpinnakate.<\/span><br style=\"font-size: 13px\" \/><br \/>\n<span style=\"font-size: 13px\">+K\u00f5rge lineaarne tugevus.<\/span><br style=\"font-size: 13px\" \/><br \/>\n<span style=\"font-size: 13px\">+K\u00f5rge m\u00e4rgs\u00f5lmede tugevus.<\/span><br style=\"font-size: 13px\" \/><br \/>\n<span style=\"font-size: 13px\">+Ei veni.<\/span><br style=\"font-size: 13px\" \/><br \/>\n<span style=\"font-size: 13px\">+Valmistatud Jaapanis.<\/span><\/p>\n\n    <div class=\"xs_social_share_widget xs_share_url after_content \t\tmain_content  wslu-style-1 wslu-share-box-shaped wslu-fill-colored wslu-none wslu-share-horizontal wslu-theme-font-no wslu-main_content\">\n\n\t\t\n        <ul>\n\t\t\t        <\/ul>\n    <\/div>","protected":false},"excerpt":{"rendered":"<p>Sellisena on Tournament 8 Braid EVO+ tehniliselt \u00fcks maailma parimaid punutud n\u00f6\u00f6re turul. EVO+ pind ei l\u00f5hene isegi sagedase kasutamise korral ning s\u00e4ilitab oma \u00fcmara l\u00e4bim\u00f5\u00f5du.<\/p>\n","protected":false},"featured_media":72547,"template":"","meta":{"_uag_custom_page_level_css":""},"product_brand":[1557],"product_cat":[1158],"product_tag":[],"class_list":{"0":"post-719","1":"product","2":"type-product","3":"status-publish","4":"has-post-thumbnail","6":"product_brand-daiwa","7":"product_cat-noorid","8":"pa_brand-daiwa","9":"pa_labimoot-0-11-0-20mm","11":"first","12":"instock","13":"taxable","14":"shipping-taxable","15":"purchasable","16":"product-type-simple"},"uagb_featured_image_src":{"full":["https:\/\/e-kalastus.b-cdn.net\/wp-content\/uploads\/2024\/07\/Unknown-246.jpg",225,225,false],"thumbnail":["https:\/\/e-kalastus.b-cdn.net\/wp-content\/uploads\/2024\/07\/Unknown-246-150x150.jpg",150,150,true],"medium":["https:\/\/e-kalastus.b-cdn.net\/wp-content\/uploads\/2024\/07\/Unknown-246-300x300.jpg",300,300,true],"medium_large":["https:\/\/e-kalastus.b-cdn.net\/wp-content\/uploads\/2024\/07\/Unknown-246-768x768.jpg",768,768,true],"large":["https:\/\/e-kalastus.b-cdn.net\/wp-content\/uploads\/2024\/07\/Unknown-246-800x800.jpg",800,800,true],"1536x1536":["https:\/\/e-kalastus.b-cdn.net\/wp-content\/uploads\/2024\/07\/Unknown-246.jpg",225,225,false],"2048x2048":["https:\/\/e-kalastus.b-cdn.net\/wp-content\/uploads\/2024\/07\/Unknown-246.jpg",225,225,false],"woocommerce_thumbnail":["https:\/\/e-kalastus.b-cdn.net\/wp-content\/uploads\/2024\/07\/Unknown-246-768x768.jpg",324,324,true],"woocommerce_single":["https:\/\/e-kalastus.b-cdn.net\/wp-content\/uploads\/2024\/07\/Unknown-246-768x768.jpg",416,416,true],"woocommerce_gallery_thumbnail":["https:\/\/e-kalastus.b-cdn.net\/wp-content\/uploads\/2024\/07\/Unknown-246-100x100.jpg",100,100,true]},"uagb_author_info":{"display_name":"adam.mrozek","author_link":"https:\/\/e-kalastus.ee\/author\/"},"uagb_comment_info":0,"uagb_excerpt":"Sellisena on Tournament 8 Braid EVO+ tehniliselt \u00fcks maailma parimaid punutud n\u00f6\u00f6re turul. EVO+ pind ei l\u00f5hene isegi sagedase kasutamise korral ning s\u00e4ilitab oma \u00fcmara l\u00e4bim\u00f5\u00f5du.","_links":{"self":[{"href":"https:\/\/e-kalastus.ee\/wp-json\/wp\/v2\/product\/719","targetHints":{"allow":["GET"]}}],"collection":[{"href":"https:\/\/e-kalastus.ee\/wp-json\/wp\/v2\/product"}],"about":[{"href":"https:\/\/e-kalastus.ee\/wp-json\/wp\/v2\/types\/product"}],"wp:featuredmedia":[{"embeddable":true,"href":"https:\/\/e-kalastus.ee\/wp-json\/wp\/v2\/media\/72547"}],"wp:attachment":[{"href":"https:\/\/e-kalastus.ee\/wp-json\/wp\/v2\/media?parent=719"}],"wp:term":[{"taxonomy":"product_brand","embeddable":true,"href":"https:\/\/e-kalastus.ee\/wp-json\/wp\/v2\/product_brand?post=719"},{"taxonomy":"product_cat","embeddable":true,"href":"https:\/\/e-kalastus.ee\/wp-json\/wp\/v2\/product_cat?post=719"},{"taxonomy":"product_tag","embeddable":true,"href":"https:\/\/e-kalastus.ee\/wp-json\/wp\/v2\/product_tag?post=719"}],"curies":[{"name":"wp","href":"https:\/\/api.w.org\/{rel}","templated":true}]}}