{"id":63631,"date":"2024-06-20T23:50:58","date_gmt":"2024-06-20T20:50:58","guid":{"rendered":"https:\/\/e-kalastus.ee\/toode\/vedel-lisand-traper-bream-molasses-350g-02042\/"},"modified":"2026-03-30T14:24:58","modified_gmt":"2026-03-30T11:24:58","slug":"vedel-lisand-traper-bream-molasses-350g-02042","status":"publish","type":"product","link":"https:\/\/e-kalastus.ee\/toode\/vedel-lisand-traper-bream-molasses-350g-02042\/","title":{"rendered":"Vedel lisand Traper Bream Molasses 350g 02042"},"content":{"rendered":"\n    <div class=\"xs_social_share_widget xs_share_url after_content \t\tmain_content  wslu-style-1 wslu-share-box-shaped wslu-fill-colored wslu-none wslu-share-horizontal wslu-theme-font-no wslu-main_content\">\n\n\t\t\n        <ul>\n\t\t\t        <\/ul>\n    <\/div> \n","protected":false},"excerpt":{"rendered":"<p>Maitset- ja struktuuri kujundav s\u00f6\u00f6dalisand<\/p>\n<p>Melass tuleb lahustada veega vahekorras 1:1, seej\u00e4rel niisutada s\u00f6\u00f6ta selle lahusega. Seega annab melass magusa maitse, liimib segu kokku, aeglustades seel\u00e4bi selle t\u00f6\u00f6d, mis on kasulik latika ja teiste suurte kalade p\u00fc\u00fcdmisel. Vajadusel niisutage saadud segu sama veekogu veega, millest p\u00fc\u00fcate.<\/p>\n<p>Traperi melassis sisalduvad betaiin ja maitselisandid suurendavad selle lisandi efektiivsust ja ergutavad kala isu.<\/p>\n","protected":false},"featured_media":63630,"template":"","meta":{"_uag_custom_page_level_css":""},"product_brand":[],"product_cat":[1231],"product_tag":[],"class_list":{"0":"post-63631","1":"product","2":"type-product","3":"status-publish","4":"has-post-thumbnail","6":"product_cat-vedelad-lisandid","8":"first","9":"instock","10":"sale","11":"taxable","12":"shipping-taxable","13":"purchasable","14":"product-type-simple"},"uagb_featured_image_src":{"full":["https:\/\/e-kalastus.b-cdn.net\/wp-content\/uploads\/2024\/06\/image-24457.png",600,600,false],"thumbnail":["https:\/\/e-kalastus.b-cdn.net\/wp-content\/uploads\/2024\/06\/image-24457-150x150.png.jpg",150,150,true],"medium":["https:\/\/e-kalastus.b-cdn.net\/wp-content\/uploads\/2024\/06\/image-24457-300x300.png.jpg",300,300,true],"medium_large":["https:\/\/e-kalastus.b-cdn.net\/wp-content\/uploads\/2024\/06\/image-24457-768x768.png.jpg",768,768,true],"large":["https:\/\/e-kalastus.b-cdn.net\/wp-content\/uploads\/2024\/06\/image-24457-800x800.png.jpg",800,800,true],"1536x1536":["https:\/\/e-kalastus.b-cdn.net\/wp-content\/uploads\/2024\/06\/image-24457.png",600,600,false],"2048x2048":["https:\/\/e-kalastus.b-cdn.net\/wp-content\/uploads\/2024\/06\/image-24457.png",600,600,false],"woocommerce_thumbnail":["https:\/\/e-kalastus.b-cdn.net\/wp-content\/uploads\/2024\/06\/image-24457-768x768.png.jpg",324,324,true],"woocommerce_single":["https:\/\/e-kalastus.b-cdn.net\/wp-content\/uploads\/2024\/06\/image-24457-768x768.png.jpg",416,416,true],"woocommerce_gallery_thumbnail":["https:\/\/e-kalastus.b-cdn.net\/wp-content\/uploads\/2024\/06\/image-24457-100x100.png.jpg",100,100,true]},"uagb_author_info":{"display_name":"adam.mrozek","author_link":"https:\/\/e-kalastus.ee\/author\/"},"uagb_comment_info":0,"uagb_excerpt":"Maitset- ja struktuuri kujundav s\u00f6\u00f6dalisand Melass tuleb lahustada veega vahekorras 1:1, seej\u00e4rel niisutada s\u00f6\u00f6ta selle lahusega. Seega annab melass magusa maitse, liimib segu kokku, aeglustades seel\u00e4bi selle t\u00f6\u00f6d, mis on kasulik latika ja teiste suurte kalade p\u00fc\u00fcdmisel. Vajadusel niisutage saadud segu sama veekogu veega, millest p\u00fc\u00fcate. Traperi melassis sisalduvad betaiin ja maitselisandid suurendavad selle lisandi&hellip;","_links":{"self":[{"href":"https:\/\/e-kalastus.ee\/wp-json\/wp\/v2\/product\/63631","targetHints":{"allow":["GET"]}}],"collection":[{"href":"https:\/\/e-kalastus.ee\/wp-json\/wp\/v2\/product"}],"about":[{"href":"https:\/\/e-kalastus.ee\/wp-json\/wp\/v2\/types\/product"}],"wp:featuredmedia":[{"embeddable":true,"href":"https:\/\/e-kalastus.ee\/wp-json\/wp\/v2\/media\/63630"}],"wp:attachment":[{"href":"https:\/\/e-kalastus.ee\/wp-json\/wp\/v2\/media?parent=63631"}],"wp:term":[{"taxonomy":"product_brand","embeddable":true,"href":"https:\/\/e-kalastus.ee\/wp-json\/wp\/v2\/product_brand?post=63631"},{"taxonomy":"product_cat","embeddable":true,"href":"https:\/\/e-kalastus.ee\/wp-json\/wp\/v2\/product_cat?post=63631"},{"taxonomy":"product_tag","embeddable":true,"href":"https:\/\/e-kalastus.ee\/wp-json\/wp\/v2\/product_tag?post=63631"}],"curies":[{"name":"wp","href":"https:\/\/api.w.org\/{rel}","templated":true}]}}