{"id":63405,"date":"2024-06-06T17:22:35","date_gmt":"2024-06-06T14:22:35","guid":{"rendered":"https:\/\/e-kalastus.ee\/toode\/talirull-jig-it-team-dubna-chilly-moon-lh-vasak-kasi\/"},"modified":"2026-04-16T15:26:26","modified_gmt":"2026-04-16T12:26:26","slug":"talirull-jig-it-team-dubna-chilly-moon-lh-vasak-kasi","status":"publish","type":"product","link":"https:\/\/e-kalastus.ee\/fi\/tuotteet\/pilkkikelkela-jig-it-team-dubna-chilly-moon-lh-vasenkatinen\/","title":{"rendered":"Pilkkikelkela Jig It Team Dubna Chilly Moon LH (vasenk\u00e4tinen)"},"content":{"rendered":"<p><\/p>\n<p>&gt;Vasenk\u00e4tinen malli<\/p>\n<p>&gt;V\u00e4lit\u00f6n antik\u00e4\u00e4nt\u00f6<\/p>\n<p>&gt;Suurnopeusvaihde 2.8:1<\/p>\n<p>&gt;7 kuulalaakeria + 1 rullalaakeri<\/p>\n<p>&gt;Pudotusvipu<\/p>\n<p>&gt;Magneettinen pudotusnopeusj\u00e4rjestelm\u00e4<\/p>\n<p>&gt;Alumiinirulla<\/p>\n<p>&gt;Korkealujuuskomposiittirunko<\/p>\n<p>&gt;Solmuntorjuntajohdin<\/p>\n<p>&gt;Paino 197g<\/p>\n<p><\/p>\n\n    <div class=\"xs_social_share_widget xs_share_url after_content \t\tmain_content  wslu-style-1 wslu-share-box-shaped wslu-fill-colored wslu-none wslu-share-horizontal wslu-theme-font-no wslu-main_content\">\n\n\t\t\n        <ul>\n\t\t\t        <\/ul>\n    <\/div>","protected":false},"excerpt":{"rendered":"<p>&gt;Vasenk\u00e4tinen malli &gt;V\u00e4lit\u00f6n antik\u00e4\u00e4nt\u00f6 &gt;Suurnopeusvaihde 2.8:1 &gt;7 kuulalaakeria + 1 rullalaakeri &gt;Pudotusvipu &gt;Magneettinen pudotusnopeusj\u00e4rjestelm\u00e4 &gt;Alumiinirulla &gt;Korkealujuuskomposiittirunko &gt;Solmuntorjuntajohdin &gt;Paino 197g<\/p>\n","protected":false},"featured_media":63404,"template":"","meta":{"_uag_custom_page_level_css":""},"product_brand":[],"product_cat":[1174],"product_tag":[],"class_list":{"0":"post-63405","1":"product","2":"type-product","3":"status-publish","4":"has-post-thumbnail","6":"product_cat-talirullid","8":"first","9":"instock","10":"taxable","11":"shipping-taxable","12":"purchasable","13":"product-type-simple"},"uagb_featured_image_src":{"full":["https:\/\/e-kalastus.b-cdn.net\/wp-content\/uploads\/2024\/06\/katushka-zimnyaya-jig-it-team-dubna-chilly-moon-pg-02-b.jpg",931,1000,false],"thumbnail":["https:\/\/e-kalastus.b-cdn.net\/wp-content\/uploads\/2024\/06\/katushka-zimnyaya-jig-it-team-dubna-chilly-moon-pg-02-b-150x150.jpg",150,150,true],"medium":["https:\/\/e-kalastus.b-cdn.net\/wp-content\/uploads\/2024\/06\/katushka-zimnyaya-jig-it-team-dubna-chilly-moon-pg-02-b-300x300.jpg",300,300,true],"medium_large":["https:\/\/e-kalastus.b-cdn.net\/wp-content\/uploads\/2024\/06\/katushka-zimnyaya-jig-it-team-dubna-chilly-moon-pg-02-b-768x768.jpg",768,768,true],"large":["https:\/\/e-kalastus.b-cdn.net\/wp-content\/uploads\/2024\/06\/katushka-zimnyaya-jig-it-team-dubna-chilly-moon-pg-02-b-800x800.jpg",800,800,true],"1536x1536":["https:\/\/e-kalastus.b-cdn.net\/wp-content\/uploads\/2024\/06\/katushka-zimnyaya-jig-it-team-dubna-chilly-moon-pg-02-b.jpg",931,1000,false],"2048x2048":["https:\/\/e-kalastus.b-cdn.net\/wp-content\/uploads\/2024\/06\/katushka-zimnyaya-jig-it-team-dubna-chilly-moon-pg-02-b.jpg",931,1000,false],"woocommerce_thumbnail":["https:\/\/e-kalastus.b-cdn.net\/wp-content\/uploads\/2024\/06\/katushka-zimnyaya-jig-it-team-dubna-chilly-moon-pg-02-b-768x768.jpg",324,324,true],"woocommerce_single":["https:\/\/e-kalastus.b-cdn.net\/wp-content\/uploads\/2024\/06\/katushka-zimnyaya-jig-it-team-dubna-chilly-moon-pg-02-b.jpg",416,447,false],"woocommerce_gallery_thumbnail":["https:\/\/e-kalastus.b-cdn.net\/wp-content\/uploads\/2024\/06\/katushka-zimnyaya-jig-it-team-dubna-chilly-moon-pg-02-b-100x100.jpg",100,100,true]},"uagb_author_info":{"display_name":"adam.mrozek","author_link":"https:\/\/e-kalastus.ee\/fi\/author\/"},"uagb_comment_info":0,"uagb_excerpt":"&gt;Vasenk\u00e4tinen malli &gt;V\u00e4lit\u00f6n antik\u00e4\u00e4nt\u00f6 &gt;Suurnopeusvaihde 2.8:1 &gt;7 kuulalaakeria + 1 rullalaakeri &gt;Pudotusvipu &gt;Magneettinen pudotusnopeusj\u00e4rjestelm\u00e4 &gt;Alumiinirulla &gt;Korkealujuuskomposiittirunko &gt;Solmuntorjuntajohdin &gt;Paino 197g","_links":{"self":[{"href":"https:\/\/e-kalastus.ee\/fi\/wp-json\/wp\/v2\/product\/63405","targetHints":{"allow":["GET"]}}],"collection":[{"href":"https:\/\/e-kalastus.ee\/fi\/wp-json\/wp\/v2\/product"}],"about":[{"href":"https:\/\/e-kalastus.ee\/fi\/wp-json\/wp\/v2\/types\/product"}],"wp:featuredmedia":[{"embeddable":true,"href":"https:\/\/e-kalastus.ee\/fi\/wp-json\/wp\/v2\/media\/63404"}],"wp:attachment":[{"href":"https:\/\/e-kalastus.ee\/fi\/wp-json\/wp\/v2\/media?parent=63405"}],"wp:term":[{"taxonomy":"product_brand","embeddable":true,"href":"https:\/\/e-kalastus.ee\/fi\/wp-json\/wp\/v2\/product_brand?post=63405"},{"taxonomy":"product_cat","embeddable":true,"href":"https:\/\/e-kalastus.ee\/fi\/wp-json\/wp\/v2\/product_cat?post=63405"},{"taxonomy":"product_tag","embeddable":true,"href":"https:\/\/e-kalastus.ee\/fi\/wp-json\/wp\/v2\/product_tag?post=63405"}],"curies":[{"name":"wp","href":"https:\/\/api.w.org\/{rel}","templated":true}]}}