{"id":63370,"date":"2024-06-05T15:52:37","date_gmt":"2024-06-05T12:52:37","guid":{"rendered":"https:\/\/e-kalastus.ee\/toode\/thermacell-e55-elektrooniline-saasepeletaja\/"},"modified":"2026-03-30T14:20:52","modified_gmt":"2026-03-30T11:20:52","slug":"thermacell-e55-elektrooniline-saasepeletaja","status":"publish","type":"product","link":"https:\/\/e-kalastus.ee\/toode\/thermacell-e55-elektrooniline-saasepeletaja\/","title":{"rendered":"Thermacell E55 Elektrooniline S\u00e4\u00e4sepeletaja"},"content":{"rendered":"<p><\/p>\n<p style=\"margin-left:0px\">Akutoitel s\u00e4\u00e4sepeletaja ThermaCELL E55 t\u00f5rjub s\u00e4\u00e4ski t\u00f5husalt, tekitades enda \u00fcmber umbes 29 m\u00b2 suuruse s\u00e4\u00e4sekaitsev\u00f6\u00f6ndi.<\/p>\n<p style=\"margin-left:0px\">V\u00f5itke \u00fche nupuvajutusega k\u00f5ige hullem s\u00e4\u00e4ser\u00fcnnak. Uuel juhtmevabal Thermacelli s\u00e4\u00e4sepeletajal on pikem t\u00f6\u00f6aeg, optimeeritud t\u00f5rjetulemus ja see on juhitav \u00fchest nupust. Parima tulemuse saavutamiseks loodud ThermaCell E55 on vaba sekeldustest, h\u00f5lpsasti kasutatav, taaslaetav, l\u00f5hnavaba ja kompaktne. Kuna E55 toidab liitiumioonaku, mitte Thermacelli gaasiballoonid, on see \u00f5hus\u00f5idukis\u00f5bralik ja t\u00e4iesti kasutatav igal k\u00f5rgusel.<br \/>Lihtsasti \u00fchest nupust juhitav. L\u00fclitage see sisse \u2026 ja s\u00e4\u00e4sed on kadunud!<\/p>\n<p style=\"margin-left:0px\">S\u00e4\u00e4sepeletaja ilma nahale kantavate kemikaalideta nagu pihustid v\u00f5i kreemid. DEET-vaba ja l\u00f5hnavaba.<br \/>Vastab lennuohutuse reeglitele ja on \u00fclimalt kaasaskantav. T\u00f6\u00f6tab samaviisi igal k\u00f5rgusel.<br \/>T\u00f6\u00f6tab 6,5+ tundi \u00fche laadimisega. Saab kasutada laadimise ka ajal.<br \/>Laeb t\u00e4ielikult t\u00e4is 5 tunni jooksul.<br \/>Lukustused reisimiseks, valikuline automaatne v\u00e4ljal\u00fclitusaeg (2 tunni p\u00e4rast) v\u00f5i pidev t\u00f6\u00f6.<br \/>T\u00f5rjub s\u00e4\u00e4ski kuni 40 tundi \u00fche t\u00e4itekassetiga (t\u00e4itepakendeid m\u00fc\u00fcakse eraldi).<br \/>Kaitseb 29 m\u00b2 suurust ala.<br \/>Vastupidav, kompaktne ja v\u00f5imas.<\/p>\n<p style=\"margin-left:0px\">Komplektis: E55 s\u00e4\u00e4sepeletaja, 40-tunnine t\u00e4itekassett ja USB-laadimiskaabel. Varustatud aku n\u00e4idikuga.<br \/>HOIUSTAMISE M\u00c4RKUS: Enne pikemat hoiustamist laadige aku t\u00e4ielikult.<\/p>\n<p style=\"margin-left:0px\">Toimeaine: Metoflutriin\/pralletriin<br \/>Kokkupanek: Valmis kasutamiseks<br \/>Aku: Sisseehitatud taaslaetav Li-ion<br \/>M\u00f5\u00f5tmed: 7.4x 7.4 x 8.4 cm (PxLxK)<br \/>Kaitse kestus (tundides): 40<br \/>Mudelinumber: E55<br \/>Kaal (kg): 0,181<br \/>Kaitsev\u00f6\u00f6ndi ulatus: 29 m\u00b2<\/p>\n<p>&nbsp;<\/p>\n<p><\/p>\n\n    <div class=\"xs_social_share_widget xs_share_url after_content \t\tmain_content  wslu-style-1 wslu-share-box-shaped wslu-fill-colored wslu-none wslu-share-horizontal wslu-theme-font-no wslu-main_content\">\n\n\t\t\n        <ul>\n\t\t\t        <\/ul>\n    <\/div>","protected":false},"excerpt":{"rendered":"<p>Akutoitel s\u00e4\u00e4sepeletaja ThermaCELL E55 t\u00f5rjub s\u00e4\u00e4ski t\u00f5husalt, tekitades enda \u00fcmber umbes 29 m\u00b2 suuruse s\u00e4\u00e4sekaitsev\u00f6\u00f6ndi. V\u00f5itke \u00fche nupuvajutusega k\u00f5ige hullem s\u00e4\u00e4ser\u00fcnnak. Uuel juhtmevabal Thermacelli s\u00e4\u00e4sepeletajal on pikem t\u00f6\u00f6aeg, optimeeritud t\u00f5rjetulemus ja see on juhitav \u00fchest nupust. Parima tulemuse saavutamiseks loodud ThermaCell E55 on vaba sekeldustest, h\u00f5lpsasti kasutatav, taaslaetav, l\u00f5hnavaba ja kompaktne. Kuna E55 toidab liitiumioonaku, [&hellip;]<\/p>\n","protected":false},"featured_media":63369,"template":"","meta":{"_uag_custom_page_level_css":""},"product_brand":[],"product_cat":[1220],"product_tag":[],"class_list":{"0":"post-63370","1":"product","2":"type-product","3":"status-publish","4":"has-post-thumbnail","6":"product_cat-muud-tarvikud","8":"first","9":"outofstock","10":"sale","11":"taxable","12":"shipping-taxable","13":"purchasable","14":"product-type-simple"},"uagb_featured_image_src":{"full":["https:\/\/e-kalastus.b-cdn.net\/wp-content\/uploads\/2024\/06\/Thermacell-Rechargeable-E55-Mosquito-Repellent-with-12-Hour-Refill-and-USB-Charging-Cable-Charcoal-0b3be857-6384-454e-8e78-8b7bb0797e35-45c64a87240252f4bfbe5039328dbc45-jpeg.png",1000,1000,false],"thumbnail":["https:\/\/e-kalastus.b-cdn.net\/wp-content\/uploads\/2024\/06\/Thermacell-Rechargeable-E55-Mosquito-Repellent-with-12-Hour-Refill-and-USB-Charging-Cable-Charcoal-0b3be857-6384-454e-8e78-8b7bb0797e35-45c64a87240252f4bfbe5039328dbc45-jpeg-150x150.png.jpg",150,150,true],"medium":["https:\/\/e-kalastus.b-cdn.net\/wp-content\/uploads\/2024\/06\/Thermacell-Rechargeable-E55-Mosquito-Repellent-with-12-Hour-Refill-and-USB-Charging-Cable-Charcoal-0b3be857-6384-454e-8e78-8b7bb0797e35-45c64a87240252f4bfbe5039328dbc45-jpeg-300x300.png.jpg",300,300,true],"medium_large":["https:\/\/e-kalastus.b-cdn.net\/wp-content\/uploads\/2024\/06\/Thermacell-Rechargeable-E55-Mosquito-Repellent-with-12-Hour-Refill-and-USB-Charging-Cable-Charcoal-0b3be857-6384-454e-8e78-8b7bb0797e35-45c64a87240252f4bfbe5039328dbc45-jpeg-768x768.png.jpg",768,768,true],"large":["https:\/\/e-kalastus.b-cdn.net\/wp-content\/uploads\/2024\/06\/Thermacell-Rechargeable-E55-Mosquito-Repellent-with-12-Hour-Refill-and-USB-Charging-Cable-Charcoal-0b3be857-6384-454e-8e78-8b7bb0797e35-45c64a87240252f4bfbe5039328dbc45-jpeg-800x800.png.jpg",800,800,true],"1536x1536":["https:\/\/e-kalastus.b-cdn.net\/wp-content\/uploads\/2024\/06\/Thermacell-Rechargeable-E55-Mosquito-Repellent-with-12-Hour-Refill-and-USB-Charging-Cable-Charcoal-0b3be857-6384-454e-8e78-8b7bb0797e35-45c64a87240252f4bfbe5039328dbc45-jpeg.png",1000,1000,false],"2048x2048":["https:\/\/e-kalastus.b-cdn.net\/wp-content\/uploads\/2024\/06\/Thermacell-Rechargeable-E55-Mosquito-Repellent-with-12-Hour-Refill-and-USB-Charging-Cable-Charcoal-0b3be857-6384-454e-8e78-8b7bb0797e35-45c64a87240252f4bfbe5039328dbc45-jpeg.png",1000,1000,false],"woocommerce_thumbnail":["https:\/\/e-kalastus.b-cdn.net\/wp-content\/uploads\/2024\/06\/Thermacell-Rechargeable-E55-Mosquito-Repellent-with-12-Hour-Refill-and-USB-Charging-Cable-Charcoal-0b3be857-6384-454e-8e78-8b7bb0797e35-45c64a87240252f4bfbe5039328dbc45-jpeg-768x768.png.jpg",324,324,true],"woocommerce_single":["https:\/\/e-kalastus.b-cdn.net\/wp-content\/uploads\/2024\/06\/Thermacell-Rechargeable-E55-Mosquito-Repellent-with-12-Hour-Refill-and-USB-Charging-Cable-Charcoal-0b3be857-6384-454e-8e78-8b7bb0797e35-45c64a87240252f4bfbe5039328dbc45-jpeg-768x768.png.jpg",416,416,true],"woocommerce_gallery_thumbnail":["https:\/\/e-kalastus.b-cdn.net\/wp-content\/uploads\/2024\/06\/Thermacell-Rechargeable-E55-Mosquito-Repellent-with-12-Hour-Refill-and-USB-Charging-Cable-Charcoal-0b3be857-6384-454e-8e78-8b7bb0797e35-45c64a87240252f4bfbe5039328dbc45-jpeg-100x100.png.jpg",100,100,true]},"uagb_author_info":{"display_name":"adam.mrozek","author_link":"https:\/\/e-kalastus.ee\/author\/"},"uagb_comment_info":0,"uagb_excerpt":"Akutoitel s\u00e4\u00e4sepeletaja ThermaCELL E55 t\u00f5rjub s\u00e4\u00e4ski t\u00f5husalt, tekitades enda \u00fcmber umbes 29 m\u00b2 suuruse s\u00e4\u00e4sekaitsev\u00f6\u00f6ndi. V\u00f5itke \u00fche nupuvajutusega k\u00f5ige hullem s\u00e4\u00e4ser\u00fcnnak. Uuel juhtmevabal Thermacelli s\u00e4\u00e4sepeletajal on pikem t\u00f6\u00f6aeg, optimeeritud t\u00f5rjetulemus ja see on juhitav \u00fchest nupust. Parima tulemuse saavutamiseks loodud ThermaCell E55 on vaba sekeldustest, h\u00f5lpsasti kasutatav, taaslaetav, l\u00f5hnavaba ja kompaktne. Kuna E55 toidab liitiumioonaku,&hellip;","_links":{"self":[{"href":"https:\/\/e-kalastus.ee\/wp-json\/wp\/v2\/product\/63370","targetHints":{"allow":["GET"]}}],"collection":[{"href":"https:\/\/e-kalastus.ee\/wp-json\/wp\/v2\/product"}],"about":[{"href":"https:\/\/e-kalastus.ee\/wp-json\/wp\/v2\/types\/product"}],"wp:featuredmedia":[{"embeddable":true,"href":"https:\/\/e-kalastus.ee\/wp-json\/wp\/v2\/media\/63369"}],"wp:attachment":[{"href":"https:\/\/e-kalastus.ee\/wp-json\/wp\/v2\/media?parent=63370"}],"wp:term":[{"taxonomy":"product_brand","embeddable":true,"href":"https:\/\/e-kalastus.ee\/wp-json\/wp\/v2\/product_brand?post=63370"},{"taxonomy":"product_cat","embeddable":true,"href":"https:\/\/e-kalastus.ee\/wp-json\/wp\/v2\/product_cat?post=63370"},{"taxonomy":"product_tag","embeddable":true,"href":"https:\/\/e-kalastus.ee\/wp-json\/wp\/v2\/product_tag?post=63370"}],"curies":[{"name":"wp","href":"https:\/\/api.w.org\/{rel}","templated":true}]}}