{"id":63318,"date":"2024-06-03T18:08:25","date_gmt":"2024-06-03T15:08:25","guid":{"rendered":"https:\/\/e-kalastus.ee\/toode\/noor-power-pro-braid-moss-green-0-13mm-8kg-135m\/"},"modified":"2026-03-30T15:51:17","modified_gmt":"2026-03-30T12:51:17","slug":"noor-power-pro-braid-moss-green-0-13mm-8kg-135m","status":"publish","type":"product","link":"https:\/\/e-kalastus.ee\/toode\/noor-power-pro-braid-moss-green-0-13mm-8kg-135m\/","title":{"rendered":"Power Pro Braid Moss Green 0.13mm\/8kg\/135m"},"content":{"rendered":"<p><\/p>\n<p class=\"p1\" style=\"margin: 0px;font-size: 13px;line-height: normal\">PowerPro \u00f5ngen\u00f6\u00f6r algab \u00fclitugevast punutud Spectra Fiberist ja seej\u00e4rel t\u00f6\u00f6deldakse seda Enhanced Body Technology&#8217;ga, et luua uskumatult \u00fcmar, sile ja tundlik n\u00f6\u00f6r. PowerPro on v\u00e4hese venivusega punutud n\u00f6\u00f6r, millel on sama suurep\u00e4rane j\u00f5udlus, mida \u00f5ngitsejad on harjunud ootama, tehes sellest POWERPRO tootepere t\u00f6\u00f6hobuse.<\/p>\n<p><\/p>\n\n    <div class=\"xs_social_share_widget xs_share_url after_content \t\tmain_content  wslu-style-1 wslu-share-box-shaped wslu-fill-colored wslu-none wslu-share-horizontal wslu-theme-font-no wslu-main_content\">\n\n\t\t\n        <ul>\n\t\t\t        <\/ul>\n    <\/div>","protected":false},"excerpt":{"rendered":"<p>PowerPro tootesarja t\u00f6\u00f6hobune. Hea hinna ja kvaliteedi suhtega ning suurep\u00e4rase j\u00f5udlusega, v\u00e4hese venivusega n\u00f6\u00f6r.<\/p>\n","protected":false},"featured_media":63317,"template":"","meta":{"_uag_custom_page_level_css":""},"product_brand":[1611],"product_cat":[1158],"product_tag":[],"class_list":{"0":"post-63318","1":"product","2":"type-product","3":"status-publish","4":"has-post-thumbnail","6":"product_brand-powerpro","7":"product_cat-noorid","8":"pa_brand-powerpro","10":"first","11":"instock","12":"taxable","13":"shipping-taxable","14":"purchasable","15":"product-type-simple"},"uagb_featured_image_src":{"full":["https:\/\/e-kalastus.b-cdn.net\/wp-content\/uploads\/2024\/06\/power-pro-moss-green-135m-spools-3002792-600-2.jpg",600,600,false],"thumbnail":["https:\/\/e-kalastus.b-cdn.net\/wp-content\/uploads\/2024\/06\/power-pro-moss-green-135m-spools-3002792-600-2-150x150.jpg",150,150,true],"medium":["https:\/\/e-kalastus.b-cdn.net\/wp-content\/uploads\/2024\/06\/power-pro-moss-green-135m-spools-3002792-600-2-300x300.jpg",300,300,true],"medium_large":["https:\/\/e-kalastus.b-cdn.net\/wp-content\/uploads\/2024\/06\/power-pro-moss-green-135m-spools-3002792-600-2-768x768.jpg",768,768,true],"large":["https:\/\/e-kalastus.b-cdn.net\/wp-content\/uploads\/2024\/06\/power-pro-moss-green-135m-spools-3002792-600-2-800x800.jpg",800,800,true],"1536x1536":["https:\/\/e-kalastus.b-cdn.net\/wp-content\/uploads\/2024\/06\/power-pro-moss-green-135m-spools-3002792-600-2.jpg",600,600,false],"2048x2048":["https:\/\/e-kalastus.b-cdn.net\/wp-content\/uploads\/2024\/06\/power-pro-moss-green-135m-spools-3002792-600-2.jpg",600,600,false],"woocommerce_thumbnail":["https:\/\/e-kalastus.b-cdn.net\/wp-content\/uploads\/2024\/06\/power-pro-moss-green-135m-spools-3002792-600-2-768x768.jpg",324,324,true],"woocommerce_single":["https:\/\/e-kalastus.b-cdn.net\/wp-content\/uploads\/2024\/06\/power-pro-moss-green-135m-spools-3002792-600-2-768x768.jpg",416,416,true],"woocommerce_gallery_thumbnail":["https:\/\/e-kalastus.b-cdn.net\/wp-content\/uploads\/2024\/06\/power-pro-moss-green-135m-spools-3002792-600-2-100x100.jpg",100,100,true]},"uagb_author_info":{"display_name":"adam.mrozek","author_link":"https:\/\/e-kalastus.ee\/author\/"},"uagb_comment_info":0,"uagb_excerpt":"PowerPro tootesarja t\u00f6\u00f6hobune. Hea hinna ja kvaliteedi suhtega ning suurep\u00e4rase j\u00f5udlusega, v\u00e4hese venivusega n\u00f6\u00f6r.","_links":{"self":[{"href":"https:\/\/e-kalastus.ee\/wp-json\/wp\/v2\/product\/63318","targetHints":{"allow":["GET"]}}],"collection":[{"href":"https:\/\/e-kalastus.ee\/wp-json\/wp\/v2\/product"}],"about":[{"href":"https:\/\/e-kalastus.ee\/wp-json\/wp\/v2\/types\/product"}],"wp:featuredmedia":[{"embeddable":true,"href":"https:\/\/e-kalastus.ee\/wp-json\/wp\/v2\/media\/63317"}],"wp:attachment":[{"href":"https:\/\/e-kalastus.ee\/wp-json\/wp\/v2\/media?parent=63318"}],"wp:term":[{"taxonomy":"product_brand","embeddable":true,"href":"https:\/\/e-kalastus.ee\/wp-json\/wp\/v2\/product_brand?post=63318"},{"taxonomy":"product_cat","embeddable":true,"href":"https:\/\/e-kalastus.ee\/wp-json\/wp\/v2\/product_cat?post=63318"},{"taxonomy":"product_tag","embeddable":true,"href":"https:\/\/e-kalastus.ee\/wp-json\/wp\/v2\/product_tag?post=63318"}],"curies":[{"name":"wp","href":"https:\/\/api.w.org\/{rel}","templated":true}]}}