{"id":61547,"date":"2024-05-06T10:27:32","date_gmt":"2024-05-06T07:27:32","guid":{"rendered":"https:\/\/e-kalastus.ee\/toode\/silikoon-westin-bullteez-curltail-14cm-1tk-pearl-sand\/"},"modified":"2026-04-16T15:56:20","modified_gmt":"2026-04-16T12:56:20","slug":"silikoon-westin-bullteez-curltail-14cm-1tk-pearl-sand","status":"publish","type":"product","link":"https:\/\/e-kalastus.ee\/fi\/tuotteet\/westin-bullteez-curltail-14cm-1kpl-pearl-sand-silikoniviehe\/","title":{"rendered":"Westin Bullteez Curltail 14cm 1kpl #Pearl Sand"},"content":{"rendered":"<p><\/p>\n<p>Nimi Bullteez Curltail kertoo kaiken. Yhdistelm\u00e4 Bullteezista ja Curlysta. T\u00e4m\u00e4 viehe on erinomainen lis\u00e4ys tunnetulle suurten kalojen magneetille Bullteez Shadtail. T\u00e4m\u00e4 viehe houkuttelee py\u00f6rivill\u00e4 ja lepattavilla kiemuroillaan jopa vaikeimmin saalistukseen l\u00e4htevi\u00e4 petokaloja. Nouda Bullteez Curltailia hyvin hitaasti syv\u00e4ss\u00e4 vedess\u00e4 tai nopeuta sit\u00e4 ja kalasta nopeasti matalien vesikasvien yli. Se on erinomainen valinta petokaloille, kuten hauelle, ahvenelle ja kuha. Bullteez Curltailia voidaan helposti kalastaa matalilla alustoilla tai s\u00e4\u00e4nn\u00f6llisell\u00e4 jigikoukulla suoraan syvyyksiin. Vesikasvista vapaa toimitus offset-koukulla on mahdollista, koska olemme varustaneet Bullteez Curltailin tuuletusreijill\u00e4 vatsassa ja sel\u00e4ss\u00e4. Erinomainen py\u00f6reiden rakenteiden ja vesikasvien l\u00e4pi kalastukseen!<\/p>\n<p>Ominaisuudet:<\/p>\n<p>Myrkyllisten ftalaattien vapaa<\/p>\n<p>Realistiset silm\u00e4t<\/p>\n<p>Curtail liikkuu eritt\u00e4in hitaasti<\/p>\n<p>Vatsa-alueen kiemura<\/p>\n<p>Sel\u00e4n ja vatsan leikkaukset offset-koukkua varten<\/p>\n<p>Pituus 14 cm<\/p>\n<p>Paino 15g<\/p>\n<div>&nbsp;<\/div>\n<p><\/p>\n\n    <div class=\"xs_social_share_widget xs_share_url after_content \t\tmain_content  wslu-style-1 wslu-share-box-shaped wslu-fill-colored wslu-none wslu-share-horizontal wslu-theme-font-no wslu-main_content\">\n\n\t\t\n        <ul>\n\t\t\t        <\/ul>\n    <\/div>","protected":false},"excerpt":{"rendered":"<p>Bullteez Curltail on el\u00e4v\u00e4n n\u00e4k\u00f6inen viehe, joka yhdist\u00e4\u00e4 Bullteezin voiman ja kiharah\u00e4nt\u00e4n leikkisyyden, tarjoten vertaansa vailla olevaa liikett\u00e4 ja tehokkuutta suurten petokalojen, kuten hauen, ahvenen ja kuhan, pyyntiin.<\/p>\n","protected":false},"featured_media":61546,"template":"","meta":{"_uag_custom_page_level_css":""},"product_brand":[763],"product_cat":[1416],"product_tag":[],"class_list":{"0":"post-61547","1":"product","2":"type-product","3":"status-publish","4":"has-post-thumbnail","6":"product_brand-westin","7":"product_cat-bullteez-curltail","8":"pa_brand-westin","10":"first","11":"instock","12":"taxable","13":"shipping-taxable","14":"purchasable","15":"product-type-simple"},"uagb_featured_image_src":{"full":["https:\/\/e-kalastus.b-cdn.net\/wp-content\/uploads\/2024\/05\/big-p081-555-007-default.jpg",1000,750,false],"thumbnail":["https:\/\/e-kalastus.b-cdn.net\/wp-content\/uploads\/2024\/05\/big-p081-555-007-default-150x150.jpg",150,150,true],"medium":["https:\/\/e-kalastus.b-cdn.net\/wp-content\/uploads\/2024\/05\/big-p081-555-007-default-300x300.jpg",300,300,true],"medium_large":["https:\/\/e-kalastus.b-cdn.net\/wp-content\/uploads\/2024\/05\/big-p081-555-007-default-768x768.jpg",768,768,true],"large":["https:\/\/e-kalastus.b-cdn.net\/wp-content\/uploads\/2024\/05\/big-p081-555-007-default-800x800.jpg",800,800,true],"1536x1536":["https:\/\/e-kalastus.b-cdn.net\/wp-content\/uploads\/2024\/05\/big-p081-555-007-default.jpg",1000,750,false],"2048x2048":["https:\/\/e-kalastus.b-cdn.net\/wp-content\/uploads\/2024\/05\/big-p081-555-007-default.jpg",1000,750,false],"woocommerce_thumbnail":["https:\/\/e-kalastus.b-cdn.net\/wp-content\/uploads\/2024\/05\/big-p081-555-007-default-768x768.jpg",324,324,true],"woocommerce_single":["https:\/\/e-kalastus.b-cdn.net\/wp-content\/uploads\/2024\/05\/big-p081-555-007-default.jpg",416,312,false],"woocommerce_gallery_thumbnail":["https:\/\/e-kalastus.b-cdn.net\/wp-content\/uploads\/2024\/05\/big-p081-555-007-default-100x100.jpg",100,100,true]},"uagb_author_info":{"display_name":"adam.mrozek","author_link":"https:\/\/e-kalastus.ee\/fi\/author\/"},"uagb_comment_info":0,"uagb_excerpt":"Bullteez Curltail on el\u00e4v\u00e4n n\u00e4k\u00f6inen viehe, joka yhdist\u00e4\u00e4 Bullteezin voiman ja kiharah\u00e4nt\u00e4n leikkisyyden, tarjoten vertaansa vailla olevaa liikett\u00e4 ja tehokkuutta suurten petokalojen, kuten hauen, ahvenen ja kuhan, pyyntiin.","_links":{"self":[{"href":"https:\/\/e-kalastus.ee\/fi\/wp-json\/wp\/v2\/product\/61547","targetHints":{"allow":["GET"]}}],"collection":[{"href":"https:\/\/e-kalastus.ee\/fi\/wp-json\/wp\/v2\/product"}],"about":[{"href":"https:\/\/e-kalastus.ee\/fi\/wp-json\/wp\/v2\/types\/product"}],"wp:featuredmedia":[{"embeddable":true,"href":"https:\/\/e-kalastus.ee\/fi\/wp-json\/wp\/v2\/media\/61546"}],"wp:attachment":[{"href":"https:\/\/e-kalastus.ee\/fi\/wp-json\/wp\/v2\/media?parent=61547"}],"wp:term":[{"taxonomy":"product_brand","embeddable":true,"href":"https:\/\/e-kalastus.ee\/fi\/wp-json\/wp\/v2\/product_brand?post=61547"},{"taxonomy":"product_cat","embeddable":true,"href":"https:\/\/e-kalastus.ee\/fi\/wp-json\/wp\/v2\/product_cat?post=61547"},{"taxonomy":"product_tag","embeddable":true,"href":"https:\/\/e-kalastus.ee\/fi\/wp-json\/wp\/v2\/product_tag?post=61547"}],"curies":[{"name":"wp","href":"https:\/\/api.w.org\/{rel}","templated":true}]}}