{"id":61414,"date":"2024-05-02T22:12:34","date_gmt":"2024-05-02T19:12:34","guid":{"rendered":"https:\/\/e-kalastus.ee\/toode\/soodalisand-traper-mix-6-crushed-corn-hemp-peanut-1kg-03048\/"},"modified":"2026-04-03T13:05:32","modified_gmt":"2026-04-03T10:05:32","slug":"soodalisand-traper-mix-6-crushed-corn-hemp-peanut-1kg-03048","status":"publish","type":"product","link":"https:\/\/e-kalastus.ee\/fi\/tuotteet\/syottilisaaine-traper-mix-6-murskattu-maissi-hamppu-maapahkina-1kg\/","title":{"rendered":"Sy\u00f6ttilis\u00e4aine Traper Mix 6 (Murskattu maissi, hamppu, maap\u00e4hkin\u00e4) 1kg 03048"},"content":{"rendered":"\n    <div class=\"xs_social_share_widget xs_share_url after_content \t\tmain_content  wslu-style-1 wslu-share-box-shaped wslu-fill-colored wslu-none wslu-share-horizontal wslu-theme-font-no wslu-main_content\">\n\n\t\t\n        <ul>\n\t\t\t        <\/ul>\n    <\/div> \n","protected":false},"excerpt":{"rendered":"<p>Sy\u00f6ttilis\u00e4aine Traper Expert Boiled Groundbait Seeds &#8211; valittuja ja korkeimman laadun keitetyt sy\u00f6ttisiemenet.<\/p>\n<p>Erinomainen valinta k\u00e4ytett\u00e4v\u00e4ksi sy\u00f6ttilis\u00e4aineena tai koukussa<\/p>\n","protected":false},"featured_media":61453,"template":"","meta":{"_uag_custom_page_level_css":""},"product_brand":[1522],"product_cat":[1186],"product_tag":[],"class_list":{"0":"post-61414","1":"product","2":"type-product","3":"status-publish","4":"has-post-thumbnail","6":"product_brand-traper","7":"product_cat-soodad","8":"pa_brand-traper","10":"first","11":"instock","12":"sale","13":"taxable","14":"shipping-taxable","15":"purchasable","16":"product-type-simple"},"uagb_featured_image_src":{"full":["https:\/\/e-kalastus.b-cdn.net\/wp-content\/uploads\/2024\/05\/ziarno-zanetowe-traper-mix-6-1kg.jpg",458,458,false],"thumbnail":["https:\/\/e-kalastus.b-cdn.net\/wp-content\/uploads\/2024\/05\/ziarno-zanetowe-traper-mix-6-1kg-150x150.jpg",150,150,true],"medium":["https:\/\/e-kalastus.b-cdn.net\/wp-content\/uploads\/2024\/05\/ziarno-zanetowe-traper-mix-6-1kg-300x300.jpg",300,300,true],"medium_large":["https:\/\/e-kalastus.b-cdn.net\/wp-content\/uploads\/2024\/05\/ziarno-zanetowe-traper-mix-6-1kg-768x768.jpg",768,768,true],"large":["https:\/\/e-kalastus.b-cdn.net\/wp-content\/uploads\/2024\/05\/ziarno-zanetowe-traper-mix-6-1kg-800x800.jpg",800,800,true],"1536x1536":["https:\/\/e-kalastus.b-cdn.net\/wp-content\/uploads\/2024\/05\/ziarno-zanetowe-traper-mix-6-1kg.jpg",458,458,false],"2048x2048":["https:\/\/e-kalastus.b-cdn.net\/wp-content\/uploads\/2024\/05\/ziarno-zanetowe-traper-mix-6-1kg.jpg",458,458,false],"woocommerce_thumbnail":["https:\/\/e-kalastus.b-cdn.net\/wp-content\/uploads\/2024\/05\/ziarno-zanetowe-traper-mix-6-1kg-768x768.jpg",324,324,true],"woocommerce_single":["https:\/\/e-kalastus.b-cdn.net\/wp-content\/uploads\/2024\/05\/ziarno-zanetowe-traper-mix-6-1kg-768x768.jpg",416,416,true],"woocommerce_gallery_thumbnail":["https:\/\/e-kalastus.b-cdn.net\/wp-content\/uploads\/2024\/05\/ziarno-zanetowe-traper-mix-6-1kg-100x100.jpg",100,100,true]},"uagb_author_info":{"display_name":"adam.mrozek","author_link":"https:\/\/e-kalastus.ee\/fi\/author\/"},"uagb_comment_info":0,"uagb_excerpt":"Sy\u00f6ttilis\u00e4aine Traper Expert Boiled Groundbait Seeds - valittuja ja korkeimman laadun keitetyt sy\u00f6ttisiemenet. Erinomainen valinta k\u00e4ytett\u00e4v\u00e4ksi sy\u00f6ttilis\u00e4aineena tai koukussa","_links":{"self":[{"href":"https:\/\/e-kalastus.ee\/fi\/wp-json\/wp\/v2\/product\/61414","targetHints":{"allow":["GET"]}}],"collection":[{"href":"https:\/\/e-kalastus.ee\/fi\/wp-json\/wp\/v2\/product"}],"about":[{"href":"https:\/\/e-kalastus.ee\/fi\/wp-json\/wp\/v2\/types\/product"}],"wp:featuredmedia":[{"embeddable":true,"href":"https:\/\/e-kalastus.ee\/fi\/wp-json\/wp\/v2\/media\/61453"}],"wp:attachment":[{"href":"https:\/\/e-kalastus.ee\/fi\/wp-json\/wp\/v2\/media?parent=61414"}],"wp:term":[{"taxonomy":"product_brand","embeddable":true,"href":"https:\/\/e-kalastus.ee\/fi\/wp-json\/wp\/v2\/product_brand?post=61414"},{"taxonomy":"product_cat","embeddable":true,"href":"https:\/\/e-kalastus.ee\/fi\/wp-json\/wp\/v2\/product_cat?post=61414"},{"taxonomy":"product_tag","embeddable":true,"href":"https:\/\/e-kalastus.ee\/fi\/wp-json\/wp\/v2\/product_tag?post=61414"}],"curies":[{"name":"wp","href":"https:\/\/api.w.org\/{rel}","templated":true}]}}