{"id":61410,"date":"2024-05-02T16:42:22","date_gmt":"2024-05-02T13:42:22","guid":{"rendered":"https:\/\/e-kalastus.ee\/toode\/tainas-traper-proteiini-pasta-latikas-80g-17013\/"},"modified":"2026-03-30T14:51:42","modified_gmt":"2026-03-30T11:51:42","slug":"tainas-traper-proteiini-pasta-latikas-80g-17013","status":"publish","type":"product","link":"https:\/\/e-kalastus.ee\/toode\/tainas-traper-proteiini-pasta-latikas-80g-17013\/","title":{"rendered":"Tainas Traper Proteiini Pasta Latikas 80g 17013"},"content":{"rendered":"\n    <div class=\"xs_social_share_widget xs_share_url after_content \t\tmain_content  wslu-style-1 wslu-share-box-shaped wslu-fill-colored wslu-none wslu-share-horizontal wslu-theme-font-no wslu-main_content\">\n\n\t\t\n        <ul>\n\t\t\t        <\/ul>\n    <\/div> \n","protected":false},"excerpt":{"rendered":"<p>Kasutusvalmis k\u00fc\u00fcslauguaroomiga proteiinitainas kalap\u00fc\u00fcgiks. V\u00e4ga toitev ja sisaldab rohkelt valke ning aminohappeid, mis muudavad s\u00f6\u00f6da kaladele atraktiivseks. Taina struktuur p\u00fcsib h\u00e4sti konksul ning vees paisudes vabastab aktiivselt aroome, mis meelitavad kalu s\u00f6\u00f6dakohta.<\/p>\n","protected":false},"featured_media":61462,"template":"","meta":{"_uag_custom_page_level_css":""},"product_brand":[1522],"product_cat":[1231],"product_tag":[],"class_list":{"0":"post-61410","1":"product","2":"type-product","3":"status-publish","4":"has-post-thumbnail","6":"product_brand-traper","7":"product_cat-vedelad-lisandid","8":"pa_brand-traper","10":"first","11":"instock","12":"sale","13":"taxable","14":"shipping-taxable","15":"purchasable","16":"product-type-simple"},"uagb_featured_image_src":{"full":["https:\/\/e-kalastus.b-cdn.net\/wp-content\/uploads\/2024\/05\/ciasto-proteinowe-traper-2.jpg",630,630,false],"thumbnail":["https:\/\/e-kalastus.b-cdn.net\/wp-content\/uploads\/2024\/05\/ciasto-proteinowe-traper-2-150x150.jpg",150,150,true],"medium":["https:\/\/e-kalastus.b-cdn.net\/wp-content\/uploads\/2024\/05\/ciasto-proteinowe-traper-2-300x300.jpg",300,300,true],"medium_large":["https:\/\/e-kalastus.b-cdn.net\/wp-content\/uploads\/2024\/05\/ciasto-proteinowe-traper-2-768x768.jpg",768,768,true],"large":["https:\/\/e-kalastus.b-cdn.net\/wp-content\/uploads\/2024\/05\/ciasto-proteinowe-traper-2-800x800.jpg",800,800,true],"1536x1536":["https:\/\/e-kalastus.b-cdn.net\/wp-content\/uploads\/2024\/05\/ciasto-proteinowe-traper-2.jpg",630,630,false],"2048x2048":["https:\/\/e-kalastus.b-cdn.net\/wp-content\/uploads\/2024\/05\/ciasto-proteinowe-traper-2.jpg",630,630,false],"woocommerce_thumbnail":["https:\/\/e-kalastus.b-cdn.net\/wp-content\/uploads\/2024\/05\/ciasto-proteinowe-traper-2-768x768.jpg",324,324,true],"woocommerce_single":["https:\/\/e-kalastus.b-cdn.net\/wp-content\/uploads\/2024\/05\/ciasto-proteinowe-traper-2-768x768.jpg",416,416,true],"woocommerce_gallery_thumbnail":["https:\/\/e-kalastus.b-cdn.net\/wp-content\/uploads\/2024\/05\/ciasto-proteinowe-traper-2-100x100.jpg",100,100,true]},"uagb_author_info":{"display_name":"adam.mrozek","author_link":"https:\/\/e-kalastus.ee\/author\/"},"uagb_comment_info":0,"uagb_excerpt":"Kasutusvalmis k\u00fc\u00fcslauguaroomiga proteiinitainas kalap\u00fc\u00fcgiks. V\u00e4ga toitev ja sisaldab rohkelt valke ning aminohappeid, mis muudavad s\u00f6\u00f6da kaladele atraktiivseks. Taina struktuur p\u00fcsib h\u00e4sti konksul ning vees paisudes vabastab aktiivselt aroome, mis meelitavad kalu s\u00f6\u00f6dakohta.","_links":{"self":[{"href":"https:\/\/e-kalastus.ee\/wp-json\/wp\/v2\/product\/61410","targetHints":{"allow":["GET"]}}],"collection":[{"href":"https:\/\/e-kalastus.ee\/wp-json\/wp\/v2\/product"}],"about":[{"href":"https:\/\/e-kalastus.ee\/wp-json\/wp\/v2\/types\/product"}],"wp:featuredmedia":[{"embeddable":true,"href":"https:\/\/e-kalastus.ee\/wp-json\/wp\/v2\/media\/61462"}],"wp:attachment":[{"href":"https:\/\/e-kalastus.ee\/wp-json\/wp\/v2\/media?parent=61410"}],"wp:term":[{"taxonomy":"product_brand","embeddable":true,"href":"https:\/\/e-kalastus.ee\/wp-json\/wp\/v2\/product_brand?post=61410"},{"taxonomy":"product_cat","embeddable":true,"href":"https:\/\/e-kalastus.ee\/wp-json\/wp\/v2\/product_cat?post=61410"},{"taxonomy":"product_tag","embeddable":true,"href":"https:\/\/e-kalastus.ee\/wp-json\/wp\/v2\/product_tag?post=61410"}],"curies":[{"name":"wp","href":"https:\/\/api.w.org\/{rel}","templated":true}]}}