{"id":54063,"date":"2024-03-18T08:26:26","date_gmt":"2024-03-18T06:26:26","guid":{"rendered":"https:\/\/e-kalastus.ee\/toode\/noor-shimano-kairiki-x5-sinking-steel-gray-0-15mm-5-50kg-150m\/"},"modified":"2026-04-16T15:52:21","modified_gmt":"2026-04-16T12:52:21","slug":"noor-shimano-kairiki-x5-sinking-steel-gray-0-15mm-5-50kg-150m","status":"publish","type":"product","link":"https:\/\/e-kalastus.ee\/toode\/noor-shimano-kairiki-x5-sinking-steel-gray-0-15mm-5-50kg-150m\/","title":{"rendered":"Shimano Kairiki X5 Sinking Steel Gray 0.15mm\/5.50kg\/150m"},"content":{"rendered":"<p><\/p>\n<p class=\"p1\" style=\"font-size: 13px;line-height: normal;margin: 0px\"><b>Uus Kairiki G5 on Shimano punutud n\u00f6\u00f6r, millel on unikaalsed omadused.<\/b><\/p>\n<p class=\"p1\" style=\"font-size: 13px;line-height: normal;margin: 0px\">See neljakiuline punutud n\u00f6\u00f6r kasutab s\u00fcdamikuna k\u00f5rgema erikaaluga materjalist valmistatud kiudu. Selle tulemusena on tegemist&nbsp;<b>kiiresti uppuva<\/b>&nbsp;n\u00f6\u00f6riga, mis pakub kalastajatele mitmeid eeliseid. N\u00f6\u00f6r on raskem ja seet\u00f5ttu v\u00e4hem m\u00f5jutatud tuulest viske ajal ning hoovusest landi esmasel vette vajumisel. T\u00e4nu sellele saab kalastaja kiiremini kontrolli landi \u00fcle.<\/p>\n<p class=\"p1\" style=\"font-size: 13px;line-height: normal;margin: 0px\"><b>Uppumisfaasis vajub n\u00f6\u00f6r kiiremini kui tavaline punutud n\u00f6\u00f6r<\/b>, mis teeb s\u00fcgavamalt \u2013 eriti kergemate rakenduste \u2013 p\u00fc\u00fcdmisel asja lihtsamaks. Teised k\u00f5rge erikaaluga liinid on n\u00e4iteks nailon ja fluoros\u00fcsinik, kuid v\u00f5rreldes nendega&nbsp;<b>Kairiki G5 ei veni \u00fcldse<\/b>&nbsp;ja&nbsp;<b>katkemistugevus on oluliselt k\u00f5rgem<\/b>.<\/p>\n<p class=\"p1\" style=\"font-size: 13px;line-height: normal;margin: 0px\">See uus Kairiki G5 on loodud t\u00f5elisele varustusefanaatikule, kes soovib oma p\u00fc\u00fcgivarustust viia maksimumi l\u00e4hedale, et saavutada parim v\u00f5imalik tulemus.<\/p>\n<p><\/p>\n\n    <div class=\"xs_social_share_widget xs_share_url after_content \t\tmain_content  wslu-style-1 wslu-share-box-shaped wslu-fill-colored wslu-none wslu-share-horizontal wslu-theme-font-no wslu-main_content\">\n\n\t\t\n        <ul>\n\t\t\t        <\/ul>\n    <\/div>","protected":false},"excerpt":{"rendered":"<p>Punutud  n\u00f6\u00f6r Kairiki G5 &#8211; 150 meetrit universaalset n\u00f6\u00f6ri. Valmistatud Jaapanis!<\/p>\n","protected":false},"featured_media":54083,"template":"","meta":{"_uag_custom_page_level_css":""},"product_brand":[762],"product_cat":[1158],"product_tag":[],"class_list":{"0":"post-54063","1":"product","2":"type-product","3":"status-publish","4":"has-post-thumbnail","6":"product_brand-shimano","7":"product_cat-noorid","8":"pa_brand-shimano","10":"first","11":"instock","12":"taxable","13":"shipping-taxable","14":"purchasable","15":"product-type-simple"},"uagb_featured_image_src":{"full":["https:\/\/e-kalastus.b-cdn.net\/wp-content\/uploads\/2024\/03\/wpx-b1ec77d69320b61d9f69fe1824b9a4f6-3.jpg",1000,1000,false],"thumbnail":["https:\/\/e-kalastus.b-cdn.net\/wp-content\/uploads\/2024\/03\/wpx-b1ec77d69320b61d9f69fe1824b9a4f6-3-150x150.jpg",150,150,true],"medium":["https:\/\/e-kalastus.b-cdn.net\/wp-content\/uploads\/2024\/03\/wpx-b1ec77d69320b61d9f69fe1824b9a4f6-3-300x300.jpg",300,300,true],"medium_large":["https:\/\/e-kalastus.b-cdn.net\/wp-content\/uploads\/2024\/03\/wpx-b1ec77d69320b61d9f69fe1824b9a4f6-3-768x768.jpg",768,768,true],"large":["https:\/\/e-kalastus.b-cdn.net\/wp-content\/uploads\/2024\/03\/wpx-b1ec77d69320b61d9f69fe1824b9a4f6-3-800x800.jpg",800,800,true],"1536x1536":["https:\/\/e-kalastus.b-cdn.net\/wp-content\/uploads\/2024\/03\/wpx-b1ec77d69320b61d9f69fe1824b9a4f6-3.jpg",1000,1000,false],"2048x2048":["https:\/\/e-kalastus.b-cdn.net\/wp-content\/uploads\/2024\/03\/wpx-b1ec77d69320b61d9f69fe1824b9a4f6-3.jpg",1000,1000,false],"woocommerce_thumbnail":["https:\/\/e-kalastus.b-cdn.net\/wp-content\/uploads\/2024\/03\/wpx-b1ec77d69320b61d9f69fe1824b9a4f6-3-768x768.jpg",324,324,true],"woocommerce_single":["https:\/\/e-kalastus.b-cdn.net\/wp-content\/uploads\/2024\/03\/wpx-b1ec77d69320b61d9f69fe1824b9a4f6-3-768x768.jpg",416,416,true],"woocommerce_gallery_thumbnail":["https:\/\/e-kalastus.b-cdn.net\/wp-content\/uploads\/2024\/03\/wpx-b1ec77d69320b61d9f69fe1824b9a4f6-3-100x100.jpg",100,100,true]},"uagb_author_info":{"display_name":"adam.mrozek","author_link":"https:\/\/e-kalastus.ee\/author\/"},"uagb_comment_info":0,"uagb_excerpt":"Punutud n\u00f6\u00f6r Kairiki G5 - 150 meetrit universaalset n\u00f6\u00f6ri. Valmistatud Jaapanis!","_links":{"self":[{"href":"https:\/\/e-kalastus.ee\/wp-json\/wp\/v2\/product\/54063","targetHints":{"allow":["GET"]}}],"collection":[{"href":"https:\/\/e-kalastus.ee\/wp-json\/wp\/v2\/product"}],"about":[{"href":"https:\/\/e-kalastus.ee\/wp-json\/wp\/v2\/types\/product"}],"wp:featuredmedia":[{"embeddable":true,"href":"https:\/\/e-kalastus.ee\/wp-json\/wp\/v2\/media\/54083"}],"wp:attachment":[{"href":"https:\/\/e-kalastus.ee\/wp-json\/wp\/v2\/media?parent=54063"}],"wp:term":[{"taxonomy":"product_brand","embeddable":true,"href":"https:\/\/e-kalastus.ee\/wp-json\/wp\/v2\/product_brand?post=54063"},{"taxonomy":"product_cat","embeddable":true,"href":"https:\/\/e-kalastus.ee\/wp-json\/wp\/v2\/product_cat?post=54063"},{"taxonomy":"product_tag","embeddable":true,"href":"https:\/\/e-kalastus.ee\/wp-json\/wp\/v2\/product_tag?post=54063"}],"curies":[{"name":"wp","href":"https:\/\/api.w.org\/{rel}","templated":true}]}}