{"id":47582,"date":"2024-01-25T14:12:56","date_gmt":"2024-01-25T12:12:56","guid":{"rendered":"https:\/\/e-kalastus.ee\/toode\/jaapuur-strikemaster-lithium-24v-power-head-8-200mm\/"},"modified":"2026-04-16T15:48:28","modified_gmt":"2026-04-16T12:48:28","slug":"jaapuur-strikemaster-lithium-24v-power-head-8-200mm","status":"publish","type":"product","link":"https:\/\/e-kalastus.ee\/toode\/jaapuur-strikemaster-lithium-24v-power-head-8-200mm\/","title":{"rendered":"J\u00e4\u00e4puur Strikemaster Lithium 24V Power Head 8&#8243; 200mm"},"content":{"rendered":"\n    <div class=\"xs_social_share_widget xs_share_url after_content \t\tmain_content  wslu-style-1 wslu-share-box-shaped wslu-fill-colored wslu-none wslu-share-horizontal wslu-theme-font-no wslu-main_content\">\n\n\t\t\n        <ul>\n\t\t\t        <\/ul>\n    <\/div> \n","protected":false},"excerpt":{"rendered":"<p>J\u00e4\u00e4p\u00fc\u00fcgiks m\u00f5eldud kompaktne StrikeMaster Lithium 24V mootoriga j\u00e4\u00e4puur muudab teie ettekujutust puurimisest. 115 mm\/4&#8243;\u2013200 mm\/8&#8243; mootoriga j\u00e4\u00e4puuridele m\u00f5eldud liitium 24 V elektriline mootor on v\u00f5imas. Sirgeservaliste detailidega vastupidavast konstruktsioonist \u00f5hkub kasutatavust ja ohutust. StrikeMaster Lithium 24V elektrilise j\u00e4\u00e4puuri kasutamine on lihtne, turvaline ja mugav \u2013 ning v\u00f5rreldes sisep\u00f5lemismootoriga on see j\u00e4\u00e4puur l\u00f5hnatu ja vaikne.<\/p>\n<p>J\u00e4\u00e4puuri konstruktsioon on v\u00e4ga vastupidav (k\u00e4epidemed ei paindu) ja ohutu. K\u00e4epidemed tagavad kindla haarde ja mootoril on tapmisl\u00fcliti, mis t\u00e4hendab, et k\u00e4epidemest lahti laskmisel j\u00e4\u00e4puur ei p\u00f6\u00f6rle. StrikeMaster Lithium 24V on varustatud ka suunamuutusega.<\/p>\n<p>See parandab kasutatavust:<br \/>\n\u2022 vajadusel saate &#8220;t\u00fchistada&#8221;.<br \/>\n\u2022 saad augu puhastada j\u00e4\u00e4 all olevast l\u00f6rtsist<\/p>\n<p>Talviseks kasutamiseks m\u00f5eldud ja ehitatud StrikeMaster Lithium 24V mootoron on kaasaegne s\u00fcsinikharjadeta elektrimootor. Masina ja teo vahel on v\u00e4hendatud p\u00f6\u00f6rlemiskiiruse ja suurema p\u00f6\u00f6rdemomendiga planetaark\u00e4igukast. Talviseks kasutamiseks m\u00f5eldud liitium-24V aku madalaim t\u00f6\u00f6temperatuur on -25 C. Sellest k\u00fclmemal ajal l\u00fclitub masin aku s\u00e4\u00e4stmiseks automaatselt v\u00e4lja.<\/p>\n<p>Mahutavus \u00fche aku laadimisega (StrikeMaster Lithium 24V &amp; StrikeMaster Lite Flite tigu), kui j\u00e4\u00e4 paksus on 40 cm:<\/p>\n<p>\u2022 200 mm \/8\u201d 50 auku<br \/>\n\u2022 s\u00fcsinikharjadeta alalisvoolumootor<br \/>\n\u2022 planetaark\u00e4igukast 50:1<br \/>\n\u2022 Survel\u00fcliti parandab ohutust<br \/>\n\u2022 suunamuutus eraldi l\u00fclitist<br \/>\n\u2022 ergonoomiline ja turvaline disain<\/p>\n<p>Aku<br \/>\n\u2022 24 V\/4 A liitiumioonaku<br \/>\n\u2022 tehases programmeeritav sisemine akuhalduss\u00fcsteem, millega aku on optimeeritud talviseks kasutamiseks<br \/>\n\u2022 3 x LED-tuld n\u00e4itavad aku olekut<br \/>\n\u2022 1laadija on hinna sees (laadib aku 2 tunniga<\/p>\n","protected":false},"featured_media":47581,"template":"","meta":{"_uag_custom_page_level_css":""},"product_brand":[1527],"product_cat":[1172],"product_tag":[],"class_list":{"0":"post-47582","1":"product","2":"type-product","3":"status-publish","4":"has-post-thumbnail","6":"product_brand-mora-ice","7":"product_cat-jaapuurid-ja-terad","8":"product_shipping_class-suur","9":"pa_brand-mora-ice","11":"first","12":"outofstock","13":"taxable","14":"shipping-taxable","15":"purchasable","16":"product-type-simple"},"uagb_featured_image_src":{"full":["https:\/\/e-kalastus.b-cdn.net\/wp-content\/uploads\/2024\/01\/Strikemaster-lithium-24v-power-head-battery-charger-eu-plug-lite-flite-8-ice-drill-ice-mtr0008.jpg",395,606,false],"thumbnail":["https:\/\/e-kalastus.b-cdn.net\/wp-content\/uploads\/2024\/01\/Strikemaster-lithium-24v-power-head-battery-charger-eu-plug-lite-flite-8-ice-drill-ice-mtr0008-150x150.jpg",150,150,true],"medium":["https:\/\/e-kalastus.b-cdn.net\/wp-content\/uploads\/2024\/01\/Strikemaster-lithium-24v-power-head-battery-charger-eu-plug-lite-flite-8-ice-drill-ice-mtr0008-300x300.jpg",300,300,true],"medium_large":["https:\/\/e-kalastus.b-cdn.net\/wp-content\/uploads\/2024\/01\/Strikemaster-lithium-24v-power-head-battery-charger-eu-plug-lite-flite-8-ice-drill-ice-mtr0008-768x768.jpg",768,768,true],"large":["https:\/\/e-kalastus.b-cdn.net\/wp-content\/uploads\/2024\/01\/Strikemaster-lithium-24v-power-head-battery-charger-eu-plug-lite-flite-8-ice-drill-ice-mtr0008-800x800.jpg",800,800,true],"1536x1536":["https:\/\/e-kalastus.b-cdn.net\/wp-content\/uploads\/2024\/01\/Strikemaster-lithium-24v-power-head-battery-charger-eu-plug-lite-flite-8-ice-drill-ice-mtr0008.jpg",395,606,false],"2048x2048":["https:\/\/e-kalastus.b-cdn.net\/wp-content\/uploads\/2024\/01\/Strikemaster-lithium-24v-power-head-battery-charger-eu-plug-lite-flite-8-ice-drill-ice-mtr0008.jpg",395,606,false],"woocommerce_thumbnail":["https:\/\/e-kalastus.b-cdn.net\/wp-content\/uploads\/2024\/01\/Strikemaster-lithium-24v-power-head-battery-charger-eu-plug-lite-flite-8-ice-drill-ice-mtr0008-768x768.jpg",324,324,true],"woocommerce_single":["https:\/\/e-kalastus.b-cdn.net\/wp-content\/uploads\/2024\/01\/Strikemaster-lithium-24v-power-head-battery-charger-eu-plug-lite-flite-8-ice-drill-ice-mtr0008.jpg",395,606,false],"woocommerce_gallery_thumbnail":["https:\/\/e-kalastus.b-cdn.net\/wp-content\/uploads\/2024\/01\/Strikemaster-lithium-24v-power-head-battery-charger-eu-plug-lite-flite-8-ice-drill-ice-mtr0008-100x100.jpg",100,100,true]},"uagb_author_info":{"display_name":"adam.mrozek","author_link":"https:\/\/e-kalastus.ee\/author\/"},"uagb_comment_info":0,"uagb_excerpt":"J\u00e4\u00e4p\u00fc\u00fcgiks m\u00f5eldud kompaktne StrikeMaster Lithium 24V mootoriga j\u00e4\u00e4puur muudab teie ettekujutust puurimisest. 115 mm\/4\"\u2013200 mm\/8\" mootoriga j\u00e4\u00e4puuridele m\u00f5eldud liitium 24 V elektriline mootor on v\u00f5imas. Sirgeservaliste detailidega vastupidavast konstruktsioonist \u00f5hkub kasutatavust ja ohutust. StrikeMaster Lithium 24V elektrilise j\u00e4\u00e4puuri kasutamine on lihtne, turvaline ja mugav \u2013 ning v\u00f5rreldes sisep\u00f5lemismootoriga on see j\u00e4\u00e4puur l\u00f5hnatu ja vaikne. J\u00e4\u00e4puuri&hellip;","_links":{"self":[{"href":"https:\/\/e-kalastus.ee\/wp-json\/wp\/v2\/product\/47582","targetHints":{"allow":["GET"]}}],"collection":[{"href":"https:\/\/e-kalastus.ee\/wp-json\/wp\/v2\/product"}],"about":[{"href":"https:\/\/e-kalastus.ee\/wp-json\/wp\/v2\/types\/product"}],"wp:featuredmedia":[{"embeddable":true,"href":"https:\/\/e-kalastus.ee\/wp-json\/wp\/v2\/media\/47581"}],"wp:attachment":[{"href":"https:\/\/e-kalastus.ee\/wp-json\/wp\/v2\/media?parent=47582"}],"wp:term":[{"taxonomy":"product_brand","embeddable":true,"href":"https:\/\/e-kalastus.ee\/wp-json\/wp\/v2\/product_brand?post=47582"},{"taxonomy":"product_cat","embeddable":true,"href":"https:\/\/e-kalastus.ee\/wp-json\/wp\/v2\/product_cat?post=47582"},{"taxonomy":"product_tag","embeddable":true,"href":"https:\/\/e-kalastus.ee\/wp-json\/wp\/v2\/product_tag?post=47582"}],"curies":[{"name":"wp","href":"https:\/\/api.w.org\/{rel}","templated":true}]}}