{"id":4359,"date":"2023-08-19T10:56:46","date_gmt":"2023-08-19T07:56:46","guid":{"rendered":"https:\/\/e-kalastus.ee\/toode\/soodakorv-ivva-umar-60g\/"},"modified":"2026-03-30T14:54:20","modified_gmt":"2026-03-30T11:54:20","slug":"soodakorv-ivva-umar-60g","status":"publish","type":"product","link":"https:\/\/e-kalastus.ee\/toode\/soodakorv-ivva-umar-60g\/","title":{"rendered":"S\u00f6\u00f6dakorv IVVA \u00fcmar XXL 60g 2333"},"content":{"rendered":"\n    <div class=\"xs_social_share_widget xs_share_url after_content \t\tmain_content  wslu-style-1 wslu-share-box-shaped wslu-fill-colored wslu-none wslu-share-horizontal wslu-theme-font-no wslu-main_content\">\n\n\t\t\n        <ul>\n\t\t\t        <\/ul>\n    <\/div> \n","protected":false},"excerpt":{"rendered":"","protected":false},"featured_media":69489,"template":"","meta":{"_uag_custom_page_level_css":""},"product_brand":[1529],"product_cat":[1196],"product_tag":[],"class_list":{"0":"post-4359","1":"product","2":"type-product","3":"status-publish","4":"has-post-thumbnail","6":"product_brand-ivva","7":"product_cat-soodakorvid","8":"pa_brand-ivva","10":"first","11":"instock","12":"sale","13":"taxable","14":"shipping-taxable","15":"purchasable","16":"product-type-simple"},"uagb_featured_image_src":{"full":["https:\/\/e-kalastus.b-cdn.net\/wp-content\/uploads\/2024\/07\/KOR-IV-SP-XXL-80-543-6051c87971d510-21114661-KOR-IV-SP-XXL-jpg.jpg",710,251,false],"thumbnail":["https:\/\/e-kalastus.b-cdn.net\/wp-content\/uploads\/2024\/07\/KOR-IV-SP-XXL-80-543-6051c87971d510-21114661-KOR-IV-SP-XXL-jpg-150x150.jpg",150,150,true],"medium":["https:\/\/e-kalastus.b-cdn.net\/wp-content\/uploads\/2024\/07\/KOR-IV-SP-XXL-80-543-6051c87971d510-21114661-KOR-IV-SP-XXL-jpg-300x300.jpg",300,300,true],"medium_large":["https:\/\/e-kalastus.b-cdn.net\/wp-content\/uploads\/2024\/07\/KOR-IV-SP-XXL-80-543-6051c87971d510-21114661-KOR-IV-SP-XXL-jpg-768x768.jpg",768,768,true],"large":["https:\/\/e-kalastus.b-cdn.net\/wp-content\/uploads\/2024\/07\/KOR-IV-SP-XXL-80-543-6051c87971d510-21114661-KOR-IV-SP-XXL-jpg-800x800.jpg",800,800,true],"1536x1536":["https:\/\/e-kalastus.b-cdn.net\/wp-content\/uploads\/2024\/07\/KOR-IV-SP-XXL-80-543-6051c87971d510-21114661-KOR-IV-SP-XXL-jpg.jpg",710,251,false],"2048x2048":["https:\/\/e-kalastus.b-cdn.net\/wp-content\/uploads\/2024\/07\/KOR-IV-SP-XXL-80-543-6051c87971d510-21114661-KOR-IV-SP-XXL-jpg.jpg",710,251,false],"woocommerce_thumbnail":["https:\/\/e-kalastus.b-cdn.net\/wp-content\/uploads\/2024\/07\/KOR-IV-SP-XXL-80-543-6051c87971d510-21114661-KOR-IV-SP-XXL-jpg-768x768.jpg",324,324,true],"woocommerce_single":["https:\/\/e-kalastus.b-cdn.net\/wp-content\/uploads\/2024\/07\/KOR-IV-SP-XXL-80-543-6051c87971d510-21114661-KOR-IV-SP-XXL-jpg.jpg",416,147,false],"woocommerce_gallery_thumbnail":["https:\/\/e-kalastus.b-cdn.net\/wp-content\/uploads\/2024\/07\/KOR-IV-SP-XXL-80-543-6051c87971d510-21114661-KOR-IV-SP-XXL-jpg-100x100.jpg",100,100,true]},"uagb_author_info":{"display_name":"adam.mrozek","author_link":"https:\/\/e-kalastus.ee\/author\/"},"uagb_comment_info":0,"uagb_excerpt":null,"_links":{"self":[{"href":"https:\/\/e-kalastus.ee\/wp-json\/wp\/v2\/product\/4359","targetHints":{"allow":["GET"]}}],"collection":[{"href":"https:\/\/e-kalastus.ee\/wp-json\/wp\/v2\/product"}],"about":[{"href":"https:\/\/e-kalastus.ee\/wp-json\/wp\/v2\/types\/product"}],"wp:featuredmedia":[{"embeddable":true,"href":"https:\/\/e-kalastus.ee\/wp-json\/wp\/v2\/media\/69489"}],"wp:attachment":[{"href":"https:\/\/e-kalastus.ee\/wp-json\/wp\/v2\/media?parent=4359"}],"wp:term":[{"taxonomy":"product_brand","embeddable":true,"href":"https:\/\/e-kalastus.ee\/wp-json\/wp\/v2\/product_brand?post=4359"},{"taxonomy":"product_cat","embeddable":true,"href":"https:\/\/e-kalastus.ee\/wp-json\/wp\/v2\/product_cat?post=4359"},{"taxonomy":"product_tag","embeddable":true,"href":"https:\/\/e-kalastus.ee\/wp-json\/wp\/v2\/product_tag?post=4359"}],"curies":[{"name":"wp","href":"https:\/\/api.w.org\/{rel}","templated":true}]}}