{"id":43187,"date":"2024-01-07T03:13:02","date_gmt":"2024-01-07T01:13:02","guid":{"rendered":"https:\/\/e-kalastus.ee\/toode\/vib-frapp-jiggle-95mm-30g-17\/"},"modified":"2026-04-09T14:08:18","modified_gmt":"2026-04-09T11:08:18","slug":"vib-frapp-jiggle-95mm-30g-17","status":"publish","type":"product","link":"https:\/\/e-kalastus.ee\/fi\/tuotteet\/vib-frapp-jiggle-95mm-30g-17\/","title":{"rendered":"VIB Frapp Jiggle 95mm 30g #17"},"content":{"rendered":"\n    <div class=\"xs_social_share_widget xs_share_url after_content \t\tmain_content  wslu-style-1 wslu-share-box-shaped wslu-fill-colored wslu-none wslu-share-horizontal wslu-theme-font-no wslu-main_content\">\n\n\t\t\n        <ul>\n\t\t\t        <\/ul>\n    <\/div> \n","protected":false},"excerpt":{"rendered":"<p>Frapp Jiggle on v\u00e4rin\u00e4viehe (VIB), joka on suunniteltu pystykalastukseen sek\u00e4 rauhallisella pelill\u00e4 ett\u00e4 nosto- ja pudotusliikkeill\u00e4. Frapp Jigglen runko on valmistettu kest\u00e4v\u00e4ksi ABS-muoviksi, joka kest\u00e4\u00e4 hyvin petokalojen hampaita, ja viehe on varustettu kahdella ter\u00e4v\u00e4ll\u00e4 kolmikoukulla.<\/p>\n<p>Sill\u00e4 on tyylik\u00e4s, sivuilta litistynyt muoto, sel\u00e4ss\u00e4 sijaitseva pieni selk\u00e4ev\u00e4 ja kiinte\u00e4 paino. 30 g painonsa ansiosta Jiggle 95 soveltuu k\u00e4ytett\u00e4v\u00e4ksi voimakkaassa virtauksessa ja suurissa syvyyksiss\u00e4. V\u00e4rimallisto on luotu erilaisia kalastusolosuhteita varten, tarjoten sek\u00e4 kirkkaita ett\u00e4 luonnollisia s\u00e4vyj\u00e4.<\/p>\n","protected":false},"featured_media":68307,"template":"","meta":{"_uag_custom_page_level_css":""},"product_brand":[1512],"product_cat":[1456],"product_tag":[],"class_list":{"0":"post-43187","1":"product","2":"type-product","3":"status-publish","4":"has-post-thumbnail","6":"product_brand-frapp","7":"product_cat-frapp-vib","8":"pa_brand-frapp","10":"first","11":"instock","12":"taxable","13":"shipping-taxable","14":"purchasable","15":"product-type-simple"},"uagb_featured_image_src":{"full":["https:\/\/e-kalastus.b-cdn.net\/wp-content\/uploads\/2024\/07\/JIGGLE-17.jpg",400,400,false],"thumbnail":["https:\/\/e-kalastus.b-cdn.net\/wp-content\/uploads\/2024\/07\/JIGGLE-17-150x150.jpg",150,150,true],"medium":["https:\/\/e-kalastus.b-cdn.net\/wp-content\/uploads\/2024\/07\/JIGGLE-17-300x300.jpg",300,300,true],"medium_large":["https:\/\/e-kalastus.b-cdn.net\/wp-content\/uploads\/2024\/07\/JIGGLE-17-768x768.jpg",768,768,true],"large":["https:\/\/e-kalastus.b-cdn.net\/wp-content\/uploads\/2024\/07\/JIGGLE-17-800x800.jpg",800,800,true],"1536x1536":["https:\/\/e-kalastus.b-cdn.net\/wp-content\/uploads\/2024\/07\/JIGGLE-17.jpg",400,400,false],"2048x2048":["https:\/\/e-kalastus.b-cdn.net\/wp-content\/uploads\/2024\/07\/JIGGLE-17.jpg",400,400,false],"woocommerce_thumbnail":["https:\/\/e-kalastus.b-cdn.net\/wp-content\/uploads\/2024\/07\/JIGGLE-17-768x768.jpg",324,324,true],"woocommerce_single":["https:\/\/e-kalastus.b-cdn.net\/wp-content\/uploads\/2024\/07\/JIGGLE-17-768x768.jpg",416,416,true],"woocommerce_gallery_thumbnail":["https:\/\/e-kalastus.b-cdn.net\/wp-content\/uploads\/2024\/07\/JIGGLE-17-100x100.jpg",100,100,true]},"uagb_author_info":{"display_name":"adam.mrozek","author_link":"https:\/\/e-kalastus.ee\/fi\/author\/"},"uagb_comment_info":0,"uagb_excerpt":"Frapp Jiggle on v\u00e4rin\u00e4viehe (VIB), joka on suunniteltu pystykalastukseen sek\u00e4 rauhallisella pelill\u00e4 ett\u00e4 nosto- ja pudotusliikkeill\u00e4. Frapp Jigglen runko on valmistettu kest\u00e4v\u00e4ksi ABS-muoviksi, joka kest\u00e4\u00e4 hyvin petokalojen hampaita, ja viehe on varustettu kahdella ter\u00e4v\u00e4ll\u00e4 kolmikoukulla. Sill\u00e4 on tyylik\u00e4s, sivuilta litistynyt muoto, sel\u00e4ss\u00e4 sijaitseva pieni selk\u00e4ev\u00e4 ja kiinte\u00e4 paino. 30 g painonsa ansiosta Jiggle 95 soveltuu&hellip;","_links":{"self":[{"href":"https:\/\/e-kalastus.ee\/fi\/wp-json\/wp\/v2\/product\/43187","targetHints":{"allow":["GET"]}}],"collection":[{"href":"https:\/\/e-kalastus.ee\/fi\/wp-json\/wp\/v2\/product"}],"about":[{"href":"https:\/\/e-kalastus.ee\/fi\/wp-json\/wp\/v2\/types\/product"}],"wp:featuredmedia":[{"embeddable":true,"href":"https:\/\/e-kalastus.ee\/fi\/wp-json\/wp\/v2\/media\/68307"}],"wp:attachment":[{"href":"https:\/\/e-kalastus.ee\/fi\/wp-json\/wp\/v2\/media?parent=43187"}],"wp:term":[{"taxonomy":"product_brand","embeddable":true,"href":"https:\/\/e-kalastus.ee\/fi\/wp-json\/wp\/v2\/product_brand?post=43187"},{"taxonomy":"product_cat","embeddable":true,"href":"https:\/\/e-kalastus.ee\/fi\/wp-json\/wp\/v2\/product_cat?post=43187"},{"taxonomy":"product_tag","embeddable":true,"href":"https:\/\/e-kalastus.ee\/fi\/wp-json\/wp\/v2\/product_tag?post=43187"}],"curies":[{"name":"wp","href":"https:\/\/api.w.org\/{rel}","templated":true}]}}