{"id":4105,"date":"2023-08-18T18:58:34","date_gmt":"2023-08-18T15:58:34","guid":{"rendered":"https:\/\/e-kalastus.ee\/toode\/feeder-golden-catch-verte-x-distance-feeder-42m-test-160g\/"},"modified":"2026-04-16T16:44:49","modified_gmt":"2026-04-16T13:44:49","slug":"feeder-golden-catch-verte-x-distance-feeder-42m-test-160g","status":"publish","type":"product","link":"https:\/\/e-kalastus.ee\/toode\/feeder-golden-catch-verte-x-distance-feeder-42m-test-160g\/","title":{"rendered":"Golden Catch Verte-X Distance 4,2m 160g"},"content":{"rendered":"<p>Tehnilised andmed:<br \/>\n\u2013 Tootja: Golden Catch<br \/>\n\u2013 Seeria: Verte-X<br \/>\n\u2013 Konstruktsioon: mitmeosaline<br \/>\n\u2013 Materjal: s\u00fcsinik (grafiit)<br \/>\n\u2013 Toime: kiire \/ progressiivne<br \/>\n\u2013 R\u00f5ngad: WeBo, SiC sisuga<br \/>\n\u2013 K\u00e4epide: kummiga kaetud<\/p>\n\n    <div class=\"xs_social_share_widget xs_share_url after_content \t\tmain_content  wslu-style-1 wslu-share-box-shaped wslu-fill-colored wslu-none wslu-share-horizontal wslu-theme-font-no wslu-main_content\">\n\n\t\t\n        <ul>\n\t\t\t        <\/ul>\n    <\/div>","protected":false},"excerpt":{"rendered":"<p>Golden Catch Verte-X Feeder on kiire ja progressiivse toimega feeder\u00f5ng, mis on valmistatud 30T ja 36T s\u00fcsinikust, tagades hea tundlikkuse, kerguse ja tugevuse.<\/p>\n<p>Ridval on WeBo komponendid ning SiC sisuga r\u00f5ngad, mis tagavad sujuva n\u00f6\u00f6ri liikumise. Kummiga kaetud ergonoomiline k\u00e4epide pakub kindlat ja mugavat haaret ka pikemal p\u00fc\u00fcgip\u00e4eval.<\/p>\n","protected":false},"featured_media":70472,"template":"","meta":{"_uag_custom_page_level_css":""},"product_brand":[1561],"product_cat":[1491],"product_tag":[],"class_list":{"0":"post-4105","1":"product","2":"type-product","3":"status-publish","4":"has-post-thumbnail","6":"product_brand-golden-catch","7":"product_cat-golden-catch-feederridvad","8":"product_shipping_class-suur","9":"pa_brand-golden-catch","10":"pa_pikkus-3-m","11":"pa_test-130-g","13":"first","14":"instock","15":"sale","16":"taxable","17":"shipping-taxable","18":"purchasable","19":"product-type-simple"},"uagb_featured_image_src":{"full":["https:\/\/e-kalastus.b-cdn.net\/wp-content\/uploads\/2024\/07\/KeSufWx2b1wXtGW9op6xB56nlMBaPNWizgISmk79.png",1000,1000,false],"thumbnail":["https:\/\/e-kalastus.b-cdn.net\/wp-content\/uploads\/2024\/07\/KeSufWx2b1wXtGW9op6xB56nlMBaPNWizgISmk79-150x150.png.jpg",150,150,true],"medium":["https:\/\/e-kalastus.b-cdn.net\/wp-content\/uploads\/2024\/07\/KeSufWx2b1wXtGW9op6xB56nlMBaPNWizgISmk79-300x300.png.jpg",300,300,true],"medium_large":["https:\/\/e-kalastus.b-cdn.net\/wp-content\/uploads\/2024\/07\/KeSufWx2b1wXtGW9op6xB56nlMBaPNWizgISmk79-768x768.png.jpg",768,768,true],"large":["https:\/\/e-kalastus.b-cdn.net\/wp-content\/uploads\/2024\/07\/KeSufWx2b1wXtGW9op6xB56nlMBaPNWizgISmk79-800x800.png.jpg",800,800,true],"1536x1536":["https:\/\/e-kalastus.b-cdn.net\/wp-content\/uploads\/2024\/07\/KeSufWx2b1wXtGW9op6xB56nlMBaPNWizgISmk79.png",1000,1000,false],"2048x2048":["https:\/\/e-kalastus.b-cdn.net\/wp-content\/uploads\/2024\/07\/KeSufWx2b1wXtGW9op6xB56nlMBaPNWizgISmk79.png",1000,1000,false],"woocommerce_thumbnail":["https:\/\/e-kalastus.b-cdn.net\/wp-content\/uploads\/2024\/07\/KeSufWx2b1wXtGW9op6xB56nlMBaPNWizgISmk79-768x768.png.jpg",324,324,true],"woocommerce_single":["https:\/\/e-kalastus.b-cdn.net\/wp-content\/uploads\/2024\/07\/KeSufWx2b1wXtGW9op6xB56nlMBaPNWizgISmk79-768x768.png.jpg",416,416,true],"woocommerce_gallery_thumbnail":["https:\/\/e-kalastus.b-cdn.net\/wp-content\/uploads\/2024\/07\/KeSufWx2b1wXtGW9op6xB56nlMBaPNWizgISmk79-100x100.png.jpg",100,100,true]},"uagb_author_info":{"display_name":"adam.mrozek","author_link":"https:\/\/e-kalastus.ee\/author\/"},"uagb_comment_info":0,"uagb_excerpt":"Golden Catch Verte-X Feeder on kiire ja progressiivse toimega feeder\u00f5ng, mis on valmistatud 30T ja 36T s\u00fcsinikust, tagades hea tundlikkuse, kerguse ja tugevuse. Ridval on WeBo komponendid ning SiC sisuga r\u00f5ngad, mis tagavad sujuva n\u00f6\u00f6ri liikumise. Kummiga kaetud ergonoomiline k\u00e4epide pakub kindlat ja mugavat haaret ka pikemal p\u00fc\u00fcgip\u00e4eval.","_links":{"self":[{"href":"https:\/\/e-kalastus.ee\/wp-json\/wp\/v2\/product\/4105","targetHints":{"allow":["GET"]}}],"collection":[{"href":"https:\/\/e-kalastus.ee\/wp-json\/wp\/v2\/product"}],"about":[{"href":"https:\/\/e-kalastus.ee\/wp-json\/wp\/v2\/types\/product"}],"wp:featuredmedia":[{"embeddable":true,"href":"https:\/\/e-kalastus.ee\/wp-json\/wp\/v2\/media\/70472"}],"wp:attachment":[{"href":"https:\/\/e-kalastus.ee\/wp-json\/wp\/v2\/media?parent=4105"}],"wp:term":[{"taxonomy":"product_brand","embeddable":true,"href":"https:\/\/e-kalastus.ee\/wp-json\/wp\/v2\/product_brand?post=4105"},{"taxonomy":"product_cat","embeddable":true,"href":"https:\/\/e-kalastus.ee\/wp-json\/wp\/v2\/product_cat?post=4105"},{"taxonomy":"product_tag","embeddable":true,"href":"https:\/\/e-kalastus.ee\/wp-json\/wp\/v2\/product_tag?post=4105"}],"curies":[{"name":"wp","href":"https:\/\/api.w.org\/{rel}","templated":true}]}}