{"id":4104,"date":"2023-08-18T18:58:34","date_gmt":"2023-08-18T15:58:34","guid":{"rendered":"https:\/\/e-kalastus.ee\/toode\/feeder-golden-catch-verte-x-36m-m-test-90g\/"},"modified":"2026-04-17T03:00:26","modified_gmt":"2026-04-17T00:00:26","slug":"feeder-golden-catch-verte-x-36m-m-test-90g","status":"publish","type":"product","link":"https:\/\/e-kalastus.ee\/toode\/feeder-golden-catch-verte-x-36m-m-test-90g\/","title":{"rendered":"Golden Catch Verte-X 3,6m test 90g"},"content":{"rendered":"<p><\/p>\n<p data-end=\"238\" data-start=\"0\">Tehnilised omadused:<br \/>\n\u2013 Tootja: Golden Catch<br \/>\n\u2013 Seeria: Verte-X<br \/>\n\u2013 Konstruktsioon: mitmeosaline<br \/>\n\u2013 Materjal: s\u00fcsinik (grafiit)<br \/>\n\u2013 R\u00f5ngad: WeBo, SiC sisuga, takistavad n\u00f6\u00f6ri kinnihaakumist<br \/>\n\u2013 K\u00e4epide: kummkattega, tagab kindla ja mugava haarde<\/p>\n<p><\/p>\n\n    <div class=\"xs_social_share_widget xs_share_url after_content \t\tmain_content  wslu-style-1 wslu-share-box-shaped wslu-fill-colored wslu-none wslu-share-horizontal wslu-theme-font-no wslu-main_content\">\n\n\t\t\n        <ul>\n\t\t\t        <\/ul>\n    <\/div>","protected":false},"excerpt":{"rendered":"<p>Golden Catch Verte-X Feeder 19 on taskukohase hinnaklassi kiiretoimeline feeder\u00f5ng, mis on m\u00f5eldud eelk\u00f5ige j\u00f5ep\u00fc\u00fcgiks. J\u00e4igad s\u00fcsiniktoorikud tagavad hea heiteulatuse ning v\u00f5imaldavad hoida kontrolli ka j\u00f5uliste kaladega v\u00f5ideldes.<\/p>\n<p>Ridvad on loodud pikamaa heideteks \u2013 v\u00f5imaldades p\u00fc\u00fcda \u00fcle 100 meetri kauguselt \u2013 ning pakuvad mitmek\u00fclgset valikut eri pikkuste ja heitev\u00f5imsustega.<\/p>\n","protected":false},"featured_media":69386,"template":"","meta":{"_uag_custom_page_level_css":""},"product_brand":[1561],"product_cat":[1491],"product_tag":[],"class_list":{"0":"post-4104","1":"product","2":"type-product","3":"status-publish","4":"has-post-thumbnail","6":"product_brand-golden-catch","7":"product_cat-golden-catch-feederridvad","8":"product_shipping_class-suur","9":"pa_brand-golden-catch","10":"pa_pikkus-3-m","11":"pa_test-70-90g","13":"first","14":"instock","15":"sale","16":"taxable","17":"shipping-taxable","18":"purchasable","19":"product-type-simple"},"uagb_featured_image_src":{"full":["https:\/\/e-kalastus.b-cdn.net\/wp-content\/uploads\/2024\/07\/meskere-golden-catch-verte-x-feeder-39-m-130-g-3.jpg",860,1000,false],"thumbnail":["https:\/\/e-kalastus.b-cdn.net\/wp-content\/uploads\/2024\/07\/meskere-golden-catch-verte-x-feeder-39-m-130-g-3-150x150.jpg",150,150,true],"medium":["https:\/\/e-kalastus.b-cdn.net\/wp-content\/uploads\/2024\/07\/meskere-golden-catch-verte-x-feeder-39-m-130-g-3-300x300.jpg",300,300,true],"medium_large":["https:\/\/e-kalastus.b-cdn.net\/wp-content\/uploads\/2024\/07\/meskere-golden-catch-verte-x-feeder-39-m-130-g-3-768x768.jpg",768,768,true],"large":["https:\/\/e-kalastus.b-cdn.net\/wp-content\/uploads\/2024\/07\/meskere-golden-catch-verte-x-feeder-39-m-130-g-3-800x800.jpg",800,800,true],"1536x1536":["https:\/\/e-kalastus.b-cdn.net\/wp-content\/uploads\/2024\/07\/meskere-golden-catch-verte-x-feeder-39-m-130-g-3.jpg",860,1000,false],"2048x2048":["https:\/\/e-kalastus.b-cdn.net\/wp-content\/uploads\/2024\/07\/meskere-golden-catch-verte-x-feeder-39-m-130-g-3.jpg",860,1000,false],"woocommerce_thumbnail":["https:\/\/e-kalastus.b-cdn.net\/wp-content\/uploads\/2024\/07\/meskere-golden-catch-verte-x-feeder-39-m-130-g-3-768x768.jpg",324,324,true],"woocommerce_single":["https:\/\/e-kalastus.b-cdn.net\/wp-content\/uploads\/2024\/07\/meskere-golden-catch-verte-x-feeder-39-m-130-g-3.jpg",416,484,false],"woocommerce_gallery_thumbnail":["https:\/\/e-kalastus.b-cdn.net\/wp-content\/uploads\/2024\/07\/meskere-golden-catch-verte-x-feeder-39-m-130-g-3-100x100.jpg",100,100,true]},"uagb_author_info":{"display_name":"adam.mrozek","author_link":"https:\/\/e-kalastus.ee\/author\/"},"uagb_comment_info":0,"uagb_excerpt":"Golden Catch Verte-X Feeder 19 on taskukohase hinnaklassi kiiretoimeline feeder\u00f5ng, mis on m\u00f5eldud eelk\u00f5ige j\u00f5ep\u00fc\u00fcgiks. J\u00e4igad s\u00fcsiniktoorikud tagavad hea heiteulatuse ning v\u00f5imaldavad hoida kontrolli ka j\u00f5uliste kaladega v\u00f5ideldes. Ridvad on loodud pikamaa heideteks \u2013 v\u00f5imaldades p\u00fc\u00fcda \u00fcle 100 meetri kauguselt \u2013 ning pakuvad mitmek\u00fclgset valikut eri pikkuste ja heitev\u00f5imsustega.","_links":{"self":[{"href":"https:\/\/e-kalastus.ee\/wp-json\/wp\/v2\/product\/4104","targetHints":{"allow":["GET"]}}],"collection":[{"href":"https:\/\/e-kalastus.ee\/wp-json\/wp\/v2\/product"}],"about":[{"href":"https:\/\/e-kalastus.ee\/wp-json\/wp\/v2\/types\/product"}],"wp:featuredmedia":[{"embeddable":true,"href":"https:\/\/e-kalastus.ee\/wp-json\/wp\/v2\/media\/69386"}],"wp:attachment":[{"href":"https:\/\/e-kalastus.ee\/wp-json\/wp\/v2\/media?parent=4104"}],"wp:term":[{"taxonomy":"product_brand","embeddable":true,"href":"https:\/\/e-kalastus.ee\/wp-json\/wp\/v2\/product_brand?post=4104"},{"taxonomy":"product_cat","embeddable":true,"href":"https:\/\/e-kalastus.ee\/wp-json\/wp\/v2\/product_cat?post=4104"},{"taxonomy":"product_tag","embeddable":true,"href":"https:\/\/e-kalastus.ee\/wp-json\/wp\/v2\/product_tag?post=4104"}],"curies":[{"name":"wp","href":"https:\/\/api.w.org\/{rel}","templated":true}]}}