{"id":4101,"date":"2023-08-18T18:58:33","date_gmt":"2023-08-18T15:58:33","guid":{"rendered":"https:\/\/e-kalastus.ee\/toode\/kostuum-graff-explorer-suit-xl-terracota-grey\/"},"modified":"2026-04-16T15:27:39","modified_gmt":"2026-04-16T12:27:39","slug":"kostuum-graff-explorer-suit-xl-terracota-grey","status":"publish","type":"product","link":"https:\/\/e-kalastus.ee\/fi\/tuotteet\/puku-fhm-explorer-suit-terracota-grey-koko-m\/","title":{"rendered":"Puku FHM Explorer Suit Terracota\/Grey KOKO M"},"content":{"rendered":"\n    <div class=\"xs_social_share_widget xs_share_url after_content \t\tmain_content  wslu-style-1 wslu-share-box-shaped wslu-fill-colored wslu-none wslu-share-horizontal wslu-theme-font-no wslu-main_content\">\n\n\t\t\n        <ul>\n\t\t\t        <\/ul>\n    <\/div> \n","protected":false},"excerpt":{"rendered":"<p>Kevyt, hengitt\u00e4v\u00e4 vedenpit\u00e4v\u00e4 puku, joka on suunniteltu heikolle sateelle tai rankkasateelle. T\u00e4m\u00e4 helposti pakattava ja venyv\u00e4 sadevaate on valmistettu 2,5-kerroksisesta TORAY Delfy (Toray) kalvokankaasta, jossa on vedenpit\u00e4v\u00e4\/hengitt\u00e4v\u00e4 este ja DWR (kest\u00e4v\u00e4n veden hylkiv\u00e4) pintak\u00e4sittely.<\/p>\n<p>FHM Explorer -puku on toiminnallinen ja kompakti. Se on suunniteltu suojaamaan p\u00e4\u00e4rvaatteitasi huonolta s\u00e4\u00e4lt\u00e4. Puku ei rajoita liikkeit\u00e4 ja on sile\u00e4 kosketukselta.<\/p>\n<p>T\u00e4t\u00e4 pukua voidaan k\u00e4ytt\u00e4\u00e4 kalastukseen, kukkulan k\u00e4velyyn, patikointiin ja matkustamiseen. Se auttaa sinua pysym\u00e4\u00e4n aktiivisena, vaikka s\u00e4\u00e4 muuttuisi.<\/p>\n<p>FHM miesten kalvopuku Explorerissa on yksinkertaistettu, painamaton muotoilu vedenpit\u00e4vill\u00e4 vetoketjuilla ja s\u00e4\u00e4dett\u00e4vill\u00e4 hihoilla tiivistetyill\u00e4 saumoilla sek\u00e4 vy\u00f6t\u00e4r\u00f6nauha turvallisen, s\u00e4\u00e4nkest\u00e4v\u00e4n istuvuuden varmistamiseksi.<\/p>\n<p>Takki ominaisuudet:<\/p>\n<p>2 etutaskua<br \/>\nAnatominen hihansovitus<br \/>\nS\u00e4\u00e4dett\u00e4v\u00e4 huppu<br \/>\nP\u00e4\u00e4vetoketjun takana oleva tuulensuoja<\/p>\n<p>Housut ominaisuudet:<\/p>\n<p>Vedenpit\u00e4v\u00e4t vetoketjut housujen sivusaumoissa<br \/>\nAnatominen istuvuus<br \/>\nJoustava vy\u00f6t\u00e4r\u00f6<\/p>\n<p>Pakattava suojus<br \/>\nKangas: 100% polyamidi<\/p>\n<p>Kankaan tiheys: 100 g\/m2<\/p>\n<p>Teknologia:<\/p>\n<p>30D Twin ripstop -kangas<br \/>\nTorayDelfy 2,5-kerroksinen kalvo<br \/>\nYKK vedenpit\u00e4v\u00e4t vetoketjut<br \/>\nTiivistetyt saumat<br \/>\nVedenpit\u00e4vyys 10 000 mm \/ m2 \/ 24h<br \/>\nHengitt\u00e4vyys 10 000 g \/ m2 \/ 24h<\/p>\n","protected":false},"featured_media":69930,"template":"","meta":{"_uag_custom_page_level_css":""},"product_brand":[1615],"product_cat":[1218],"product_tag":[],"class_list":{"0":"post-4101","1":"product","2":"type-product","3":"status-publish","4":"has-post-thumbnail","6":"product_brand-fhm","7":"product_cat-kostuumid","8":"pa_brand-fhm","10":"first","11":"instock","12":"sale","13":"taxable","14":"shipping-taxable","15":"purchasable","16":"product-type-simple"},"uagb_featured_image_src":{"full":["https:\/\/e-kalastus.b-cdn.net\/wp-content\/uploads\/2024\/07\/4683f140-49ec-4685-9fe9-9baff1c39bdb-scaled-1.jpg",307,1000,false],"thumbnail":["https:\/\/e-kalastus.b-cdn.net\/wp-content\/uploads\/2024\/07\/4683f140-49ec-4685-9fe9-9baff1c39bdb-scaled-1-150x150.jpg",150,150,true],"medium":["https:\/\/e-kalastus.b-cdn.net\/wp-content\/uploads\/2024\/07\/4683f140-49ec-4685-9fe9-9baff1c39bdb-scaled-1-300x300.jpg",300,300,true],"medium_large":["https:\/\/e-kalastus.b-cdn.net\/wp-content\/uploads\/2024\/07\/4683f140-49ec-4685-9fe9-9baff1c39bdb-scaled-1-768x768.jpg",768,768,true],"large":["https:\/\/e-kalastus.b-cdn.net\/wp-content\/uploads\/2024\/07\/4683f140-49ec-4685-9fe9-9baff1c39bdb-scaled-1-800x800.jpg",800,800,true],"1536x1536":["https:\/\/e-kalastus.b-cdn.net\/wp-content\/uploads\/2024\/07\/4683f140-49ec-4685-9fe9-9baff1c39bdb-scaled-1.jpg",307,1000,false],"2048x2048":["https:\/\/e-kalastus.b-cdn.net\/wp-content\/uploads\/2024\/07\/4683f140-49ec-4685-9fe9-9baff1c39bdb-scaled-1.jpg",307,1000,false],"woocommerce_thumbnail":["https:\/\/e-kalastus.b-cdn.net\/wp-content\/uploads\/2024\/07\/4683f140-49ec-4685-9fe9-9baff1c39bdb-scaled-1-768x768.jpg",324,324,true],"woocommerce_single":["https:\/\/e-kalastus.b-cdn.net\/wp-content\/uploads\/2024\/07\/4683f140-49ec-4685-9fe9-9baff1c39bdb-scaled-1.jpg",307,1000,false],"woocommerce_gallery_thumbnail":["https:\/\/e-kalastus.b-cdn.net\/wp-content\/uploads\/2024\/07\/4683f140-49ec-4685-9fe9-9baff1c39bdb-scaled-1-100x100.jpg",100,100,true]},"uagb_author_info":{"display_name":"adam.mrozek","author_link":"https:\/\/e-kalastus.ee\/fi\/author\/"},"uagb_comment_info":0,"uagb_excerpt":"Kevyt, hengitt\u00e4v\u00e4 vedenpit\u00e4v\u00e4 puku, joka on suunniteltu heikolle sateelle tai rankkasateelle. T\u00e4m\u00e4 helposti pakattava ja venyv\u00e4 sadevaate on valmistettu 2,5-kerroksisesta TORAY Delfy (Toray) kalvokankaasta, jossa on vedenpit\u00e4v\u00e4\/hengitt\u00e4v\u00e4 este ja DWR (kest\u00e4v\u00e4n veden hylkiv\u00e4) pintak\u00e4sittely. FHM Explorer -puku on toiminnallinen ja kompakti. Se on suunniteltu suojaamaan p\u00e4\u00e4rvaatteitasi huonolta s\u00e4\u00e4lt\u00e4. Puku ei rajoita liikkeit\u00e4 ja on sile\u00e4&hellip;","_links":{"self":[{"href":"https:\/\/e-kalastus.ee\/fi\/wp-json\/wp\/v2\/product\/4101","targetHints":{"allow":["GET"]}}],"collection":[{"href":"https:\/\/e-kalastus.ee\/fi\/wp-json\/wp\/v2\/product"}],"about":[{"href":"https:\/\/e-kalastus.ee\/fi\/wp-json\/wp\/v2\/types\/product"}],"wp:featuredmedia":[{"embeddable":true,"href":"https:\/\/e-kalastus.ee\/fi\/wp-json\/wp\/v2\/media\/69930"}],"wp:attachment":[{"href":"https:\/\/e-kalastus.ee\/fi\/wp-json\/wp\/v2\/media?parent=4101"}],"wp:term":[{"taxonomy":"product_brand","embeddable":true,"href":"https:\/\/e-kalastus.ee\/fi\/wp-json\/wp\/v2\/product_brand?post=4101"},{"taxonomy":"product_cat","embeddable":true,"href":"https:\/\/e-kalastus.ee\/fi\/wp-json\/wp\/v2\/product_cat?post=4101"},{"taxonomy":"product_tag","embeddable":true,"href":"https:\/\/e-kalastus.ee\/fi\/wp-json\/wp\/v2\/product_tag?post=4101"}],"curies":[{"name":"wp","href":"https:\/\/api.w.org\/{rel}","templated":true}]}}