{"id":39601,"date":"2023-12-21T11:56:01","date_gmt":"2023-12-21T09:56:01","guid":{"rendered":"https:\/\/e-kalastus.ee\/toode\/varvikolmik-kasitoo-nr-4-oranz-punane-sabru\/"},"modified":"2026-04-16T16:51:03","modified_gmt":"2026-04-16T13:51:03","slug":"varvikolmik-kasitoo-nr-4-oranz-punane-sabru","status":"publish","type":"product","link":"https:\/\/e-kalastus.ee\/toode\/varvikolmik-kasitoo-nr-4-oranz-punane-sabru\/","title":{"rendered":"V\u00e4rvikolmik K\u00e4sit\u00f6\u00f6 nr.4 oran\u017e\/punane s\u00e4bru"},"content":{"rendered":"\n    <div class=\"xs_social_share_widget xs_share_url after_content \t\tmain_content  wslu-style-1 wslu-share-box-shaped wslu-fill-colored wslu-none wslu-share-horizontal wslu-theme-font-no wslu-main_content\">\n\n\t\t\n        <ul>\n\t\t\t        <\/ul>\n    <\/div> \n","protected":false},"excerpt":{"rendered":"","protected":false},"featured_media":129338,"template":"","meta":{"_uag_custom_page_level_css":""},"product_brand":[],"product_cat":[1235],"product_tag":[],"class_list":{"0":"post-39601","1":"product","2":"type-product","3":"status-publish","4":"has-post-thumbnail","6":"product_cat-varvikolmikudketid","8":"first","9":"instock","10":"taxable","11":"shipping-taxable","12":"purchasable","13":"product-type-simple"},"uagb_featured_image_src":{"full":["https:\/\/e-kalastus.b-cdn.net\/wp-content\/uploads\/2025\/12\/IMG-0199-3.jpg",1000,915,false],"thumbnail":["https:\/\/e-kalastus.b-cdn.net\/wp-content\/uploads\/2025\/12\/IMG-0199-3-150x150.jpg",150,150,true],"medium":["https:\/\/e-kalastus.b-cdn.net\/wp-content\/uploads\/2025\/12\/IMG-0199-3-300x275.jpg",300,275,true],"medium_large":["https:\/\/e-kalastus.b-cdn.net\/wp-content\/uploads\/2025\/12\/IMG-0199-3-768x703.jpg",768,703,true],"large":["https:\/\/e-kalastus.b-cdn.net\/wp-content\/uploads\/2025\/12\/IMG-0199-3-800x732.jpg",800,732,true],"1536x1536":["https:\/\/e-kalastus.b-cdn.net\/wp-content\/uploads\/2025\/12\/IMG-0199-3.jpg",1000,915,false],"2048x2048":["https:\/\/e-kalastus.b-cdn.net\/wp-content\/uploads\/2025\/12\/IMG-0199-3.jpg",1000,915,false],"woocommerce_thumbnail":["https:\/\/e-kalastus.b-cdn.net\/wp-content\/uploads\/2025\/12\/IMG-0199-3-324x324.jpg",324,324,true],"woocommerce_single":["https:\/\/e-kalastus.b-cdn.net\/wp-content\/uploads\/2025\/12\/IMG-0199-3-768x703.jpg",416,381,true],"woocommerce_gallery_thumbnail":["https:\/\/e-kalastus.b-cdn.net\/wp-content\/uploads\/2025\/12\/IMG-0199-3-100x100.jpg",100,100,true]},"uagb_author_info":{"display_name":"adam.mrozek","author_link":"https:\/\/e-kalastus.ee\/author\/"},"uagb_comment_info":0,"uagb_excerpt":null,"_links":{"self":[{"href":"https:\/\/e-kalastus.ee\/wp-json\/wp\/v2\/product\/39601","targetHints":{"allow":["GET"]}}],"collection":[{"href":"https:\/\/e-kalastus.ee\/wp-json\/wp\/v2\/product"}],"about":[{"href":"https:\/\/e-kalastus.ee\/wp-json\/wp\/v2\/types\/product"}],"wp:featuredmedia":[{"embeddable":true,"href":"https:\/\/e-kalastus.ee\/wp-json\/wp\/v2\/media\/129338"}],"wp:attachment":[{"href":"https:\/\/e-kalastus.ee\/wp-json\/wp\/v2\/media?parent=39601"}],"wp:term":[{"taxonomy":"product_brand","embeddable":true,"href":"https:\/\/e-kalastus.ee\/wp-json\/wp\/v2\/product_brand?post=39601"},{"taxonomy":"product_cat","embeddable":true,"href":"https:\/\/e-kalastus.ee\/wp-json\/wp\/v2\/product_cat?post=39601"},{"taxonomy":"product_tag","embeddable":true,"href":"https:\/\/e-kalastus.ee\/wp-json\/wp\/v2\/product_tag?post=39601"}],"curies":[{"name":"wp","href":"https:\/\/api.w.org\/{rel}","templated":true}]}}