{"id":38547,"date":"2023-12-19T08:41:01","date_gmt":"2023-12-19T06:41:01","guid":{"rendered":"https:\/\/e-kalastus.ee\/toode\/kostuum-remington-real-fishing-35c-size-3xl\/"},"modified":"2026-04-10T14:57:08","modified_gmt":"2026-04-10T11:57:08","slug":"kostuum-remington-real-fishing-35c-size-3xl","status":"publish","type":"product","link":"https:\/\/e-kalastus.ee\/toode\/kostuum-remington-real-fishing-35c-size-3xl\/","title":{"rendered":"Kost\u00fc\u00fcm Remington Real Fishing -35C SIZE 3XL"},"content":{"rendered":"\n    <div class=\"xs_social_share_widget xs_share_url after_content \t\tmain_content  wslu-style-1 wslu-share-box-shaped wslu-fill-colored wslu-none wslu-share-horizontal wslu-theme-font-no wslu-main_content\">\n\n\t\t\n        <ul>\n\t\t\t        <\/ul>\n    <\/div> \n","protected":false},"excerpt":{"rendered":"<p>Remington Real Fishing kalap\u00fc\u00fcgi\u00fclikond kuulsalt Ameerika tootjalt. Remington on nende valik, kes hindavad korralikku kvaliteeti m\u00f5istliku raha eest.<\/p>\n<p>Remington Real Fishing \u00fclikond on ideaalne valik, mis on loodud t\u00f5elistele talvistes oludes kalap\u00fc\u00fcgi austajatele. Mudel on m\u00f5eldud mugavaks kasutamiseks vahemikus -10\u00b0C kuni -35\u00b0C. Remington Real Fishing talvisel kalap\u00fc\u00fcgi\u00fclikonnal on pehme, fliisist pol\u00fcestrist v\u00e4lispind, mis tagab peaaegu vaikse t\u00f6\u00f6.<\/p>\n<p>\u00dclikonna sees on isoleeriv fliiskangast kiht, mis pakub soojust ja mugavust ka karmides talvetingimustes. Kalastus\u00fclikond on varustatud Climatic Extreme membraaniga, mis tagab suurep\u00e4rase veekindluse ja auru l\u00e4bilaskvuse. See t\u00e4hendab, et \u00fclikond ei lase vett v\u00e4ljast l\u00e4bi, k\u00fcll aga laseb seestpoolt niiskusel aurustuda.<\/p>\n<p>  Climatic Extreme membraani veekindlus ja auru l\u00e4bilaskvus on vastavalt 10 000 mm ja 12 000 g\/m\u00b2\/24 tundi. Sellised k\u00f5rged m\u00e4\u00e4rad kaitsevad m\u00e4rja lume ja j\u00e4iste pritsmete eest ning liigne niiskus ja higi eemaldatakse suurep\u00e4raselt. Remington Real Fishing \u00fclikonna oluline omadus on Pro Heat isolatsioon. Pro Heat isolatsioon pakub t\u00e4iendavat isolatsiooni, et hoida k\u00fclma v\u00e4lja.<\/p>\n<p>Avar l\u00f5ige ja palju kohandusi muudavad selle \u00fclikonna mugavaks ja sobivad igale figuurile. Elastsete vahet\u00fckkide ja reguleeritavate traksidega k\u00f5rge kombinesoon v\u00f5imaldab muuta \u00fclikonna endale ideaalselt sobivaks.<\/p>\n<p>Remington Real Fishing \u00fclikonna jope kinnitub vastupidava luku ja takjapaelaga. T\u00f5mblukuga s\u00fcgavate taskute olemasolu v\u00f5imaldab teil isiklikud esemed \u00e4ra panna ja mitte muretseda nende ohutuse p\u00e4rast. Kitsad mansetid varrukatel ja k\u00f5rge p\u00fcstkrae takistavad sademete sissep\u00e4\u00e4su. Remington Winter Cyclone Ice Fishing Suit laia s\u00e4\u00e4rega p\u00fcksid v\u00f5imaldavad teil vabalt liikuda. Lisaks v\u00f5ite selle all kanda termopesu. P\u00fckstel on ka s\u00fcgavad taskud.<\/p>\n<p>Remington Real Fishing \u00fclikonnast saab teie usaldusv\u00e4\u00e4rne kaaslane, mis pakub soojust ja mugavust talvistes p\u00fc\u00fcgitingimustes.<\/p>\n","protected":false},"featured_media":67773,"template":"","meta":{"_uag_custom_page_level_css":""},"product_brand":[1654],"product_cat":[1218],"product_tag":[],"class_list":{"0":"post-38547","1":"product","2":"type-product","3":"status-publish","4":"has-post-thumbnail","6":"product_brand-remington","7":"product_cat-kostuumid","8":"pa_brand-remington","10":"first","11":"instock","12":"sale","13":"taxable","14":"shipping-taxable","15":"purchasable","16":"product-type-simple"},"uagb_featured_image_src":{"full":["https:\/\/e-kalastus.b-cdn.net\/wp-content\/uploads\/2024\/07\/Remington-Real-Fishing-12-4.jpg",750,1000,false],"thumbnail":["https:\/\/e-kalastus.b-cdn.net\/wp-content\/uploads\/2024\/07\/Remington-Real-Fishing-12-4-150x150.jpg",150,150,true],"medium":["https:\/\/e-kalastus.b-cdn.net\/wp-content\/uploads\/2024\/07\/Remington-Real-Fishing-12-4-300x300.jpg",300,300,true],"medium_large":["https:\/\/e-kalastus.b-cdn.net\/wp-content\/uploads\/2024\/07\/Remington-Real-Fishing-12-4-768x768.jpg",768,768,true],"large":["https:\/\/e-kalastus.b-cdn.net\/wp-content\/uploads\/2024\/07\/Remington-Real-Fishing-12-4-800x800.jpg",800,800,true],"1536x1536":["https:\/\/e-kalastus.b-cdn.net\/wp-content\/uploads\/2024\/07\/Remington-Real-Fishing-12-4.jpg",750,1000,false],"2048x2048":["https:\/\/e-kalastus.b-cdn.net\/wp-content\/uploads\/2024\/07\/Remington-Real-Fishing-12-4.jpg",750,1000,false],"woocommerce_thumbnail":["https:\/\/e-kalastus.b-cdn.net\/wp-content\/uploads\/2024\/07\/Remington-Real-Fishing-12-4-768x768.jpg",324,324,true],"woocommerce_single":["https:\/\/e-kalastus.b-cdn.net\/wp-content\/uploads\/2024\/07\/Remington-Real-Fishing-12-4.jpg",416,555,false],"woocommerce_gallery_thumbnail":["https:\/\/e-kalastus.b-cdn.net\/wp-content\/uploads\/2024\/07\/Remington-Real-Fishing-12-4-100x100.jpg",100,100,true]},"uagb_author_info":{"display_name":"adam.mrozek","author_link":"https:\/\/e-kalastus.ee\/author\/"},"uagb_comment_info":0,"uagb_excerpt":"Remington Real Fishing kalap\u00fc\u00fcgi\u00fclikond kuulsalt Ameerika tootjalt. Remington on nende valik, kes hindavad korralikku kvaliteeti m\u00f5istliku raha eest. Remington Real Fishing \u00fclikond on ideaalne valik, mis on loodud t\u00f5elistele talvistes oludes kalap\u00fc\u00fcgi austajatele. Mudel on m\u00f5eldud mugavaks kasutamiseks vahemikus -10\u00b0C kuni -35\u00b0C. Remington Real Fishing talvisel kalap\u00fc\u00fcgi\u00fclikonnal on pehme, fliisist pol\u00fcestrist v\u00e4lispind, mis tagab peaaegu&hellip;","_links":{"self":[{"href":"https:\/\/e-kalastus.ee\/wp-json\/wp\/v2\/product\/38547","targetHints":{"allow":["GET"]}}],"collection":[{"href":"https:\/\/e-kalastus.ee\/wp-json\/wp\/v2\/product"}],"about":[{"href":"https:\/\/e-kalastus.ee\/wp-json\/wp\/v2\/types\/product"}],"wp:featuredmedia":[{"embeddable":true,"href":"https:\/\/e-kalastus.ee\/wp-json\/wp\/v2\/media\/67773"}],"wp:attachment":[{"href":"https:\/\/e-kalastus.ee\/wp-json\/wp\/v2\/media?parent=38547"}],"wp:term":[{"taxonomy":"product_brand","embeddable":true,"href":"https:\/\/e-kalastus.ee\/wp-json\/wp\/v2\/product_brand?post=38547"},{"taxonomy":"product_cat","embeddable":true,"href":"https:\/\/e-kalastus.ee\/wp-json\/wp\/v2\/product_cat?post=38547"},{"taxonomy":"product_tag","embeddable":true,"href":"https:\/\/e-kalastus.ee\/wp-json\/wp\/v2\/product_tag?post=38547"}],"curies":[{"name":"wp","href":"https:\/\/api.w.org\/{rel}","templated":true}]}}