{"id":38535,"date":"2023-12-19T08:40:53","date_gmt":"2023-12-19T06:40:53","guid":{"rendered":"https:\/\/e-kalastus.ee\/toode\/kostuum-remington-winter-cyclone-30c-size-l\/"},"modified":"2026-04-10T15:03:50","modified_gmt":"2026-04-10T12:03:50","slug":"kostuum-remington-winter-cyclone-30c-size-l","status":"publish","type":"product","link":"https:\/\/e-kalastus.ee\/toode\/kostuum-remington-winter-cyclone-30c-size-l\/","title":{"rendered":"Kost\u00fc\u00fcm Remington Winter Cyclone -30C SIZE L"},"content":{"rendered":"\n    <div class=\"xs_social_share_widget xs_share_url after_content \t\tmain_content  wslu-style-1 wslu-share-box-shaped wslu-fill-colored wslu-none wslu-share-horizontal wslu-theme-font-no wslu-main_content\">\n\n\t\t\n        <ul>\n\t\t\t        <\/ul>\n    <\/div> \n","protected":false},"excerpt":{"rendered":"<p>Talvine kalastuskost\u00fc\u00fcm Remington Winter Cyclone kuulsalt Ameerika kaubam\u00e4rgilt. Remington on nende valik, kes hindavad korralikku kvaliteeti m\u00f5istliku raha eest.<br \/>\nRemington Winter Cyclone \u00fclikond on valmistatud 100% pol\u00fcestrist ja Climatic Extreme membraaniga, mis tagab suurep\u00e4rase veekindluse ja auru l\u00e4bilaskvuse. See t\u00e4hendab, et \u00fclikond ei lase vett v\u00e4ljast l\u00e4bi, k\u00fcll aga laseb seestpoolt niiskusel aurustuda. Climatic Extreme membraani veekindlus ja auru l\u00e4bilaskvus on vastavalt 10 000 mm ja 10 000 g\/m\u00b2\/24 tundi. nii k\u00f5rged m\u00e4\u00e4rad kaitsevad m\u00e4rja lume ja j\u00e4iste pritsmete eest ning liigne niiskus ja higi eemaldatakse suurep\u00e4raselt.<br \/>\nMembraan Climatic Extreme on k\u00f5rgtehnoloogiline materjal, mis tagab suurep\u00e4rase kaitse niiskuse eest, muutes Remington Winter Cyclone \u00fclikonna ideaalseks talvel kalastamiseks, matkamiseks ja muudeks v\u00e4litegevusteks. T\u00e4nu sellele membraanile v\u00f5ite olla kindel, et j\u00e4\u00e4te kuivaks mis tahes ilmastikutingimustes.<br \/>\nPro Heat isolatsioon on kompleksne isolatsioon, mis koosneb \u00f5hku kinni hoidvatest mikrokiududest, aga ka suurtest kiududest, mis suurendavad selle mahtu. Pro Hit isolatsioon tagab t\u00e4iendava soojusisolatsiooni, kaitstes k\u00fclma eest isegi temperatuuridel kuni -30 \u00b0C.<br \/>\n\u00dclikonna jakk on kinnitatud vastupidava lukuga. T\u00f5mblukuga s\u00fcgavate taskute olemasolu v\u00f5imaldab teil isiklikud esemed \u00e4ra panna ja mitte muretseda nende ohutuse p\u00e4rast. Kitsad mansetid varrukatel takistavad sademete sissep\u00e4\u00e4su. K\u00f5rge kraega alus katab usaldusv\u00e4\u00e4rselt ka kaela ja osa n\u00e4ost sademete eest.<br \/>\nRemington Winter Cyclone Ice Fishing Suit laia s\u00e4\u00e4rega p\u00fcksid v\u00f5imaldavad teil vabalt liikuda. Lisaks v\u00f5ite selle all kanda termopesu. P\u00fckstel on ka taskud.<br \/>\nT\u00e4nu k\u00f5rgele veekindlusele ja auru l\u00e4bilaskvusele, samuti membraanile ja kvaliteetsele isolatsioonile saab Remington Winter Cyclone \u00fclikonnast paljudeks aastateks usaldusv\u00e4\u00e4rne kaitsja kalap\u00fc\u00fcgi, turismi ja v\u00e4litegevuse austajatele.<\/p>\n","protected":false},"featured_media":66592,"template":"","meta":{"_uag_custom_page_level_css":""},"product_brand":[1654],"product_cat":[1218],"product_tag":[],"class_list":{"0":"post-38535","1":"product","2":"type-product","3":"status-publish","4":"has-post-thumbnail","6":"product_brand-remington","7":"product_cat-kostuumid","8":"pa_brand-remington","10":"first","11":"instock","12":"sale","13":"taxable","14":"shipping-taxable","15":"purchasable","16":"product-type-simple"},"uagb_featured_image_src":{"full":["https:\/\/e-kalastus.b-cdn.net\/wp-content\/uploads\/2024\/07\/Remington-Winter-Cyclone-1-2.jpg",750,1000,false],"thumbnail":["https:\/\/e-kalastus.b-cdn.net\/wp-content\/uploads\/2024\/07\/Remington-Winter-Cyclone-1-2-150x150.jpg",150,150,true],"medium":["https:\/\/e-kalastus.b-cdn.net\/wp-content\/uploads\/2024\/07\/Remington-Winter-Cyclone-1-2-300x300.jpg",300,300,true],"medium_large":["https:\/\/e-kalastus.b-cdn.net\/wp-content\/uploads\/2024\/07\/Remington-Winter-Cyclone-1-2-768x768.jpg",768,768,true],"large":["https:\/\/e-kalastus.b-cdn.net\/wp-content\/uploads\/2024\/07\/Remington-Winter-Cyclone-1-2-800x800.jpg",800,800,true],"1536x1536":["https:\/\/e-kalastus.b-cdn.net\/wp-content\/uploads\/2024\/07\/Remington-Winter-Cyclone-1-2.jpg",750,1000,false],"2048x2048":["https:\/\/e-kalastus.b-cdn.net\/wp-content\/uploads\/2024\/07\/Remington-Winter-Cyclone-1-2.jpg",750,1000,false],"woocommerce_thumbnail":["https:\/\/e-kalastus.b-cdn.net\/wp-content\/uploads\/2024\/07\/Remington-Winter-Cyclone-1-2-768x768.jpg",324,324,true],"woocommerce_single":["https:\/\/e-kalastus.b-cdn.net\/wp-content\/uploads\/2024\/07\/Remington-Winter-Cyclone-1-2.jpg",416,555,false],"woocommerce_gallery_thumbnail":["https:\/\/e-kalastus.b-cdn.net\/wp-content\/uploads\/2024\/07\/Remington-Winter-Cyclone-1-2-100x100.jpg",100,100,true]},"uagb_author_info":{"display_name":"adam.mrozek","author_link":"https:\/\/e-kalastus.ee\/author\/"},"uagb_comment_info":0,"uagb_excerpt":"Talvine kalastuskost\u00fc\u00fcm Remington Winter Cyclone kuulsalt Ameerika kaubam\u00e4rgilt. Remington on nende valik, kes hindavad korralikku kvaliteeti m\u00f5istliku raha eest. Remington Winter Cyclone \u00fclikond on valmistatud 100% pol\u00fcestrist ja Climatic Extreme membraaniga, mis tagab suurep\u00e4rase veekindluse ja auru l\u00e4bilaskvuse. See t\u00e4hendab, et \u00fclikond ei lase vett v\u00e4ljast l\u00e4bi, k\u00fcll aga laseb seestpoolt niiskusel aurustuda. Climatic Extreme&hellip;","_links":{"self":[{"href":"https:\/\/e-kalastus.ee\/wp-json\/wp\/v2\/product\/38535","targetHints":{"allow":["GET"]}}],"collection":[{"href":"https:\/\/e-kalastus.ee\/wp-json\/wp\/v2\/product"}],"about":[{"href":"https:\/\/e-kalastus.ee\/wp-json\/wp\/v2\/types\/product"}],"wp:featuredmedia":[{"embeddable":true,"href":"https:\/\/e-kalastus.ee\/wp-json\/wp\/v2\/media\/66592"}],"wp:attachment":[{"href":"https:\/\/e-kalastus.ee\/wp-json\/wp\/v2\/media?parent=38535"}],"wp:term":[{"taxonomy":"product_brand","embeddable":true,"href":"https:\/\/e-kalastus.ee\/wp-json\/wp\/v2\/product_brand?post=38535"},{"taxonomy":"product_cat","embeddable":true,"href":"https:\/\/e-kalastus.ee\/wp-json\/wp\/v2\/product_cat?post=38535"},{"taxonomy":"product_tag","embeddable":true,"href":"https:\/\/e-kalastus.ee\/wp-json\/wp\/v2\/product_tag?post=38535"}],"curies":[{"name":"wp","href":"https:\/\/api.w.org\/{rel}","templated":true}]}}