{"id":32808,"date":"2023-12-01T17:00:22","date_gmt":"2023-12-01T15:00:22","guid":{"rendered":"https:\/\/e-kalastus.ee\/toode\/jaapuur-strikemaster-lite-flite-champion-110mm\/"},"modified":"2026-03-30T15:36:57","modified_gmt":"2026-03-30T12:36:57","slug":"jaapuur-strikemaster-lite-flite-champion-110mm","status":"publish","type":"product","link":"https:\/\/e-kalastus.ee\/toode\/jaapuur-strikemaster-lite-flite-champion-110mm\/","title":{"rendered":"J\u00e4\u00e4puur StrikeMaster Lite Flite Champion 110mm"},"content":{"rendered":"\n    <div class=\"xs_social_share_widget xs_share_url after_content \t\tmain_content  wslu-style-1 wslu-share-box-shaped wslu-fill-colored wslu-none wslu-share-horizontal wslu-theme-font-no wslu-main_content\">\n\n\t\t\n        <ul>\n\t\t\t        <\/ul>\n    <\/div> \n","protected":false},"excerpt":{"rendered":"<p>V\u00f5istlus\u00f5ngitsejatele m\u00f5eldud StrikeMaster Lite-Flite Champion on kerge, v\u00f5imas ja mitmek\u00fclgne. Puuri kasutegur on tippklassist, kui j\u00e4ik Hexacon keretoru ja torupainutaja edastavad kogu energia \u00f5lakaldast teraplokkidesse T\u00e4nu molekulaarsele v\u00e4ga kergele Lite Flite keermele on puuri teisaldatavus ja tasakaal. on tipptasemel, sest kalamees saab niidi pikkust reguleerida vastavalt oma eelistustele ja j\u00e4\u00e4oludele.<\/p>\n<p>ArcTec pol\u00fcmeerist valmistatud niit ei k\u00fclmu nii kergesti kui metallniit. Vajadusel saab j\u00e4\u00e4 eemaldada lihtsalt kruvi painutades.<\/p>\n<p>Patenteeritud ja kerge ArcTec Fiber kroon koos Expert terat\u00fckkidega l\u00f5ikab \u00fchtlase j\u00e4\u00e4l\u00f5igu igas olukorras. Otsikuid saab vahetada ka v\u00f5istlushommikul ja pole vaja muretseda teo teritamise p\u00e4rast.<\/p>\n<p>\u2022 V\u00f5istllejatele<br \/>\n\u2022 J\u00e4ik torupainutaja<br \/>\n\u2022 J\u00e4ik terasest Hexacon raami toru<br \/>\n\u2022 Kerge ja modulaarse Lite Flite ArcTec keerme pikkust saab kalamees ise reguleerida<br \/>\n\u2022 Patenteeritud ArcTec Fiber kroon vahetatavate Expert 4\u201d teradega<\/p>\n","protected":false},"featured_media":71639,"template":"","meta":{"_uag_custom_page_level_css":""},"product_brand":[767],"product_cat":[1172],"product_tag":[],"class_list":{"0":"post-32808","1":"product","2":"type-product","3":"status-publish","4":"has-post-thumbnail","6":"product_brand-rapala","7":"product_cat-jaapuurid-ja-terad","8":"product_shipping_class-suur","9":"pa_brand-rapala","10":"pa_pikkus-100-120mm","12":"first","13":"instock","14":"taxable","15":"shipping-taxable","16":"purchasable","17":"product-type-simple"},"uagb_featured_image_src":{"full":["https:\/\/e-kalastus.b-cdn.net\/wp-content\/uploads\/2024\/07\/strikemaster-lite-flite-champion-110mm-race-ice-mm0124.jpg",395,606,false],"thumbnail":["https:\/\/e-kalastus.b-cdn.net\/wp-content\/uploads\/2024\/07\/strikemaster-lite-flite-champion-110mm-race-ice-mm0124-150x150.jpg",150,150,true],"medium":["https:\/\/e-kalastus.b-cdn.net\/wp-content\/uploads\/2024\/07\/strikemaster-lite-flite-champion-110mm-race-ice-mm0124-300x300.jpg",300,300,true],"medium_large":["https:\/\/e-kalastus.b-cdn.net\/wp-content\/uploads\/2024\/07\/strikemaster-lite-flite-champion-110mm-race-ice-mm0124-768x768.jpg",768,768,true],"large":["https:\/\/e-kalastus.b-cdn.net\/wp-content\/uploads\/2024\/07\/strikemaster-lite-flite-champion-110mm-race-ice-mm0124-800x800.jpg",800,800,true],"1536x1536":["https:\/\/e-kalastus.b-cdn.net\/wp-content\/uploads\/2024\/07\/strikemaster-lite-flite-champion-110mm-race-ice-mm0124.jpg",395,606,false],"2048x2048":["https:\/\/e-kalastus.b-cdn.net\/wp-content\/uploads\/2024\/07\/strikemaster-lite-flite-champion-110mm-race-ice-mm0124.jpg",395,606,false],"woocommerce_thumbnail":["https:\/\/e-kalastus.b-cdn.net\/wp-content\/uploads\/2024\/07\/strikemaster-lite-flite-champion-110mm-race-ice-mm0124-768x768.jpg",324,324,true],"woocommerce_single":["https:\/\/e-kalastus.b-cdn.net\/wp-content\/uploads\/2024\/07\/strikemaster-lite-flite-champion-110mm-race-ice-mm0124.jpg",395,606,false],"woocommerce_gallery_thumbnail":["https:\/\/e-kalastus.b-cdn.net\/wp-content\/uploads\/2024\/07\/strikemaster-lite-flite-champion-110mm-race-ice-mm0124-100x100.jpg",100,100,true]},"uagb_author_info":{"display_name":"adam.mrozek","author_link":"https:\/\/e-kalastus.ee\/author\/"},"uagb_comment_info":0,"uagb_excerpt":"V\u00f5istlus\u00f5ngitsejatele m\u00f5eldud StrikeMaster Lite-Flite Champion on kerge, v\u00f5imas ja mitmek\u00fclgne. Puuri kasutegur on tippklassist, kui j\u00e4ik Hexacon keretoru ja torupainutaja edastavad kogu energia \u00f5lakaldast teraplokkidesse T\u00e4nu molekulaarsele v\u00e4ga kergele Lite Flite keermele on puuri teisaldatavus ja tasakaal. on tipptasemel, sest kalamees saab niidi pikkust reguleerida vastavalt oma eelistustele ja j\u00e4\u00e4oludele. ArcTec pol\u00fcmeerist valmistatud niit ei&hellip;","_links":{"self":[{"href":"https:\/\/e-kalastus.ee\/wp-json\/wp\/v2\/product\/32808","targetHints":{"allow":["GET"]}}],"collection":[{"href":"https:\/\/e-kalastus.ee\/wp-json\/wp\/v2\/product"}],"about":[{"href":"https:\/\/e-kalastus.ee\/wp-json\/wp\/v2\/types\/product"}],"wp:featuredmedia":[{"embeddable":true,"href":"https:\/\/e-kalastus.ee\/wp-json\/wp\/v2\/media\/71639"}],"wp:attachment":[{"href":"https:\/\/e-kalastus.ee\/wp-json\/wp\/v2\/media?parent=32808"}],"wp:term":[{"taxonomy":"product_brand","embeddable":true,"href":"https:\/\/e-kalastus.ee\/wp-json\/wp\/v2\/product_brand?post=32808"},{"taxonomy":"product_cat","embeddable":true,"href":"https:\/\/e-kalastus.ee\/wp-json\/wp\/v2\/product_cat?post=32808"},{"taxonomy":"product_tag","embeddable":true,"href":"https:\/\/e-kalastus.ee\/wp-json\/wp\/v2\/product_tag?post=32808"}],"curies":[{"name":"wp","href":"https:\/\/api.w.org\/{rel}","templated":true}]}}