{"id":29160,"date":"2023-11-24T00:38:47","date_gmt":"2023-11-23T22:38:47","guid":{"rendered":"https:\/\/e-kalastus.ee\/toode\/narval-frost-candy-vib-65mm-11g-color-017-orange-tiger\/"},"modified":"2026-03-30T14:18:21","modified_gmt":"2026-03-30T11:18:21","slug":"narval-frost-candy-vib-65mm-11g-color-017-orange-tiger","status":"publish","type":"product","link":"https:\/\/e-kalastus.ee\/fi\/tuotteet\/narval-frost-candy-vib-65mm-11g-orange-tiger\/","title":{"rendered":"Narval Frost Candy VIB 65mm 11g Color #017 Orange Tiger"},"content":{"rendered":"<p><\/p>\n<p>Narval Frost Candy Vib 65\u202fmm on suunniteltu erityisesti hauen, ahvenen ja muiden kalalajien pyyntiin. Sen kapea ja painava runko takaa helpon k\u00e4ynnistyksen ja hyv\u00e4n v\u00e4rin\u00e4n, kun taas laaja v\u00e4rivalikoima, mukaan lukien UV-korostukset, mahdollistaa vieheen mukautumisen eri olosuhteisiin. Saatavilla viidess\u00e4 koossa ja eri painoissa, monilla v\u00e4reill\u00e4.<\/p>\n<div>&nbsp;<\/div>\n<p><\/p>\n\n    <div class=\"xs_social_share_widget xs_share_url after_content \t\tmain_content  wslu-style-1 wslu-share-box-shaped wslu-fill-colored wslu-none wslu-share-horizontal wslu-theme-font-no wslu-main_content\">\n\n\t\t\n        <ul>\n\t\t\t        <\/ul>\n    <\/div>","protected":false},"excerpt":{"rendered":"<p>Narval Frost Candy Vib 65\u202fmm \u2013 kapea, painava ja v\u00e4risev\u00e4 viehe, saatavilla useissa koossa ja v\u00e4ris\u00e4vyss\u00e4, sopii hauen ja ahvenen pyyntiin sek\u00e4 j\u00e4\u00e4n alla ett\u00e4 avovedess\u00e4.<\/p>\n","protected":false},"featured_media":71271,"template":"","meta":{"_uag_custom_page_level_css":""},"product_brand":[1153],"product_cat":[1459],"product_tag":[],"class_list":{"0":"post-29160","1":"product","2":"type-product","3":"status-publish","4":"has-post-thumbnail","6":"product_brand-narval","7":"product_cat-frost-candy","8":"pa_brand-narval","9":"pa_pikkus-30-70mm","11":"first","12":"instock","13":"taxable","14":"shipping-taxable","15":"purchasable","16":"product-type-simple"},"uagb_featured_image_src":{"full":["https:\/\/e-kalastus.b-cdn.net\/wp-content\/uploads\/2024\/07\/narval-frost-candy-vib-65-11g-color-017-orange-tiger-jpg-2.png",653,999,false],"thumbnail":["https:\/\/e-kalastus.b-cdn.net\/wp-content\/uploads\/2024\/07\/narval-frost-candy-vib-65-11g-color-017-orange-tiger-jpg-2-150x150.png.jpg",150,150,true],"medium":["https:\/\/e-kalastus.b-cdn.net\/wp-content\/uploads\/2024\/07\/narval-frost-candy-vib-65-11g-color-017-orange-tiger-jpg-2-300x300.png.jpg",300,300,true],"medium_large":["https:\/\/e-kalastus.b-cdn.net\/wp-content\/uploads\/2024\/07\/narval-frost-candy-vib-65-11g-color-017-orange-tiger-jpg-2-768x768.png.jpg",768,768,true],"large":["https:\/\/e-kalastus.b-cdn.net\/wp-content\/uploads\/2024\/07\/narval-frost-candy-vib-65-11g-color-017-orange-tiger-jpg-2-800x800.png.jpg",800,800,true],"1536x1536":["https:\/\/e-kalastus.b-cdn.net\/wp-content\/uploads\/2024\/07\/narval-frost-candy-vib-65-11g-color-017-orange-tiger-jpg-2.png",653,999,false],"2048x2048":["https:\/\/e-kalastus.b-cdn.net\/wp-content\/uploads\/2024\/07\/narval-frost-candy-vib-65-11g-color-017-orange-tiger-jpg-2.png",653,999,false],"woocommerce_thumbnail":["https:\/\/e-kalastus.b-cdn.net\/wp-content\/uploads\/2024\/07\/narval-frost-candy-vib-65-11g-color-017-orange-tiger-jpg-2-768x768.png.jpg",324,324,true],"woocommerce_single":["https:\/\/e-kalastus.b-cdn.net\/wp-content\/uploads\/2024\/07\/narval-frost-candy-vib-65-11g-color-017-orange-tiger-jpg-2.png",416,636,false],"woocommerce_gallery_thumbnail":["https:\/\/e-kalastus.b-cdn.net\/wp-content\/uploads\/2024\/07\/narval-frost-candy-vib-65-11g-color-017-orange-tiger-jpg-2-100x100.png.jpg",100,100,true]},"uagb_author_info":{"display_name":"adam.mrozek","author_link":"https:\/\/e-kalastus.ee\/fi\/author\/"},"uagb_comment_info":0,"uagb_excerpt":"Narval Frost Candy Vib 65\u202fmm \u2013 kapea, painava ja v\u00e4risev\u00e4 viehe, saatavilla useissa koossa ja v\u00e4ris\u00e4vyss\u00e4, sopii hauen ja ahvenen pyyntiin sek\u00e4 j\u00e4\u00e4n alla ett\u00e4 avovedess\u00e4.","_links":{"self":[{"href":"https:\/\/e-kalastus.ee\/fi\/wp-json\/wp\/v2\/product\/29160","targetHints":{"allow":["GET"]}}],"collection":[{"href":"https:\/\/e-kalastus.ee\/fi\/wp-json\/wp\/v2\/product"}],"about":[{"href":"https:\/\/e-kalastus.ee\/fi\/wp-json\/wp\/v2\/types\/product"}],"wp:featuredmedia":[{"embeddable":true,"href":"https:\/\/e-kalastus.ee\/fi\/wp-json\/wp\/v2\/media\/71271"}],"wp:attachment":[{"href":"https:\/\/e-kalastus.ee\/fi\/wp-json\/wp\/v2\/media?parent=29160"}],"wp:term":[{"taxonomy":"product_brand","embeddable":true,"href":"https:\/\/e-kalastus.ee\/fi\/wp-json\/wp\/v2\/product_brand?post=29160"},{"taxonomy":"product_cat","embeddable":true,"href":"https:\/\/e-kalastus.ee\/fi\/wp-json\/wp\/v2\/product_cat?post=29160"},{"taxonomy":"product_tag","embeddable":true,"href":"https:\/\/e-kalastus.ee\/fi\/wp-json\/wp\/v2\/product_tag?post=29160"}],"curies":[{"name":"wp","href":"https:\/\/api.w.org\/{rel}","templated":true}]}}