{"id":26393,"date":"2023-11-12T13:51:32","date_gmt":"2023-11-12T11:51:32","guid":{"rendered":"https:\/\/e-kalastus.ee\/toode\/vib-frapp-jiggle-95-95cm-30g-10\/"},"modified":"2026-03-30T14:19:04","modified_gmt":"2026-03-30T11:19:04","slug":"vib-frapp-jiggle-95-95cm-30g-10","status":"publish","type":"product","link":"https:\/\/e-kalastus.ee\/toode\/vib-frapp-jiggle-95-95cm-30g-10\/","title":{"rendered":"VIB Frapp Jiggle 95mm 30g #10"},"content":{"rendered":"\n    <div class=\"xs_social_share_widget xs_share_url after_content \t\tmain_content  wslu-style-1 wslu-share-box-shaped wslu-fill-colored wslu-none wslu-share-horizontal wslu-theme-font-no wslu-main_content\">\n\n\t\t\n        <ul>\n\t\t\t        <\/ul>\n    <\/div> \n","protected":false},"excerpt":{"rendered":"<p>Frapp Jiggle on vibratsioonlant (VIB), mis on m\u00f5eldud vertikaalseks p\u00fc\u00fcgiks nii rahuliku m\u00e4ngitamise kui ka t\u00f5ste- ja heiteliigutustega. Frapp Jiggle\u2019i korpus on valmistatud vastupidavast ABS-plastikust, mis talub h\u00e4sti r\u00f6\u00f6vkalade hambaid, ning lant on varustatud kahe terava kolmikkonksuga.<\/p>\n<p>Sellel on elegantne, k\u00fclgedelt lapik kuju, seljaosas paiknev v\u00e4ike uimeke ning fikseeritud raskus. T\u00e4nu 30 g kaalule sobib Jiggle 95 kasutamiseks tugeva vooluga veekogudes ja suurtes s\u00fcgavustes. V\u00e4rvivalik on loodud erinevate p\u00fc\u00fcgitingimuste jaoks, pakkudes nii erksaid kui ka loomulikke toone.<\/p>\n","protected":false},"featured_media":65323,"template":"","meta":{"_uag_custom_page_level_css":""},"product_brand":[1512],"product_cat":[1456],"product_tag":[],"class_list":{"0":"post-26393","1":"product","2":"type-product","3":"status-publish","4":"has-post-thumbnail","6":"product_brand-frapp","7":"product_cat-frapp-vib","8":"pa_brand-frapp","9":"pa_pikkus-70-100mm","11":"first","12":"instock","13":"taxable","14":"shipping-taxable","15":"purchasable","16":"product-type-simple"},"uagb_featured_image_src":{"full":["https:\/\/e-kalastus.b-cdn.net\/wp-content\/uploads\/2024\/07\/95-10-ea46deb62b18f13b10cfe8b8a25511a0.jpg",979,256,false],"thumbnail":["https:\/\/e-kalastus.b-cdn.net\/wp-content\/uploads\/2024\/07\/95-10-ea46deb62b18f13b10cfe8b8a25511a0-150x150.jpg",150,150,true],"medium":["https:\/\/e-kalastus.b-cdn.net\/wp-content\/uploads\/2024\/07\/95-10-ea46deb62b18f13b10cfe8b8a25511a0-300x300.jpg",300,300,true],"medium_large":["https:\/\/e-kalastus.b-cdn.net\/wp-content\/uploads\/2024\/07\/95-10-ea46deb62b18f13b10cfe8b8a25511a0-768x768.jpg",768,768,true],"large":["https:\/\/e-kalastus.b-cdn.net\/wp-content\/uploads\/2024\/07\/95-10-ea46deb62b18f13b10cfe8b8a25511a0-800x800.jpg",800,800,true],"1536x1536":["https:\/\/e-kalastus.b-cdn.net\/wp-content\/uploads\/2024\/07\/95-10-ea46deb62b18f13b10cfe8b8a25511a0.jpg",979,256,false],"2048x2048":["https:\/\/e-kalastus.b-cdn.net\/wp-content\/uploads\/2024\/07\/95-10-ea46deb62b18f13b10cfe8b8a25511a0.jpg",979,256,false],"woocommerce_thumbnail":["https:\/\/e-kalastus.b-cdn.net\/wp-content\/uploads\/2024\/07\/95-10-ea46deb62b18f13b10cfe8b8a25511a0-768x768.jpg",324,324,true],"woocommerce_single":["https:\/\/e-kalastus.b-cdn.net\/wp-content\/uploads\/2024\/07\/95-10-ea46deb62b18f13b10cfe8b8a25511a0.jpg",416,109,false],"woocommerce_gallery_thumbnail":["https:\/\/e-kalastus.b-cdn.net\/wp-content\/uploads\/2024\/07\/95-10-ea46deb62b18f13b10cfe8b8a25511a0-100x100.jpg",100,100,true]},"uagb_author_info":{"display_name":"adam.mrozek","author_link":"https:\/\/e-kalastus.ee\/author\/"},"uagb_comment_info":0,"uagb_excerpt":"Frapp Jiggle on vibratsioonlant (VIB), mis on m\u00f5eldud vertikaalseks p\u00fc\u00fcgiks nii rahuliku m\u00e4ngitamise kui ka t\u00f5ste- ja heiteliigutustega. Frapp Jiggle\u2019i korpus on valmistatud vastupidavast ABS-plastikust, mis talub h\u00e4sti r\u00f6\u00f6vkalade hambaid, ning lant on varustatud kahe terava kolmikkonksuga. Sellel on elegantne, k\u00fclgedelt lapik kuju, seljaosas paiknev v\u00e4ike uimeke ning fikseeritud raskus. T\u00e4nu 30 g kaalule sobib&hellip;","_links":{"self":[{"href":"https:\/\/e-kalastus.ee\/wp-json\/wp\/v2\/product\/26393","targetHints":{"allow":["GET"]}}],"collection":[{"href":"https:\/\/e-kalastus.ee\/wp-json\/wp\/v2\/product"}],"about":[{"href":"https:\/\/e-kalastus.ee\/wp-json\/wp\/v2\/types\/product"}],"wp:featuredmedia":[{"embeddable":true,"href":"https:\/\/e-kalastus.ee\/wp-json\/wp\/v2\/media\/65323"}],"wp:attachment":[{"href":"https:\/\/e-kalastus.ee\/wp-json\/wp\/v2\/media?parent=26393"}],"wp:term":[{"taxonomy":"product_brand","embeddable":true,"href":"https:\/\/e-kalastus.ee\/wp-json\/wp\/v2\/product_brand?post=26393"},{"taxonomy":"product_cat","embeddable":true,"href":"https:\/\/e-kalastus.ee\/wp-json\/wp\/v2\/product_cat?post=26393"},{"taxonomy":"product_tag","embeddable":true,"href":"https:\/\/e-kalastus.ee\/wp-json\/wp\/v2\/product_tag?post=26393"}],"curies":[{"name":"wp","href":"https:\/\/api.w.org\/{rel}","templated":true}]}}