{"id":26142,"date":"2023-11-09T11:46:26","date_gmt":"2023-11-09T09:46:26","guid":{"rendered":"https:\/\/e-kalastus.ee\/toode\/peibutussoot-traper-talvine-niisutatud-sarg-075kg\/"},"modified":"2026-03-30T14:12:38","modified_gmt":"2026-03-30T11:12:38","slug":"peibutussoot-traper-talvine-niisutatud-sarg-075kg","status":"publish","type":"product","link":"https:\/\/e-kalastus.ee\/fi\/tuotteet\/pohjaviehe-traper-ready-to-use-sarki-075kg-00135\/","title":{"rendered":"Pohjaviehe Traper Ready To Use S\u00e4rki 0,75kg 00135"},"content":{"rendered":"\n    <div class=\"xs_social_share_widget xs_share_url after_content \t\tmain_content  wslu-style-1 wslu-share-box-shaped wslu-fill-colored wslu-none wslu-share-horizontal wslu-theme-font-no wslu-main_content\">\n\n\t\t\n        <ul>\n\t\t\t        <\/ul>\n    <\/div> \n","protected":false},"excerpt":{"rendered":"<p>T\u00e4m\u00e4n sarjan sy\u00f6tit ovat ainutlaatuisia, koska ne ovat jo t\u00e4ysin k\u00e4ytt\u00f6valmiita, kuten nimi &#8221;Ready&#8221; (valmis) viittaa. Sinun ei en\u00e4\u00e4 tarvitse taistella kylm\u00e4n sy\u00f6tin kanssa, etsi\u00e4 sekoitusastioita tai kastella k\u00e4si\u00e4si kylm\u00e4ss\u00e4 vedess\u00e4.<\/p>\n<p>Paino: 0,75 kg<\/p>\n","protected":false},"featured_media":68154,"template":"","meta":{"_uag_custom_page_level_css":""},"product_brand":[1522],"product_cat":[1236],"product_tag":[],"class_list":{"0":"post-26142","1":"product","2":"type-product","3":"status-publish","4":"has-post-thumbnail","6":"product_brand-traper","7":"product_cat-talisoodad","8":"pa_brand-traper","10":"first","11":"instock","12":"taxable","13":"shipping-taxable","14":"purchasable","15":"product-type-simple"},"uagb_featured_image_src":{"full":["https:\/\/e-kalastus.b-cdn.net\/wp-content\/uploads\/2024\/07\/7067-7067-5c08ff852ba510-31882855-84580114-large.jpg",800,800,false],"thumbnail":["https:\/\/e-kalastus.b-cdn.net\/wp-content\/uploads\/2024\/07\/7067-7067-5c08ff852ba510-31882855-84580114-large-150x150.jpg",150,150,true],"medium":["https:\/\/e-kalastus.b-cdn.net\/wp-content\/uploads\/2024\/07\/7067-7067-5c08ff852ba510-31882855-84580114-large-300x300.jpg",300,300,true],"medium_large":["https:\/\/e-kalastus.b-cdn.net\/wp-content\/uploads\/2024\/07\/7067-7067-5c08ff852ba510-31882855-84580114-large-768x768.jpg",768,768,true],"large":["https:\/\/e-kalastus.b-cdn.net\/wp-content\/uploads\/2024\/07\/7067-7067-5c08ff852ba510-31882855-84580114-large-800x800.jpg",800,800,true],"1536x1536":["https:\/\/e-kalastus.b-cdn.net\/wp-content\/uploads\/2024\/07\/7067-7067-5c08ff852ba510-31882855-84580114-large.jpg",800,800,false],"2048x2048":["https:\/\/e-kalastus.b-cdn.net\/wp-content\/uploads\/2024\/07\/7067-7067-5c08ff852ba510-31882855-84580114-large.jpg",800,800,false],"woocommerce_thumbnail":["https:\/\/e-kalastus.b-cdn.net\/wp-content\/uploads\/2024\/07\/7067-7067-5c08ff852ba510-31882855-84580114-large-768x768.jpg",324,324,true],"woocommerce_single":["https:\/\/e-kalastus.b-cdn.net\/wp-content\/uploads\/2024\/07\/7067-7067-5c08ff852ba510-31882855-84580114-large-768x768.jpg",416,416,true],"woocommerce_gallery_thumbnail":["https:\/\/e-kalastus.b-cdn.net\/wp-content\/uploads\/2024\/07\/7067-7067-5c08ff852ba510-31882855-84580114-large-100x100.jpg",100,100,true]},"uagb_author_info":{"display_name":"adam.mrozek","author_link":"https:\/\/e-kalastus.ee\/fi\/author\/"},"uagb_comment_info":0,"uagb_excerpt":"T\u00e4m\u00e4n sarjan sy\u00f6tit ovat ainutlaatuisia, koska ne ovat jo t\u00e4ysin k\u00e4ytt\u00f6valmiita, kuten nimi \"Ready\" (valmis) viittaa. Sinun ei en\u00e4\u00e4 tarvitse taistella kylm\u00e4n sy\u00f6tin kanssa, etsi\u00e4 sekoitusastioita tai kastella k\u00e4si\u00e4si kylm\u00e4ss\u00e4 vedess\u00e4. Paino: 0,75 kg","_links":{"self":[{"href":"https:\/\/e-kalastus.ee\/fi\/wp-json\/wp\/v2\/product\/26142","targetHints":{"allow":["GET"]}}],"collection":[{"href":"https:\/\/e-kalastus.ee\/fi\/wp-json\/wp\/v2\/product"}],"about":[{"href":"https:\/\/e-kalastus.ee\/fi\/wp-json\/wp\/v2\/types\/product"}],"wp:featuredmedia":[{"embeddable":true,"href":"https:\/\/e-kalastus.ee\/fi\/wp-json\/wp\/v2\/media\/68154"}],"wp:attachment":[{"href":"https:\/\/e-kalastus.ee\/fi\/wp-json\/wp\/v2\/media?parent=26142"}],"wp:term":[{"taxonomy":"product_brand","embeddable":true,"href":"https:\/\/e-kalastus.ee\/fi\/wp-json\/wp\/v2\/product_brand?post=26142"},{"taxonomy":"product_cat","embeddable":true,"href":"https:\/\/e-kalastus.ee\/fi\/wp-json\/wp\/v2\/product_cat?post=26142"},{"taxonomy":"product_tag","embeddable":true,"href":"https:\/\/e-kalastus.ee\/fi\/wp-json\/wp\/v2\/product_tag?post=26142"}],"curies":[{"name":"wp","href":"https:\/\/api.w.org\/{rel}","templated":true}]}}