{"id":26082,"date":"2023-11-08T16:16:21","date_gmt":"2023-11-08T14:16:21","guid":{"rendered":"https:\/\/e-kalastus.ee\/toode\/motokoer-snowdog-standard-b13mer\/"},"modified":"2026-04-16T15:52:39","modified_gmt":"2026-04-16T12:52:39","slug":"motokoer-snowdog-standard-b13mer","status":"publish","type":"product","link":"https:\/\/e-kalastus.ee\/toode\/motokoer-snowdog-standard-b13mer\/","title":{"rendered":"Motokoer Snowdog Standard Sport B13 MER 420 cm\u00b3"},"content":{"rendered":"\n    <div class=\"xs_social_share_widget xs_share_url after_content \t\tmain_content  wslu-style-1 wslu-share-box-shaped wslu-fill-colored wslu-none wslu-share-horizontal wslu-theme-font-no wslu-main_content\">\n\n\t\t\n        <ul>\n\t\t\t        <\/ul>\n    <\/div> \n","protected":false},"excerpt":{"rendered":"<p>Briggs&amp;Strattoni mootorid \u00fche silindriga, neljataktilised 13,5hp 420cc. Tippkiirus 30km\/h, keskmine k\u00fcttekulu 3L\/h. Snowdog Standard mudel on tnu oma suuremale raamile ja roomikute haakumispinnale k\u00f5ige suurem ja v\u00f5imsam Snowdog motokoer. V\u00f5rreldes Compact mudeliga on Standard mudeli erinevus pikkuses, kaalus ja t\u00f5mbej\u00f5us. 20cm pikem Standard mudel v\u00e4hendab survet pinnasele, mis v\u00f5imaldab mootoril paremini \u00e4ra kasutada oma v\u00f5imsust, l\u00f5hkumata samas pinnast ennast. Vajadusel on v\u00f5imalik lisada raamile raskust, et haakuvust veel t\u00f5sta. Standard mudel on m\u00f5\u00f5tudega 147x61x76cm koos kogu pikkusega 285cm ja kaalub 150kg. Standard mudel suudab kelguga kuival maal edasi t\u00f5mmata kuni 200kg. J\u00e4\u00e4l ja lumel k\u00f5vasti rohkem. Standard varustus sisaldab: elektristarterit, LED esitulesid, ketaspidureid ja v\u00e4ga viisaka v\u00e4limusega mootori katet. Sellel mudelil on ka lisaks tagurpidik\u00e4ik.<\/p>\n","protected":false},"featured_media":65171,"template":"","meta":{"_uag_custom_page_level_css":""},"product_brand":[],"product_cat":[1243],"product_tag":[],"class_list":{"0":"post-26082","1":"product","2":"type-product","3":"status-publish","4":"has-post-thumbnail","6":"product_cat-motokoer","7":"product_shipping_class-suur","9":"first","10":"instock","11":"taxable","12":"shipping-taxable","13":"purchasable","14":"product-type-simple"},"uagb_featured_image_src":{"full":["https:\/\/e-kalastus.b-cdn.net\/wp-content\/uploads\/2024\/07\/60813511.jpg",560,560,false],"thumbnail":["https:\/\/e-kalastus.b-cdn.net\/wp-content\/uploads\/2024\/07\/60813511-150x150.jpg",150,150,true],"medium":["https:\/\/e-kalastus.b-cdn.net\/wp-content\/uploads\/2024\/07\/60813511-300x300.jpg",300,300,true],"medium_large":["https:\/\/e-kalastus.b-cdn.net\/wp-content\/uploads\/2024\/07\/60813511-768x768.jpg",768,768,true],"large":["https:\/\/e-kalastus.b-cdn.net\/wp-content\/uploads\/2024\/07\/60813511-800x800.jpg",800,800,true],"1536x1536":["https:\/\/e-kalastus.b-cdn.net\/wp-content\/uploads\/2024\/07\/60813511.jpg",560,560,false],"2048x2048":["https:\/\/e-kalastus.b-cdn.net\/wp-content\/uploads\/2024\/07\/60813511.jpg",560,560,false],"woocommerce_thumbnail":["https:\/\/e-kalastus.b-cdn.net\/wp-content\/uploads\/2024\/07\/60813511-768x768.jpg",324,324,true],"woocommerce_single":["https:\/\/e-kalastus.b-cdn.net\/wp-content\/uploads\/2024\/07\/60813511-768x768.jpg",416,416,true],"woocommerce_gallery_thumbnail":["https:\/\/e-kalastus.b-cdn.net\/wp-content\/uploads\/2024\/07\/60813511-100x100.jpg",100,100,true]},"uagb_author_info":{"display_name":"adam.mrozek","author_link":"https:\/\/e-kalastus.ee\/author\/"},"uagb_comment_info":0,"uagb_excerpt":"Briggs&amp;Strattoni mootorid \u00fche silindriga, neljataktilised 13,5hp 420cc. Tippkiirus 30km\/h, keskmine k\u00fcttekulu 3L\/h. Snowdog Standard mudel on tnu oma suuremale raamile ja roomikute haakumispinnale k\u00f5ige suurem ja v\u00f5imsam Snowdog motokoer. V\u00f5rreldes Compact mudeliga on Standard mudeli erinevus pikkuses, kaalus ja t\u00f5mbej\u00f5us. 20cm pikem Standard mudel v\u00e4hendab survet pinnasele, mis v\u00f5imaldab mootoril paremini \u00e4ra kasutada oma v\u00f5imsust,&hellip;","_links":{"self":[{"href":"https:\/\/e-kalastus.ee\/wp-json\/wp\/v2\/product\/26082","targetHints":{"allow":["GET"]}}],"collection":[{"href":"https:\/\/e-kalastus.ee\/wp-json\/wp\/v2\/product"}],"about":[{"href":"https:\/\/e-kalastus.ee\/wp-json\/wp\/v2\/types\/product"}],"wp:featuredmedia":[{"embeddable":true,"href":"https:\/\/e-kalastus.ee\/wp-json\/wp\/v2\/media\/65171"}],"wp:attachment":[{"href":"https:\/\/e-kalastus.ee\/wp-json\/wp\/v2\/media?parent=26082"}],"wp:term":[{"taxonomy":"product_brand","embeddable":true,"href":"https:\/\/e-kalastus.ee\/wp-json\/wp\/v2\/product_brand?post=26082"},{"taxonomy":"product_cat","embeddable":true,"href":"https:\/\/e-kalastus.ee\/wp-json\/wp\/v2\/product_cat?post=26082"},{"taxonomy":"product_tag","embeddable":true,"href":"https:\/\/e-kalastus.ee\/wp-json\/wp\/v2\/product_tag?post=26082"}],"curies":[{"name":"wp","href":"https:\/\/api.w.org\/{rel}","templated":true}]}}