{"id":25726,"date":"2023-11-05T12:04:15","date_gmt":"2023-11-05T10:04:15","guid":{"rendered":"https:\/\/e-kalastus.ee\/toode\/kostuum-alaskan-mission-fs-3xl-brown\/"},"modified":"2026-04-16T16:25:44","modified_gmt":"2026-04-16T13:25:44","slug":"kostuum-alaskan-mission-fs-3xl-brown","status":"publish","type":"product","link":"https:\/\/e-kalastus.ee\/fi\/tuotteet\/alaskan-mission-fs-puku-ruskea-koko-3xl\/","title":{"rendered":"Alaskan Mission FS Puku (Ruskea) KOKO 3XL"},"content":{"rendered":"\n    <div class=\"xs_social_share_widget xs_share_url after_content \t\tmain_content  wslu-style-1 wslu-share-box-shaped wslu-fill-colored wslu-none wslu-share-horizontal wslu-theme-font-no wslu-main_content\">\n\n\t\t\n        <ul>\n\t\t\t        <\/ul>\n    <\/div> \n","protected":false},"excerpt":{"rendered":"<p>L\u00e4mmin, tuulensuojainen kaksiosainen puku vedenpit\u00e4v\u00e4st\u00e4 kankaasta, jossa on AERO-TEX-kalvo ja liimatut saumat. Puku on suunniteltu talviseen kalastukseen kosteassa kylm\u00e4ss\u00e4 s\u00e4\u00e4ss\u00e4 jopa -35C asti.<\/p>\n<p>Takki<\/p>\n<p>\u2022 P\u00e4\u00e4lliskangas &#8221;Rip Stop&#8221;-kuvioinnilla<br \/>\n\u2022 S\u00e4\u00e4dett\u00e4v\u00e4 vy\u00f6t\u00e4r\u00f6<br \/>\n\u2022 Korkea ja mukava myrskykaulus fleece-vuorauksella<br \/>\n\u2022 Irrotettavassa l\u00e4mpim\u00e4ss\u00e4 huppussa on vetoketju, kehymuoto ja s\u00e4\u00e4dett\u00e4v\u00e4 suojavisiiri<br \/>\n\u2022 Kaksi suurta kaksoiskantta sivutaskuja, joissa on l\u00e4pp\u00e4kiinnikkeet<br \/>\n\u2022 Oikeassa kaksoisl\u00e4pp\u00e4taskussa on puolirengas kiinnikkeen alla pyyhkeiden tai muiden ty\u00f6kalujen kiinnitt\u00e4miseen<br \/>\n\u2022 Ep\u00e4symmetrinen rintatasku vedenpit\u00e4v\u00e4ll\u00e4 vetoketjulla<br \/>\n\u2022 Fleece-vuoratut sivut, syv\u00e4t l\u00e4pp\u00e4taskut k\u00e4sille<br \/>\n\u2022 Tasku keskil\u00e4p\u00e4n alla vetoketjulla tarvikkeille<br \/>\n\u2022 Keskil\u00e4pp\u00e4, joka suojaa tuulen ja kylm\u00e4n tunkeutumiselta<br \/>\n\u2022 Sis\u00e4inen suojattu tasku asiakirjoille ja esineille, jossa on reik\u00e4 kuulokkeille<br \/>\n\u2022 Lis\u00e4sis\u00e4tasku suurille esineille<br \/>\n\u2022 Yhdistetty fleece-vuoraus tarjoaa miellytt\u00e4v\u00e4n tuntoaistimuksen k\u00e4yt\u00f6ss\u00e4<br \/>\n\u2022 Ergonomisissa hihoissa on sis\u00e4iset joustavat hihansuut, joissa on reik\u00e4 peukalolle<br \/>\n\u2022 Puvussa on erityinen irrotettava puuvillapyyhe<\/p>\n<p>\u2022 Pitk\u00e4nomainen rinta ja selk\u00e4 tarjoavat lis\u00e4suojaa tuulelta ja kylmyydelt\u00e4<br \/>\n\u2022 Vuoraus sel\u00e4ss\u00e4 on fleece\u00e4<br \/>\n\u2022 Kaksi sivusyv\u00e4k\u00e4t taskua k\u00e4sille on fleece-vuorattu<br \/>\n\u2022 Kaksi alaista, tilavaa vetoketjulla peitetty\u00e4 taskua<br \/>\n\u2022 Polvet on vahvistettu irrotettavilla v\u00e4lilevyill\u00e4 (poroloni);<br \/>\n\u2022 Joustava vy\u00f6n takaosa<br \/>\n\u2022 Keskituulensuojainen vetoketju kahdella vetimell\u00e4<br \/>\n\u2022 Sivuvetoketjut alaosassa housunlahkeen leveyden s\u00e4\u00e4t\u00e4miseen<br \/>\n\u2022 Joustavat olkahihnat logolla varustetuilla liukureilla nopeaan asennukseen.<\/p>\n","protected":false},"featured_media":67958,"template":"","meta":{"_uag_custom_page_level_css":""},"product_brand":[765],"product_cat":[1218],"product_tag":[],"class_list":{"0":"post-25726","1":"product","2":"type-product","3":"status-publish","4":"has-post-thumbnail","6":"product_brand-alaskan","7":"product_cat-kostuumid","8":"pa_brand-alaskan","10":"first","11":"instock","12":"sale","13":"taxable","14":"shipping-taxable","15":"purchasable","16":"product-type-simple"},"uagb_featured_image_src":{"full":["https:\/\/e-kalastus.b-cdn.net\/wp-content\/uploads\/2024\/07\/Nimetu-kujundus-72-18.png",1000,1000,false],"thumbnail":["https:\/\/e-kalastus.b-cdn.net\/wp-content\/uploads\/2024\/07\/Nimetu-kujundus-72-18-150x150.png.jpg",150,150,true],"medium":["https:\/\/e-kalastus.b-cdn.net\/wp-content\/uploads\/2024\/07\/Nimetu-kujundus-72-18-300x300.png.jpg",300,300,true],"medium_large":["https:\/\/e-kalastus.b-cdn.net\/wp-content\/uploads\/2024\/07\/Nimetu-kujundus-72-18-768x768.png.jpg",768,768,true],"large":["https:\/\/e-kalastus.b-cdn.net\/wp-content\/uploads\/2024\/07\/Nimetu-kujundus-72-18-800x800.png.jpg",800,800,true],"1536x1536":["https:\/\/e-kalastus.b-cdn.net\/wp-content\/uploads\/2024\/07\/Nimetu-kujundus-72-18.png",1000,1000,false],"2048x2048":["https:\/\/e-kalastus.b-cdn.net\/wp-content\/uploads\/2024\/07\/Nimetu-kujundus-72-18.png",1000,1000,false],"woocommerce_thumbnail":["https:\/\/e-kalastus.b-cdn.net\/wp-content\/uploads\/2024\/07\/Nimetu-kujundus-72-18-768x768.png.jpg",324,324,true],"woocommerce_single":["https:\/\/e-kalastus.b-cdn.net\/wp-content\/uploads\/2024\/07\/Nimetu-kujundus-72-18-768x768.png.jpg",416,416,true],"woocommerce_gallery_thumbnail":["https:\/\/e-kalastus.b-cdn.net\/wp-content\/uploads\/2024\/07\/Nimetu-kujundus-72-18-100x100.png.jpg",100,100,true]},"uagb_author_info":{"display_name":"adam.mrozek","author_link":"https:\/\/e-kalastus.ee\/fi\/author\/"},"uagb_comment_info":0,"uagb_excerpt":"L\u00e4mmin, tuulensuojainen kaksiosainen puku vedenpit\u00e4v\u00e4st\u00e4 kankaasta, jossa on AERO-TEX-kalvo ja liimatut saumat. Puku on suunniteltu talviseen kalastukseen kosteassa kylm\u00e4ss\u00e4 s\u00e4\u00e4ss\u00e4 jopa -35C asti. Takki \u2022 P\u00e4\u00e4lliskangas \"Rip Stop\"-kuvioinnilla \u2022 S\u00e4\u00e4dett\u00e4v\u00e4 vy\u00f6t\u00e4r\u00f6 \u2022 Korkea ja mukava myrskykaulus fleece-vuorauksella \u2022 Irrotettavassa l\u00e4mpim\u00e4ss\u00e4 huppussa on vetoketju, kehymuoto ja s\u00e4\u00e4dett\u00e4v\u00e4 suojavisiiri \u2022 Kaksi suurta kaksoiskantta sivutaskuja, joissa on l\u00e4pp\u00e4kiinnikkeet&hellip;","_links":{"self":[{"href":"https:\/\/e-kalastus.ee\/fi\/wp-json\/wp\/v2\/product\/25726","targetHints":{"allow":["GET"]}}],"collection":[{"href":"https:\/\/e-kalastus.ee\/fi\/wp-json\/wp\/v2\/product"}],"about":[{"href":"https:\/\/e-kalastus.ee\/fi\/wp-json\/wp\/v2\/types\/product"}],"wp:featuredmedia":[{"embeddable":true,"href":"https:\/\/e-kalastus.ee\/fi\/wp-json\/wp\/v2\/media\/67958"}],"wp:attachment":[{"href":"https:\/\/e-kalastus.ee\/fi\/wp-json\/wp\/v2\/media?parent=25726"}],"wp:term":[{"taxonomy":"product_brand","embeddable":true,"href":"https:\/\/e-kalastus.ee\/fi\/wp-json\/wp\/v2\/product_brand?post=25726"},{"taxonomy":"product_cat","embeddable":true,"href":"https:\/\/e-kalastus.ee\/fi\/wp-json\/wp\/v2\/product_cat?post=25726"},{"taxonomy":"product_tag","embeddable":true,"href":"https:\/\/e-kalastus.ee\/fi\/wp-json\/wp\/v2\/product_tag?post=25726"}],"curies":[{"name":"wp","href":"https:\/\/api.w.org\/{rel}","templated":true}]}}