{"id":25720,"date":"2023-11-05T11:49:20","date_gmt":"2023-11-05T09:49:20","guid":{"rendered":"https:\/\/e-kalastus.ee\/toode\/kostuum-dam-intenze-20-thermal-suit-xxl\/"},"modified":"2026-04-16T16:28:05","modified_gmt":"2026-04-16T13:28:05","slug":"kostuum-dam-intenze-20-thermal-suit-xxl","status":"publish","type":"product","link":"https:\/\/e-kalastus.ee\/fi\/tuotteet\/dam-intenze-20-termopuku-koko-xxl\/","title":{"rendered":"DAM Intenze -20 Thermal Suit KOKO XXL"},"content":{"rendered":"\n    <div class=\"xs_social_share_widget xs_share_url after_content \t\tmain_content  wslu-style-1 wslu-share-box-shaped wslu-fill-colored wslu-none wslu-share-horizontal wslu-theme-font-no wslu-main_content\">\n\n\t\t\n        <ul>\n\t\t\t        <\/ul>\n    <\/div> \n","protected":false},"excerpt":{"rendered":"<p>DAM INTENZE -20C TERMOPUKU<\/p>\n<p>Kun l\u00e4mp\u00f6tila laskee, sinun ei tarvitse huolehtia siit\u00e4, ett\u00e4 kalastus pit\u00e4isi lopettaa. T\u00e4ss\u00e4 puvussa on vedenpit\u00e4v\u00e4 ja hengitt\u00e4v\u00e4 kaksiosainen eriste, joka on suunniteltu \u00e4\u00e4rimm\u00e4ist\u00e4 l\u00e4mp\u00f6\u00e4 silm\u00e4ll\u00e4 pit\u00e4en. Puvussa on paksu 200 g\/m\u00b2 eriste, joka pit\u00e4\u00e4 kehonl\u00e4mp\u00f6si korkeana, kun ulkol\u00e4mp\u00f6tila laskee. Sen lis\u00e4ksi, ett\u00e4 t\u00e4m\u00e4 puku pit\u00e4\u00e4 sinut l\u00e4mpim\u00e4n\u00e4 ja kuivana, se on tehty mukavaksi s\u00e4\u00e4dett\u00e4vill\u00e4 joustavilla hihnoilla housuissa, irrotettavalla ja s\u00e4\u00e4dett\u00e4v\u00e4ll\u00e4 huppulla sek\u00e4 s\u00e4\u00e4dett\u00e4vill\u00e4 hihansuilla. Kaikki t\u00e4m\u00e4 hintaan, jota et odottaisi niin tehokkaasta puvusta.<\/p>\n<p>\u2022Vedenpit\u00e4v\u00e4 (8000mm) ja hengitt\u00e4v\u00e4 (800mvp) TPU-kalvo 100% polyesterkangas DWR-p\u00e4\u00e4llysteell\u00e4<br \/>\n\u2022 200 gsm eriste erinomaiselle l\u00e4mm\u00f6lle<br \/>\n\u2022Irrotettava ja s\u00e4\u00e4dett\u00e4v\u00e4 huppu<br \/>\n\u2022Kolme vetoketjullista taskua<br \/>\n\u2022Rinnassa ja housuissa on s\u00e4\u00e4dett\u00e4v\u00e4t joustavat hihnat hyv\u00e4n istuvuuden varmistamiseksi<br \/>\n\u2022Edess\u00e4 suuri kaksisuuntainen vetoketju<br \/>\n\u2022Pitk\u00e4t vetoketjut ja painonapit s\u00e4\u00e4ress\u00e4<\/p>\n","protected":false},"featured_media":65600,"template":"","meta":{"_uag_custom_page_level_css":""},"product_brand":[1542],"product_cat":[1218],"product_tag":[],"class_list":{"0":"post-25720","1":"product","2":"type-product","3":"status-publish","4":"has-post-thumbnail","6":"product_brand-dam","7":"product_cat-kostuumid","8":"pa_brand-dam","10":"first","11":"instock","12":"sale","13":"taxable","14":"shipping-taxable","15":"purchasable","16":"product-type-simple"},"uagb_featured_image_src":{"full":["https:\/\/e-kalastus.b-cdn.net\/wp-content\/uploads\/2024\/07\/dam-intenze-20-thermal-suit-xxl-dark-shadow-blue.jpg",1000,1000,false],"thumbnail":["https:\/\/e-kalastus.b-cdn.net\/wp-content\/uploads\/2024\/07\/dam-intenze-20-thermal-suit-xxl-dark-shadow-blue-150x150.jpg",150,150,true],"medium":["https:\/\/e-kalastus.b-cdn.net\/wp-content\/uploads\/2024\/07\/dam-intenze-20-thermal-suit-xxl-dark-shadow-blue-300x300.jpg",300,300,true],"medium_large":["https:\/\/e-kalastus.b-cdn.net\/wp-content\/uploads\/2024\/07\/dam-intenze-20-thermal-suit-xxl-dark-shadow-blue-768x768.jpg",768,768,true],"large":["https:\/\/e-kalastus.b-cdn.net\/wp-content\/uploads\/2024\/07\/dam-intenze-20-thermal-suit-xxl-dark-shadow-blue-800x800.jpg",800,800,true],"1536x1536":["https:\/\/e-kalastus.b-cdn.net\/wp-content\/uploads\/2024\/07\/dam-intenze-20-thermal-suit-xxl-dark-shadow-blue.jpg",1000,1000,false],"2048x2048":["https:\/\/e-kalastus.b-cdn.net\/wp-content\/uploads\/2024\/07\/dam-intenze-20-thermal-suit-xxl-dark-shadow-blue.jpg",1000,1000,false],"woocommerce_thumbnail":["https:\/\/e-kalastus.b-cdn.net\/wp-content\/uploads\/2024\/07\/dam-intenze-20-thermal-suit-xxl-dark-shadow-blue-768x768.jpg",324,324,true],"woocommerce_single":["https:\/\/e-kalastus.b-cdn.net\/wp-content\/uploads\/2024\/07\/dam-intenze-20-thermal-suit-xxl-dark-shadow-blue-768x768.jpg",416,416,true],"woocommerce_gallery_thumbnail":["https:\/\/e-kalastus.b-cdn.net\/wp-content\/uploads\/2024\/07\/dam-intenze-20-thermal-suit-xxl-dark-shadow-blue-100x100.jpg",100,100,true]},"uagb_author_info":{"display_name":"adam.mrozek","author_link":"https:\/\/e-kalastus.ee\/fi\/author\/"},"uagb_comment_info":0,"uagb_excerpt":"DAM INTENZE -20C TERMOPUKU Kun l\u00e4mp\u00f6tila laskee, sinun ei tarvitse huolehtia siit\u00e4, ett\u00e4 kalastus pit\u00e4isi lopettaa. T\u00e4ss\u00e4 puvussa on vedenpit\u00e4v\u00e4 ja hengitt\u00e4v\u00e4 kaksiosainen eriste, joka on suunniteltu \u00e4\u00e4rimm\u00e4ist\u00e4 l\u00e4mp\u00f6\u00e4 silm\u00e4ll\u00e4 pit\u00e4en. Puvussa on paksu 200 g\/m\u00b2 eriste, joka pit\u00e4\u00e4 kehonl\u00e4mp\u00f6si korkeana, kun ulkol\u00e4mp\u00f6tila laskee. Sen lis\u00e4ksi, ett\u00e4 t\u00e4m\u00e4 puku pit\u00e4\u00e4 sinut l\u00e4mpim\u00e4n\u00e4 ja kuivana, se&hellip;","_links":{"self":[{"href":"https:\/\/e-kalastus.ee\/fi\/wp-json\/wp\/v2\/product\/25720","targetHints":{"allow":["GET"]}}],"collection":[{"href":"https:\/\/e-kalastus.ee\/fi\/wp-json\/wp\/v2\/product"}],"about":[{"href":"https:\/\/e-kalastus.ee\/fi\/wp-json\/wp\/v2\/types\/product"}],"wp:featuredmedia":[{"embeddable":true,"href":"https:\/\/e-kalastus.ee\/fi\/wp-json\/wp\/v2\/media\/65600"}],"wp:attachment":[{"href":"https:\/\/e-kalastus.ee\/fi\/wp-json\/wp\/v2\/media?parent=25720"}],"wp:term":[{"taxonomy":"product_brand","embeddable":true,"href":"https:\/\/e-kalastus.ee\/fi\/wp-json\/wp\/v2\/product_brand?post=25720"},{"taxonomy":"product_cat","embeddable":true,"href":"https:\/\/e-kalastus.ee\/fi\/wp-json\/wp\/v2\/product_cat?post=25720"},{"taxonomy":"product_tag","embeddable":true,"href":"https:\/\/e-kalastus.ee\/fi\/wp-json\/wp\/v2\/product_tag?post=25720"}],"curies":[{"name":"wp","href":"https:\/\/api.w.org\/{rel}","templated":true}]}}