{"id":25641,"date":"2023-11-03T12:04:18","date_gmt":"2023-11-03T10:04:18","guid":{"rendered":"https:\/\/e-kalastus.ee\/toode\/jaapuur-mora-ice-125mm\/"},"modified":"2026-04-16T15:56:24","modified_gmt":"2026-04-16T12:56:24","slug":"jaapuur-mora-ice-125mm","status":"publish","type":"product","link":"https:\/\/e-kalastus.ee\/toode\/jaapuur-mora-ice-125mm\/","title":{"rendered":"J\u00e4\u00e4puur Mora Ice 125mm"},"content":{"rendered":"\n    <div class=\"xs_social_share_widget xs_share_url after_content \t\tmain_content  wslu-style-1 wslu-share-box-shaped wslu-fill-colored wslu-none wslu-share-horizontal wslu-theme-font-no wslu-main_content\">\n\n\t\t\n        <ul>\n\t\t\t        <\/ul>\n    <\/div> \n","protected":false},"excerpt":{"rendered":"<p>Mora Ice Scandic on Soomes valmistatud, t\u00f5rgeteta j\u00e4\u00e4puur. See on hoolikalt valmistatud Jyv\u00e4skyl\u00e4s, l\u00e4\u00e4nemaailma suurimas puuritehases. Terasest toruv\u00e4nt on j\u00e4igem ja kergem, nii viib see j\u00f5u paremini \u00f5lgadest teraosadele. Puuril on lihtsalt, kasv\u00f5i j\u00e4\u00e4l, vahetatavad teraosad. Vahetusterad v\u00f5tavad kotis v\u00e4he ruumi, lisaks vajad vaid mutriv\u00f5tit.<\/p>\n<p>\u2022 P\u00f6\u00f6rde l\u00e4bim\u00f5\u00f5t \/ augu suurus 125 mm<br \/>\n\u2022 Tugevast terasest<br \/>\n\u2022 Rootsi kvaliteetterasest teraosad p\u00fcsvad kaua vahedatena<br \/>\n\u2022 Ergonoomilised laagritega k\u00e4epidemed<br \/>\n\u2022 Reguleeritav puurimisk\u00f5rgus vastavalt puurija pikkusele ja eelistustele<br \/>\n\u2022 Kompaktne transpordi- ja hoiustuspikkus<br \/>\n\u2022 Terakaitse<br \/>\n\u2022 Must v\u00e4rv tagab p\u00e4iksevalguse hea neeldumise, mist\u00f5ttu puur ei j\u00e4\u00e4tu v\u00e4ikeste k\u00fclmakraadide juures nii kergelt<br \/>\n\u2022 Mora Ice&#8217;i j\u00e4\u00e4puuridele on saadaval lai valik lisaosi, mille abil saad t\u00f5sta puuri kasutatavust, mh. teraosad, terakaitsmed, mootorpuuriadapterid, varre j\u00e4tkut\u00fckid jne.<br \/>\n\u2022 Garantii 2 aastat<br \/>\n\u2022 Valmistatud Soomes<\/p>\n","protected":false},"featured_media":64900,"template":"","meta":{"_uag_custom_page_level_css":""},"product_brand":[],"product_cat":[1172],"product_tag":[],"class_list":{"0":"post-25641","1":"product","2":"type-product","3":"status-publish","4":"has-post-thumbnail","6":"product_cat-jaapuurid-ja-terad","7":"product_shipping_class-suur","8":"pa_pikkus-100-120mm","10":"first","11":"outofstock","12":"taxable","13":"shipping-taxable","14":"purchasable","15":"product-type-simple"},"uagb_featured_image_src":{"full":["https:\/\/e-kalastus.b-cdn.net\/wp-content\/uploads\/2024\/07\/5516036.jpg",500,500,false],"thumbnail":["https:\/\/e-kalastus.b-cdn.net\/wp-content\/uploads\/2024\/07\/5516036-150x150.jpg",150,150,true],"medium":["https:\/\/e-kalastus.b-cdn.net\/wp-content\/uploads\/2024\/07\/5516036-300x300.jpg",300,300,true],"medium_large":["https:\/\/e-kalastus.b-cdn.net\/wp-content\/uploads\/2024\/07\/5516036-768x768.jpg",768,768,true],"large":["https:\/\/e-kalastus.b-cdn.net\/wp-content\/uploads\/2024\/07\/5516036-800x800.jpg",800,800,true],"1536x1536":["https:\/\/e-kalastus.b-cdn.net\/wp-content\/uploads\/2024\/07\/5516036.jpg",500,500,false],"2048x2048":["https:\/\/e-kalastus.b-cdn.net\/wp-content\/uploads\/2024\/07\/5516036.jpg",500,500,false],"woocommerce_thumbnail":["https:\/\/e-kalastus.b-cdn.net\/wp-content\/uploads\/2024\/07\/5516036-768x768.jpg",324,324,true],"woocommerce_single":["https:\/\/e-kalastus.b-cdn.net\/wp-content\/uploads\/2024\/07\/5516036-768x768.jpg",416,416,true],"woocommerce_gallery_thumbnail":["https:\/\/e-kalastus.b-cdn.net\/wp-content\/uploads\/2024\/07\/5516036-100x100.jpg",100,100,true]},"uagb_author_info":{"display_name":"adam.mrozek","author_link":"https:\/\/e-kalastus.ee\/author\/"},"uagb_comment_info":0,"uagb_excerpt":"Mora Ice Scandic on Soomes valmistatud, t\u00f5rgeteta j\u00e4\u00e4puur. See on hoolikalt valmistatud Jyv\u00e4skyl\u00e4s, l\u00e4\u00e4nemaailma suurimas puuritehases. Terasest toruv\u00e4nt on j\u00e4igem ja kergem, nii viib see j\u00f5u paremini \u00f5lgadest teraosadele. Puuril on lihtsalt, kasv\u00f5i j\u00e4\u00e4l, vahetatavad teraosad. Vahetusterad v\u00f5tavad kotis v\u00e4he ruumi, lisaks vajad vaid mutriv\u00f5tit. \u2022 P\u00f6\u00f6rde l\u00e4bim\u00f5\u00f5t \/ augu suurus 125 mm \u2022 Tugevast&hellip;","_links":{"self":[{"href":"https:\/\/e-kalastus.ee\/wp-json\/wp\/v2\/product\/25641","targetHints":{"allow":["GET"]}}],"collection":[{"href":"https:\/\/e-kalastus.ee\/wp-json\/wp\/v2\/product"}],"about":[{"href":"https:\/\/e-kalastus.ee\/wp-json\/wp\/v2\/types\/product"}],"wp:featuredmedia":[{"embeddable":true,"href":"https:\/\/e-kalastus.ee\/wp-json\/wp\/v2\/media\/64900"}],"wp:attachment":[{"href":"https:\/\/e-kalastus.ee\/wp-json\/wp\/v2\/media?parent=25641"}],"wp:term":[{"taxonomy":"product_brand","embeddable":true,"href":"https:\/\/e-kalastus.ee\/wp-json\/wp\/v2\/product_brand?post=25641"},{"taxonomy":"product_cat","embeddable":true,"href":"https:\/\/e-kalastus.ee\/wp-json\/wp\/v2\/product_cat?post=25641"},{"taxonomy":"product_tag","embeddable":true,"href":"https:\/\/e-kalastus.ee\/wp-json\/wp\/v2\/product_tag?post=25641"}],"curies":[{"name":"wp","href":"https:\/\/api.w.org\/{rel}","templated":true}]}}