{"id":25415,"date":"2023-11-01T13:40:04","date_gmt":"2023-11-01T11:40:04","guid":{"rendered":"https:\/\/e-kalastus.ee\/toode\/poiklant-kasitoo-slim-5cm-8g-s9-ilma-konksuta\/"},"modified":"2026-04-01T03:00:25","modified_gmt":"2026-04-01T00:00:25","slug":"poiklant-kasitoo-slim-5cm-8g-s9-ilma-konksuta","status":"publish","type":"product","link":"https:\/\/e-kalastus.ee\/toode\/poiklant-kasitoo-slim-5cm-8g-s9-ilma-konksuta\/","title":{"rendered":"P\u00f5iklant k\u00e4sit\u00f6\u00f6 Slim 50mm 8g #S9 (ilma konksuta)"},"content":{"rendered":"\n    <div class=\"xs_social_share_widget xs_share_url after_content \t\tmain_content  wslu-style-1 wslu-share-box-shaped wslu-fill-colored wslu-none wslu-share-horizontal wslu-theme-font-no wslu-main_content\">\n\n\t\t\n        <ul>\n\t\t\t        <\/ul>\n    <\/div> \n","protected":false},"excerpt":{"rendered":"","protected":false},"featured_media":130523,"template":"","meta":{"_uag_custom_page_level_css":""},"product_brand":[1525],"product_cat":[1468],"product_tag":[],"class_list":{"0":"post-25415","1":"product","2":"type-product","3":"status-publish","4":"has-post-thumbnail","6":"product_brand-handmade","7":"product_cat-muud-poiklandid","8":"pa_brand-handmade","9":"pa_pikkus-30-70mm","11":"first","12":"instock","13":"taxable","14":"shipping-taxable","15":"purchasable","16":"product-type-simple"},"uagb_featured_image_src":{"full":["https:\/\/e-kalastus.b-cdn.net\/wp-content\/uploads\/2026\/01\/IMG-0585-3.jpg",1000,862,false],"thumbnail":["https:\/\/e-kalastus.b-cdn.net\/wp-content\/uploads\/2026\/01\/IMG-0585-3-150x150.jpg",150,150,true],"medium":["https:\/\/e-kalastus.b-cdn.net\/wp-content\/uploads\/2026\/01\/IMG-0585-3-300x259.jpg",300,259,true],"medium_large":["https:\/\/e-kalastus.b-cdn.net\/wp-content\/uploads\/2026\/01\/IMG-0585-3-768x662.jpg",768,662,true],"large":["https:\/\/e-kalastus.b-cdn.net\/wp-content\/uploads\/2026\/01\/IMG-0585-3-800x690.jpg",800,690,true],"1536x1536":["https:\/\/e-kalastus.b-cdn.net\/wp-content\/uploads\/2026\/01\/IMG-0585-3.jpg",1000,862,false],"2048x2048":["https:\/\/e-kalastus.b-cdn.net\/wp-content\/uploads\/2026\/01\/IMG-0585-3.jpg",1000,862,false],"woocommerce_thumbnail":["https:\/\/e-kalastus.b-cdn.net\/wp-content\/uploads\/2026\/01\/IMG-0585-3-324x324.jpg",324,324,true],"woocommerce_single":["https:\/\/e-kalastus.b-cdn.net\/wp-content\/uploads\/2026\/01\/IMG-0585-3-768x662.jpg",416,359,true],"woocommerce_gallery_thumbnail":["https:\/\/e-kalastus.b-cdn.net\/wp-content\/uploads\/2026\/01\/IMG-0585-3-100x100.jpg",100,100,true]},"uagb_author_info":{"display_name":"adam.mrozek","author_link":"https:\/\/e-kalastus.ee\/author\/"},"uagb_comment_info":0,"uagb_excerpt":null,"_links":{"self":[{"href":"https:\/\/e-kalastus.ee\/wp-json\/wp\/v2\/product\/25415","targetHints":{"allow":["GET"]}}],"collection":[{"href":"https:\/\/e-kalastus.ee\/wp-json\/wp\/v2\/product"}],"about":[{"href":"https:\/\/e-kalastus.ee\/wp-json\/wp\/v2\/types\/product"}],"wp:featuredmedia":[{"embeddable":true,"href":"https:\/\/e-kalastus.ee\/wp-json\/wp\/v2\/media\/130523"}],"wp:attachment":[{"href":"https:\/\/e-kalastus.ee\/wp-json\/wp\/v2\/media?parent=25415"}],"wp:term":[{"taxonomy":"product_brand","embeddable":true,"href":"https:\/\/e-kalastus.ee\/wp-json\/wp\/v2\/product_brand?post=25415"},{"taxonomy":"product_cat","embeddable":true,"href":"https:\/\/e-kalastus.ee\/wp-json\/wp\/v2\/product_cat?post=25415"},{"taxonomy":"product_tag","embeddable":true,"href":"https:\/\/e-kalastus.ee\/wp-json\/wp\/v2\/product_tag?post=25415"}],"curies":[{"name":"wp","href":"https:\/\/api.w.org\/{rel}","templated":true}]}}