{"id":24406,"date":"2023-10-27T13:09:40","date_gmt":"2023-10-27T10:09:40","guid":{"rendered":"https:\/\/e-kalastus.ee\/toode\/jaapuuri-terad-nero-kumer-110mm\/"},"modified":"2026-03-30T14:16:15","modified_gmt":"2026-03-30T11:16:15","slug":"jaapuuri-terad-nero-kumer-110mm","status":"publish","type":"product","link":"https:\/\/e-kalastus.ee\/fi\/tuotteet\/nero-kaarevat-jaakairanterat-110mm-vasenkatiselle\/","title":{"rendered":"Nero Kaarevat J\u00e4\u00e4kairanter\u00e4t 110mm (Vasenk\u00e4tiselle kairalle) 1001-110"},"content":{"rendered":"\n    <div class=\"xs_social_share_widget xs_share_url after_content \t\tmain_content  wslu-style-1 wslu-share-box-shaped wslu-fill-colored wslu-none wslu-share-horizontal wslu-theme-font-no wslu-main_content\">\n\n\t\t\n        <ul>\n\t\t\t        <\/ul>\n    <\/div> \n","protected":false},"excerpt":{"rendered":"","protected":false},"featured_media":69507,"template":"","meta":{"_uag_custom_page_level_css":""},"product_brand":[1514],"product_cat":[1172],"product_tag":[],"class_list":{"0":"post-24406","1":"product","2":"type-product","3":"status-publish","4":"has-post-thumbnail","6":"product_brand-nero","7":"product_cat-jaapuurid-ja-terad","8":"pa_brand-nero","9":"pa_pikkus-100-120mm","11":"first","12":"instock","13":"taxable","14":"shipping-taxable","15":"purchasable","16":"product-type-simple"},"uagb_featured_image_src":{"full":["https:\/\/e-kalastus.b-cdn.net\/wp-content\/uploads\/2024\/07\/jaapuuri-terad-nero-130mm-kumerad-roostevaba-3.jpg",458,458,false],"thumbnail":["https:\/\/e-kalastus.b-cdn.net\/wp-content\/uploads\/2024\/07\/jaapuuri-terad-nero-130mm-kumerad-roostevaba-3-150x150.jpg",150,150,true],"medium":["https:\/\/e-kalastus.b-cdn.net\/wp-content\/uploads\/2024\/07\/jaapuuri-terad-nero-130mm-kumerad-roostevaba-3-300x300.jpg",300,300,true],"medium_large":["https:\/\/e-kalastus.b-cdn.net\/wp-content\/uploads\/2024\/07\/jaapuuri-terad-nero-130mm-kumerad-roostevaba-3-768x768.jpg",768,768,true],"large":["https:\/\/e-kalastus.b-cdn.net\/wp-content\/uploads\/2024\/07\/jaapuuri-terad-nero-130mm-kumerad-roostevaba-3-800x800.jpg",800,800,true],"1536x1536":["https:\/\/e-kalastus.b-cdn.net\/wp-content\/uploads\/2024\/07\/jaapuuri-terad-nero-130mm-kumerad-roostevaba-3.jpg",458,458,false],"2048x2048":["https:\/\/e-kalastus.b-cdn.net\/wp-content\/uploads\/2024\/07\/jaapuuri-terad-nero-130mm-kumerad-roostevaba-3.jpg",458,458,false],"woocommerce_thumbnail":["https:\/\/e-kalastus.b-cdn.net\/wp-content\/uploads\/2024\/07\/jaapuuri-terad-nero-130mm-kumerad-roostevaba-3-768x768.jpg",324,324,true],"woocommerce_single":["https:\/\/e-kalastus.b-cdn.net\/wp-content\/uploads\/2024\/07\/jaapuuri-terad-nero-130mm-kumerad-roostevaba-3-768x768.jpg",416,416,true],"woocommerce_gallery_thumbnail":["https:\/\/e-kalastus.b-cdn.net\/wp-content\/uploads\/2024\/07\/jaapuuri-terad-nero-130mm-kumerad-roostevaba-3-100x100.jpg",100,100,true]},"uagb_author_info":{"display_name":"adam.mrozek","author_link":"https:\/\/e-kalastus.ee\/fi\/author\/"},"uagb_comment_info":0,"uagb_excerpt":null,"_links":{"self":[{"href":"https:\/\/e-kalastus.ee\/fi\/wp-json\/wp\/v2\/product\/24406","targetHints":{"allow":["GET"]}}],"collection":[{"href":"https:\/\/e-kalastus.ee\/fi\/wp-json\/wp\/v2\/product"}],"about":[{"href":"https:\/\/e-kalastus.ee\/fi\/wp-json\/wp\/v2\/types\/product"}],"wp:featuredmedia":[{"embeddable":true,"href":"https:\/\/e-kalastus.ee\/fi\/wp-json\/wp\/v2\/media\/69507"}],"wp:attachment":[{"href":"https:\/\/e-kalastus.ee\/fi\/wp-json\/wp\/v2\/media?parent=24406"}],"wp:term":[{"taxonomy":"product_brand","embeddable":true,"href":"https:\/\/e-kalastus.ee\/fi\/wp-json\/wp\/v2\/product_brand?post=24406"},{"taxonomy":"product_cat","embeddable":true,"href":"https:\/\/e-kalastus.ee\/fi\/wp-json\/wp\/v2\/product_cat?post=24406"},{"taxonomy":"product_tag","embeddable":true,"href":"https:\/\/e-kalastus.ee\/fi\/wp-json\/wp\/v2\/product_tag?post=24406"}],"curies":[{"name":"wp","href":"https:\/\/api.w.org\/{rel}","templated":true}]}}