{"id":2434,"date":"2023-08-14T16:26:47","date_gmt":"2023-08-14T13:26:47","guid":{"rendered":"https:\/\/e-kalastus.ee\/toode\/silikoon-narval-choppy-tail-18-jazz-025-18cm-3tk\/"},"modified":"2026-03-30T15:03:58","modified_gmt":"2026-03-30T12:03:58","slug":"silikoon-narval-choppy-tail-18-jazz-025-18cm-3tk","status":"publish","type":"product","link":"https:\/\/e-kalastus.ee\/fi\/tuotteet\/narval-choppy-tail-18cm-3kpl-jazz-025\/","title":{"rendered":"Narval Choppy Tail 18cm 3kpl #025 Jazz"},"content":{"rendered":"<p><\/p>\n<p>Narval Choppy Tail 18cm on viehe, joka on kaikin puolin monipuolinen. T\u00e4m\u00e4n mallin p\u00e4\u00e4kohokohta on pyrst\u00f6 \u2013 ep\u00e4suhteellisen painava ja suuri siipi niin elegantille ja virtaviivaiselle rungolle. Silti se on tehty niin luonnollisesti. Siipi &#8221;k\u00e4ynnistyy&#8221; pienimm\u00e4ll\u00e4kin kuormituksella ja toimii erinomaisesti sek\u00e4 virtaavassa ett\u00e4 seisovassa vedess\u00e4. Choppy Taililla on erinomaiset lentoominaisuudet, joiden ansiosta kalastaja voi tehd\u00e4 pitki\u00e4 heittoja.<\/p>\n<div>&nbsp;<\/div>\n<p><\/p>\n\n    <div class=\"xs_social_share_widget xs_share_url after_content \t\tmain_content  wslu-style-1 wslu-share-box-shaped wslu-fill-colored wslu-none wslu-share-horizontal wslu-theme-font-no wslu-main_content\">\n\n\t\t\n        <ul>\n\t\t\t        <\/ul>\n    <\/div>","protected":false},"excerpt":{"rendered":"<p>Narval Choppy Tail 18cm on monipuolinen viehe, joka toimii hyvin sek\u00e4 virrassa ett\u00e4 seisovassa vedess\u00e4 ja mahdollistaa pitk\u00e4t ja tarkat heitot.<\/p>\n","protected":false},"featured_media":66694,"template":"","meta":{"_uag_custom_page_level_css":""},"product_brand":[1153],"product_cat":[1366],"product_tag":[],"class_list":{"0":"post-2434","1":"product","2":"type-product","3":"status-publish","4":"has-post-thumbnail","6":"product_brand-narval","7":"product_cat-choppy-tail","8":"pa_brand-narval","9":"pa_pikkus-16-25cm","11":"first","12":"instock","13":"taxable","14":"shipping-taxable","15":"purchasable","16":"product-type-simple"},"uagb_featured_image_src":{"full":["https:\/\/e-kalastus.b-cdn.net\/wp-content\/uploads\/2024\/07\/Unknown-581.jpg",225,225,false],"thumbnail":["https:\/\/e-kalastus.b-cdn.net\/wp-content\/uploads\/2024\/07\/Unknown-581-150x150.jpg",150,150,true],"medium":["https:\/\/e-kalastus.b-cdn.net\/wp-content\/uploads\/2024\/07\/Unknown-581-300x300.jpg",300,300,true],"medium_large":["https:\/\/e-kalastus.b-cdn.net\/wp-content\/uploads\/2024\/07\/Unknown-581-768x768.jpg",768,768,true],"large":["https:\/\/e-kalastus.b-cdn.net\/wp-content\/uploads\/2024\/07\/Unknown-581-800x800.jpg",800,800,true],"1536x1536":["https:\/\/e-kalastus.b-cdn.net\/wp-content\/uploads\/2024\/07\/Unknown-581.jpg",225,225,false],"2048x2048":["https:\/\/e-kalastus.b-cdn.net\/wp-content\/uploads\/2024\/07\/Unknown-581.jpg",225,225,false],"woocommerce_thumbnail":["https:\/\/e-kalastus.b-cdn.net\/wp-content\/uploads\/2024\/07\/Unknown-581-768x768.jpg",324,324,true],"woocommerce_single":["https:\/\/e-kalastus.b-cdn.net\/wp-content\/uploads\/2024\/07\/Unknown-581-768x768.jpg",416,416,true],"woocommerce_gallery_thumbnail":["https:\/\/e-kalastus.b-cdn.net\/wp-content\/uploads\/2024\/07\/Unknown-581-100x100.jpg",100,100,true]},"uagb_author_info":{"display_name":"adam.mrozek","author_link":"https:\/\/e-kalastus.ee\/fi\/author\/"},"uagb_comment_info":0,"uagb_excerpt":"Narval Choppy Tail 18cm on monipuolinen viehe, joka toimii hyvin sek\u00e4 virrassa ett\u00e4 seisovassa vedess\u00e4 ja mahdollistaa pitk\u00e4t ja tarkat heitot.","_links":{"self":[{"href":"https:\/\/e-kalastus.ee\/fi\/wp-json\/wp\/v2\/product\/2434","targetHints":{"allow":["GET"]}}],"collection":[{"href":"https:\/\/e-kalastus.ee\/fi\/wp-json\/wp\/v2\/product"}],"about":[{"href":"https:\/\/e-kalastus.ee\/fi\/wp-json\/wp\/v2\/types\/product"}],"wp:featuredmedia":[{"embeddable":true,"href":"https:\/\/e-kalastus.ee\/fi\/wp-json\/wp\/v2\/media\/66694"}],"wp:attachment":[{"href":"https:\/\/e-kalastus.ee\/fi\/wp-json\/wp\/v2\/media?parent=2434"}],"wp:term":[{"taxonomy":"product_brand","embeddable":true,"href":"https:\/\/e-kalastus.ee\/fi\/wp-json\/wp\/v2\/product_brand?post=2434"},{"taxonomy":"product_cat","embeddable":true,"href":"https:\/\/e-kalastus.ee\/fi\/wp-json\/wp\/v2\/product_cat?post=2434"},{"taxonomy":"product_tag","embeddable":true,"href":"https:\/\/e-kalastus.ee\/fi\/wp-json\/wp\/v2\/product_tag?post=2434"}],"curies":[{"name":"wp","href":"https:\/\/api.w.org\/{rel}","templated":true}]}}