{"id":24049,"date":"2023-10-25T20:15:22","date_gmt":"2023-10-25T17:15:22","guid":{"rendered":"https:\/\/e-kalastus.ee\/toode\/pustlant-ecopro-shprot-7cm-11g-s-g\/"},"modified":"2026-03-30T14:34:55","modified_gmt":"2026-03-30T11:34:55","slug":"pustlant-ecopro-shprot-7cm-11g-s-g","status":"publish","type":"product","link":"https:\/\/e-kalastus.ee\/toode\/pustlant-ecopro-shprot-7cm-11g-s-g\/","title":{"rendered":"P\u00fcstlant EcoPro Shprot 70mm 11g #S\/G"},"content":{"rendered":"<p><\/p>\n<p data-end=\"439\" data-start=\"40\"><strong data-end=\"65\" data-start=\"40\">\u201cEco Pro Shprot\u201d lant<\/strong> on veel \u00fcks suur seeria talviseid vertikaalseid lante, mida toodab Venemaal kodumaine tootja Eco Pro kaubam\u00e4rgi all.<br data-end=\"185\" data-start=\"182\" \/><br \/>\nSeeriasse kuulub 41 erinevat mudelit, mis varieeruvad kaalu (5\u201315 g), suuruse ja v\u00e4rvitoonide poolest. Lant on pikliku, \u00fcmara kujuga ning meenutab v\u00e4limuselt v\u00e4ikest kala. Komplekti kuulub kolmik-konks, mille varrel on t\u00e4helepanu \u00e4ratav v\u00e4ike ere tilk.<\/p>\n<p data-end=\"626\" data-start=\"441\">Liikumisel v\u00f5tab lant horisontaalse asendi. Vajudes liigub see \u201ekuusekujuliselt\u201c, kergelt k\u00fclgedele kaldudes. Shprot-seeria landid on end suurep\u00e4raselt t\u00f5estanud ahvena ja koha p\u00fc\u00fcgiks.<\/p>\n<p><\/p>\n\n    <div class=\"xs_social_share_widget xs_share_url after_content \t\tmain_content  wslu-style-1 wslu-share-box-shaped wslu-fill-colored wslu-none wslu-share-horizontal wslu-theme-font-no wslu-main_content\">\n\n\t\t\n        <ul>\n\t\t\t        <\/ul>\n    <\/div>","protected":false},"excerpt":{"rendered":"<p>Eco Pro Shprot on talvine vertikaallant, mis j\u00e4ljendab v\u00e4ikest kala ning liigub vees loomuliku ja meelitava m\u00e4nguga. Sobib eriti h\u00e4sti ahvena ja koha p\u00fc\u00fcgiks.<\/p>\n","protected":false},"featured_media":67831,"template":"","meta":{"_uag_custom_page_level_css":""},"product_brand":[1539],"product_cat":[1470],"product_tag":[],"class_list":{"0":"post-24049","1":"product","2":"type-product","3":"status-publish","4":"has-post-thumbnail","6":"product_brand-ecopro","7":"product_cat-ecopro-p","8":"pa_brand-ecopro","10":"first","11":"instock","12":"taxable","13":"shipping-taxable","14":"purchasable","15":"product-type-simple"},"uagb_featured_image_src":{"full":["https:\/\/e-kalastus.b-cdn.net\/wp-content\/uploads\/2024\/07\/ecopro-shprot-90mm-18g-s-g.jpg",800,533,false],"thumbnail":["https:\/\/e-kalastus.b-cdn.net\/wp-content\/uploads\/2024\/07\/ecopro-shprot-90mm-18g-s-g-150x150.jpg",150,150,true],"medium":["https:\/\/e-kalastus.b-cdn.net\/wp-content\/uploads\/2024\/07\/ecopro-shprot-90mm-18g-s-g-300x300.jpg",300,300,true],"medium_large":["https:\/\/e-kalastus.b-cdn.net\/wp-content\/uploads\/2024\/07\/ecopro-shprot-90mm-18g-s-g-768x768.jpg",768,768,true],"large":["https:\/\/e-kalastus.b-cdn.net\/wp-content\/uploads\/2024\/07\/ecopro-shprot-90mm-18g-s-g-800x800.jpg",800,800,true],"1536x1536":["https:\/\/e-kalastus.b-cdn.net\/wp-content\/uploads\/2024\/07\/ecopro-shprot-90mm-18g-s-g.jpg",800,533,false],"2048x2048":["https:\/\/e-kalastus.b-cdn.net\/wp-content\/uploads\/2024\/07\/ecopro-shprot-90mm-18g-s-g.jpg",800,533,false],"woocommerce_thumbnail":["https:\/\/e-kalastus.b-cdn.net\/wp-content\/uploads\/2024\/07\/ecopro-shprot-90mm-18g-s-g-768x768.jpg",324,324,true],"woocommerce_single":["https:\/\/e-kalastus.b-cdn.net\/wp-content\/uploads\/2024\/07\/ecopro-shprot-90mm-18g-s-g.jpg",416,277,false],"woocommerce_gallery_thumbnail":["https:\/\/e-kalastus.b-cdn.net\/wp-content\/uploads\/2024\/07\/ecopro-shprot-90mm-18g-s-g-100x100.jpg",100,100,true]},"uagb_author_info":{"display_name":"adam.mrozek","author_link":"https:\/\/e-kalastus.ee\/author\/"},"uagb_comment_info":0,"uagb_excerpt":"Eco Pro Shprot on talvine vertikaallant, mis j\u00e4ljendab v\u00e4ikest kala ning liigub vees loomuliku ja meelitava m\u00e4nguga. Sobib eriti h\u00e4sti ahvena ja koha p\u00fc\u00fcgiks.","_links":{"self":[{"href":"https:\/\/e-kalastus.ee\/wp-json\/wp\/v2\/product\/24049","targetHints":{"allow":["GET"]}}],"collection":[{"href":"https:\/\/e-kalastus.ee\/wp-json\/wp\/v2\/product"}],"about":[{"href":"https:\/\/e-kalastus.ee\/wp-json\/wp\/v2\/types\/product"}],"wp:featuredmedia":[{"embeddable":true,"href":"https:\/\/e-kalastus.ee\/wp-json\/wp\/v2\/media\/67831"}],"wp:attachment":[{"href":"https:\/\/e-kalastus.ee\/wp-json\/wp\/v2\/media?parent=24049"}],"wp:term":[{"taxonomy":"product_brand","embeddable":true,"href":"https:\/\/e-kalastus.ee\/wp-json\/wp\/v2\/product_brand?post=24049"},{"taxonomy":"product_cat","embeddable":true,"href":"https:\/\/e-kalastus.ee\/wp-json\/wp\/v2\/product_cat?post=24049"},{"taxonomy":"product_tag","embeddable":true,"href":"https:\/\/e-kalastus.ee\/wp-json\/wp\/v2\/product_tag?post=24049"}],"curies":[{"name":"wp","href":"https:\/\/api.w.org\/{rel}","templated":true}]}}